{"id":760,"date":"2020-11-11T09:13:58","date_gmt":"2020-11-11T09:13:58","guid":{"rendered":"http:\/\/pauker.hu\/wordpress\/?page_id=760"},"modified":"2026-03-30T09:49:25","modified_gmt":"2026-03-30T09:49:25","slug":"aszf","status":"publish","type":"page","link":"https:\/\/pauker.hu\/en\/aszf\/","title":{"rendered":"GT&amp;C"},"content":{"rendered":"<div   class=\"vc_row wpb_row vc_row-fluid\">\n\t<div  class=\"vc_span12 wpb_column vc_column_container\"><div class=\"vc_column-inner\">\n\t\t<div class=\"wpb_wrapper\">\n\t\t\t<div class=\"heading_box_sc_ctn\" style=\"margin:0px 0px 50px;\"><div class=\"heading_box_sc\" style=\"border-color:rgba(0,0,0,0.01);\"><h3 style=\"border-color:#2c3e50; color:#2c3e50; background:#ffffff\">GT&amp;C<\/h3><\/div><\/div>\n\t<div class=\"wpb_text_column wpb_content_element   ct_i5jhniy9nq3e42y1pc3s\" >\n\t\t<div class=\"wpb_wrapper\" >\n\t\t\t<p>V\u00e1llalatunk minden megrendel\u00e9s teljes\u00edt\u00e9sekor \u2013 amennyiben k\u00fcl\u00f6n szerz\u0151d\u00e9s nem k\u00e9sz\u00fcl \u2013 a mindenkor \u00e9rv\u00e9nyben l\u00e9v\u0151, weboldalunkr\u00f3l szabadon let\u00f6lthet\u0151\u00a0<a href=\"https:\/\/pauker.hu\/wp-content\/uploads\/2026\/03\/ASZF2026.pdf\" target=\"_blank\" rel=\"noopener noreferrer\">\u00c1ltal\u00e1nos Szerz\u0151d\u00e9si Felt\u00e9telek (\u00c1SZF)<\/a>\u00a0szerint j\u00e1r el, \u00e9s felel\u0151ss\u00e9gv\u00e1llal\u00e1si k\u00f6telezetts\u00e9g\u00e9nek is ennek \u00e9rtelm\u00e9ben tesz eleget. K\u00e9rj\u00fck megrendel\u00e9s el\u0151tt, illetve esetleges reklam\u00e1ci\u00f3 eset\u00e9n figyelmesen tanulm\u00e1nyozza az \u00c1ltal\u00e1nos Szerz\u0151d\u00e9si Felt\u00e9teleinket.<\/p>\n<p>In the Pauker Printing House we pay special attention to controlling and keeping our service and product quality at the highest level. The outstanding quality is guaranteed by the operation of the company in line with its ISO 9001 certified system, the quality assurance requirements of the company and the continuous monitoring of their compliance with these.<\/p>\n<p>In case you have any comments or complaints in relation to the products or services of the Pauker Printing House, please contact our Colleagues immediately.<\/p>\n<p>Minden reklam\u00e1ci\u00f3 \u00e9s panasz min\u0151s\u00e9g\u00fcgyi vezet\u0151nk el\u00e9 ker\u00fcl, aki jegyz\u0151k\u00f6nyvezve megteszi a min\u0151s\u00e9gbiztos\u00edt\u00e1si \u00e9s ellen\u0151rz\u00e9si szab\u00e1lyzatunk szerinti sz\u00fcks\u00e9ges l\u00e9p\u00e9seket.<\/p>\n<p>According to our Quality assurance system each quality complaint shall be recorded, investigated and commented. As result of the commenting of the complaint we provide the opportunity for the complaining party to have the complaint assessed based on the inspection protocols, through negotiations agreeing on the method of taking responsibility.<\/p>\n\n\t\t<\/div> \n\t<\/div> \n\t\t<\/div> <\/div>\n\t<\/div> <\/div>","protected":false},"excerpt":{"rendered":"<p>\u00c1SZF V\u00e1llalatunk minden megrendel\u00e9s teljes\u00edt\u00e9sekor \u2013 amennyiben k\u00fcl\u00f6n szerz\u0151d\u00e9s nem k\u00e9sz\u00fcl \u2013 a mindenkor \u00e9rv\u00e9nyben l\u00e9v\u0151, weboldalunkr\u00f3l szabadon let\u00f6lthet\u0151\u00a0\u00c1ltal\u00e1nos Szerz\u0151d\u00e9si Felt\u00e9telek (\u00c1SZF)\u00a0szerint j\u00e1r el, \u00e9s felel\u0151ss\u00e9gv\u00e1llal\u00e1si k\u00f6telezetts\u00e9g\u00e9nek is ennek \u00e9rtelm\u00e9ben tesz eleget. K\u00e9rj\u00fck megrendel\u00e9s el\u0151tt, illetve esetleges reklam\u00e1ci\u00f3 eset\u00e9n figyelmesen tanulm\u00e1nyozza az \u00c1ltal\u00e1nos Szerz\u0151d\u00e9si Felt\u00e9teleinket. A Pauker Nyomd\u00e1ban kiemelt figyelmet ford\u00edtunk szolg\u00e1ltat\u00e1si- \u00e9s term\u00e9kmin\u0151s\u00e9g\u00fcnk kontrollj\u00e1ra,<br \/><a href=\"https:\/\/pauker.hu\/en\/aszf\/\" class=\"more\">Read more<\/a><\/p>","protected":false},"author":1,"featured_media":0,"parent":0,"menu_order":0,"comment_status":"closed","ping_status":"closed","template":"","meta":{"_sitemap_exclude":false,"_sitemap_priority":"","_sitemap_frequency":"","footnotes":""},"class_list":["post-760","page","type-page","status-publish","hentry"],"_links":{"self":[{"href":"https:\/\/pauker.hu\/en\/wp-json\/wp\/v2\/pages\/760","targetHints":{"allow":["GET"]}}],"collection":[{"href":"https:\/\/pauker.hu\/en\/wp-json\/wp\/v2\/pages"}],"about":[{"href":"https:\/\/pauker.hu\/en\/wp-json\/wp\/v2\/types\/page"}],"author":[{"embeddable":true,"href":"https:\/\/pauker.hu\/en\/wp-json\/wp\/v2\/users\/1"}],"replies":[{"embeddable":true,"href":"https:\/\/pauker.hu\/en\/wp-json\/wp\/v2\/comments?post=760"}],"version-history":[{"count":6,"href":"https:\/\/pauker.hu\/en\/wp-json\/wp\/v2\/pages\/760\/revisions"}],"predecessor-version":[{"id":2896,"href":"https:\/\/pauker.hu\/en\/wp-json\/wp\/v2\/pages\/760\/revisions\/2896"}],"wp:attachment":[{"href":"https:\/\/pauker.hu\/en\/wp-json\/wp\/v2\/media?parent=760"}],"curies":[{"name":"wp","href":"https:\/\/api.w.org\/{rel}","templated":true}]}}