{"id":35,"date":"2020-11-03T13:58:31","date_gmt":"2020-11-03T13:58:31","guid":{"rendered":"http:\/\/pauker.hu\/wordpress\/?page_id=35"},"modified":"2025-11-13T13:26:25","modified_gmt":"2025-11-13T13:26:25","slug":"contacts","status":"publish","type":"page","link":"https:\/\/pauker.hu\/en\/contacts\/","title":{"rendered":"Contact"},"content":{"rendered":"<div   class=\"vc_row wpb_row vc_row-fluid full-width-content\">\n\t<div  class=\"vc_span12 wpb_column vc_column_container\"><div class=\"vc_column-inner\">\n\t\t<div class=\"wpb_wrapper\">\n\t\t\t\n\t<div class=\"wpb_raw_code wpb_content_element wpb_raw_html\" >\n\t\t<div class=\"wpb_wrapper\">\n\t\t\t<iframe src=\"https:\/\/www.google.com\/maps\/embed?pb=!1m18!1m12!1m3!1d2692.071601468288!2d19.080114315918415!3d47.56639527918219!2m3!1f0!2f0!3f0!3m2!1i1024!2i768!4f13.1!3m3!1m2!1s0x4741da25384016b7%3A0x6ac6991fb5ad689c!2sBudapest%2C%20Baross%20u.%2011-15%2C%201047!5e0!3m2!1sen!2shu!4v1605027047238!5m2!1sen!2shu\" width=\"600\" height=\"550\" frameborder=\"0\" style=\"border:0;\" allowfullscreen=\"\" aria-hidden=\"false\" tabindex=\"0\"><\/iframe>\n\t\t<\/div>\n\t<\/div>\n\n\t\t<\/div> <\/div>\n\t<\/div> <\/div><div   class=\"vc_row wpb_row vc_row-fluid\">\n\t<div  class=\"vc_span12 wpb_column vc_column_container\"><div class=\"vc_column-inner\">\n\t\t<div class=\"wpb_wrapper\">\n\t\t\t<div class=\"heading_box_sc_ctn\" style=\"margin:0px 0px 50px;\"><div class=\"heading_box_sc\" style=\"border-color:rgba(0,0,0,0.01);\"><h3 style=\"border-color:#2c3e50; color:#2c3e50; background:#ffffff\">Contact<\/h3><\/div><\/div><div class=\"vc_row wpb_row vc_inner vc_row-fluid\"><div  class=\"wpb_column vc_column_container vc_span6\"><div class=\"vc_column-inner\" ><div class=\"wpb_wrapper\">\n\t<div class=\"wpb_text_column wpb_content_element   ct_9va38jm70yys3z8u4oxr\" >\n\t\t<div class=\"wpb_wrapper\" >\n\t\t\t<h3><strong>Pauker Holding Kft.<\/strong><\/h3>\n<p><strong>Address:<\/strong><br \/>\nH-1047 Budapest, Baross street 11-15.<br \/>\n<strong>Phone number:<\/strong><br \/>\n+36 1 272 22 90<br \/>\n<strong>Fax:<\/strong><br \/>\n+36 1 370 27 20<br \/>\n<strong>E-mail c\u00edm:<br \/>\n<\/strong><a href=\"mailto:nyomda@pauker.hu\">nyomda@pauker.hu<\/a><\/p>\n\n\t\t<\/div> \n\t<\/div> <\/div><\/div><\/div><div  class=\"wpb_column vc_column_container vc_span6\"><div class=\"vc_column-inner\" ><div class=\"wpb_wrapper\">\r\n\t<div class=\"rd_si_sc rd_si_big_rounded_trend\" id=\"rd_4h2twuk88j6f9tuvu7a5\">   \r\n\t\r\n\t                                                            <div id=\"yt\" class=\"\"> <a href=\"https:\/\/www.youtube.com\/channel\/UCErgF3nCjdrYpSLFJgCEo3A\" target=\"_blank\"><i class=\"fa fa-youtube\"><\/i><\/a><\/div>\r\n                                                                  <div id=\"lin\" class=\"\"> <a href=\"https:\/\/www.linkedin.com\/company\/pauker-holding\/\" target=\"_blank\"><i class=\"fa fa-linkedin\"><\/i><\/a><\/div>\r\n                                                                                          <div id=\"instagram\" class=\"\"> <a href=\"https:\/\/www.instagram.com\/paukernyomda\" target=\"_blank\" ><i class=\"fa fa-instagram\"><\/i><\/a><\/div>\r\n                              <div id=\"facebook\" class=\"\"> <a href=\"https:\/\/www.facebook.com\/paukernyomda\/\" target=\"_blank\" ><i class=\"fa fa-facebook\"><\/i><\/a><\/div>\r\n      \t                          \t  \r\n\t<\/div>\r\n\t \r\n\t <style type=\"text\/css\" >#rd_4h2twuk88j6f9tuvu7a5 {margin:0px auto 0px;}#rd_4h2twuk88j6f9tuvu7a5 div a{color:;}#rd_4h2twuk88j6f9tuvu7a5 div {width:25% ;}#rd_4h2twuk88j6f9tuvu7a5 div a{background:;}#rd_4h2twuk88j6f9tuvu7a5 div a:hover{color:!important;}<\/style><style type=\"text\/css\" >#b_z6j304u32sqbmcu17311 a{color:#00a1e3; background:; border-style:solid; border-color:#00a1e3; margin-top:0px; margin-bottom:0px;  margin-left:0px; margin-right:0px; font-weight:900; border-radius:0px;}#b_z6j304u32sqbmcu17311 a:hover{color:#ffffff ; background:#ff295a ; border-color:#ff295a;}<\/style><div class=\"ta_center tf_btn_pos\" id=\"b_z6j304u32sqbmcu17311\" ><a class=\"rd_stroke_bt xlarge_rd_bt border_1px  w-100\" href=\"mailto:nyomda@pauker.hu\" target=\"yes\"   >Send offer inquire<\/a><\/div><\/div><\/div><\/div><\/div>\n\t\t<\/div> <\/div>\n\t<\/div> <\/div><div   class=\"vc_row wpb_row vc_row-fluid\">\n\t<div  class=\"vc_span12 wpb_column vc_column_container\"><div class=\"vc_column-inner\">\n\t\t<div class=\"wpb_wrapper\">\n\t\t\t\n<div class=\"vc-zigzag-wrapper vc-zigzag-align-center\"><div class=\"vc-zigzag-inner\" style=\"width: 100%;min-height: 14px;background: 0 repeat-x url(&#039;data:image\/svg+xml;utf-8,%3C%3Fxml%20version%3D%221.0%22%20encoding%3D%22utf-8%22%3F%3E%3C%21DOCTYPE%20svg%20PUBLIC%20%22-%2F%2FW3C%2F%2FDTD%20SVG%201.1%2F%2FEN%22%20%22http%3A%2F%2Fwww.w3.org%2FGraphics%2FSVG%2F1.1%2FDTD%2Fsvg11.dtd%22%3E%3Csvg%20width%3D%2214px%22%20height%3D%2212px%22%20viewBox%3D%220%200%2018%2015%22%20version%3D%221.1%22%20xmlns%3D%22http%3A%2F%2Fwww.w3.org%2F2000%2Fsvg%22%20xmlns%3Axlink%3D%22http%3A%2F%2Fwww.w3.org%2F1999%2Fxlink%22%3E%3Cpolygon%20id%3D%22Combined-Shape%22%20fill%3D%22%23ebebeb%22%20points%3D%228.98762301%200%200%209.12771969%200%2014.519983%209%205.40479869%2018%2014.519983%2018%209.12771969%22%3E%3C%2Fpolygon%3E%3C%2Fsvg%3E&#039;);\"><\/div><\/div><div class=\"heading_box_sc_ctn\" style=\"margin:50px 0px 50px;\"><div class=\"heading_box_sc\" style=\"border-color:rgba(0,0,0,0.01);\"><h3 style=\"border-color:#2c3e50; color:#2c3e50; background:#ffffff\">Management<\/h3><\/div><\/div>\n\t\t<\/div> <\/div>\n\t<\/div> <\/div><div   class=\"vc_row wpb_row vc_row-fluid\">\n\t<div  class=\"vc_span6 wpb_column vc_column_container\"><div class=\"vc_column-inner vc_custom_1726839930709\">\n\t\t<div class=\"wpb_wrapper\">\n\t\t\t<div class=\"vc_row wpb_row vc_inner vc_row-fluid vc_custom_1719487703330 vc_row-has-fill vc_row-o-content-top vc_row-flex\"><div  class=\"wpb_column vc_column_container vc_span1\/5 vc_col-has-fill\"><div class=\"vc_column-inner  vc_custom_1719487941152\" ><div class=\"wpb_wrapper\">\r\n\t<div  class=\"wpb_single_image wpb_content_element vc_align_left  img_add_color\">\r\n\t\t<div class=\"wpb_wrapper\">\r\n\t\t\t\r\n\t\t\t<div class=\"vc_single_image-wrapper vc_box_circle  vc_box_border_grey\"><img decoding=\"async\" class=\"vc_single_image-img\" src=\"https:\/\/pauker.hu\/wp-content\/uploads\/2020\/11\/vertes_gabor-kapcsolat-150x150.jpg\" width=\"150\" height=\"150\" alt=\"vertes_gabor - kapcsolat\" title=\"vertes_gabor - kapcsolat\" \/><\/div>\r\n\t\t<\/div>\r\n\t<\/div>\r\n<\/div><\/div><\/div><div  class=\"wpb_column vc_column_container vc_span9\"><div class=\"vc_column-inner\" ><div class=\"wpb_wrapper\">\n\t<div class=\"wpb_text_column wpb_content_element   ct_2het5s1k06hfjqmt03su\" >\n\t\t<div class=\"wpb_wrapper\" >\n\t\t\t<h2>G\u00e1bor V\u00e9rtes<\/h2>\n<h3>(1962-2021)<\/h3>\n<p>alap\u00edt\u00f3 tulajdonos<\/p>\n\n\t\t<\/div> \n\t<\/div> <\/div><\/div><\/div><\/div>\n\t\t<\/div> <\/div>\n\t<\/div> \n\t<div  class=\"vc_span6 wpb_column vc_column_container\"><div class=\"vc_column-inner\">\n\t\t<div class=\"wpb_wrapper\">\n\t\t\t<div class=\"vc_row wpb_row vc_inner vc_row-fluid vc_row-o-content-top vc_row-flex\"><div  class=\"wpb_column vc_column_container vc_span1\/5\"><div class=\"vc_column-inner\" ><div class=\"wpb_wrapper\">\r\n\t<div  class=\"wpb_single_image wpb_content_element vc_align_left\">\r\n\t\t<div class=\"wpb_wrapper\">\r\n\t\t\t\r\n\t\t\t<div class=\"vc_single_image-wrapper vc_box_circle  vc_box_border_grey\"><img decoding=\"async\" class=\"vc_single_image-img\" src=\"https:\/\/pauker.hu\/wp-content\/uploads\/2023\/02\/dani_webre-150x150.jpg\" width=\"150\" height=\"150\" alt=\"dani_webre\" title=\"dani_webre\" \/><\/div>\r\n\t\t<\/div>\r\n\t<\/div>\r\n<\/div><\/div><\/div><div  class=\"wpb_column vc_column_container vc_span9\"><div class=\"vc_column-inner\" ><div class=\"wpb_wrapper\">\n\t<div class=\"wpb_text_column wpb_content_element   ct_u77uhjb86fzwtukcpgiy\" >\n\t\t<div class=\"wpb_wrapper\" >\n\t\t\t<h2>D\u00e1niel V\u00e9rtes<\/h2>\n<p>igazgat\u00f3<\/p>\n<p><strong>Mobile phone:<\/strong> +36 20 232 6921<br \/>\n<strong>E-mail: <a href=\"mailto:vertes.daniel@pauker-holding.hu\">vertes.daniel@pauker-holding.hu<\/a><\/strong><\/p>\n\n\t\t<\/div> \n\t<\/div> <\/div><\/div><\/div><\/div>\n\t\t<\/div> <\/div>\n\t<\/div> <\/div><div   class=\"vc_row wpb_row vc_row-fluid\">\n\t<div  class=\"vc_span12 wpb_column vc_column_container\"><div class=\"vc_column-inner\">\n\t\t<div class=\"wpb_wrapper\">\n\t\t\t<div class=\"vc_empty_space\"   style=\"height: 32px\"><span class=\"vc_empty_space_inner\"><\/span><\/div>\n\t\t<\/div> <\/div>\n\t<\/div> <\/div><div   class=\"vc_row wpb_row vc_row-fluid\">\n\t<div  class=\"vc_span6 wpb_column vc_column_container\"><div class=\"vc_column-inner\">\n\t\t<div class=\"wpb_wrapper\">\n\t\t\t<div class=\"vc_row wpb_row vc_inner vc_row-fluid vc_row-o-content-top vc_row-flex\"><div  class=\"wpb_column vc_column_container vc_span1\/5\"><div class=\"vc_column-inner\" ><div class=\"wpb_wrapper\">\r\n\t<div  class=\"wpb_single_image wpb_content_element vc_align_left\">\r\n\t\t<div class=\"wpb_wrapper\">\r\n\t\t\t\r\n\t\t\t<div class=\"vc_single_image-wrapper vc_box_circle  vc_box_border_grey\"><img decoding=\"async\" class=\"vc_single_image-img\" src=\"https:\/\/pauker.hu\/wp-content\/uploads\/2020\/11\/strausz_eva-kapcsolat.jpg\" width=\"100\" height=\"100\" alt=\"strausz_eva kapcsolat\" title=\"strausz_eva kapcsolat\" \/><\/div>\r\n\t\t<\/div>\r\n\t<\/div>\r\n<\/div><\/div><\/div><div  class=\"wpb_column vc_column_container vc_span9\"><div class=\"vc_column-inner\" ><div class=\"wpb_wrapper\">\n\t<div class=\"wpb_text_column wpb_content_element   ct_5llb9wlhcyk29rmrvu2p\" >\n\t\t<div class=\"wpb_wrapper\" >\n\t\t\t<h2>\u00c9va Strausz<\/h2>\n<p>Company Manager<\/p>\n<p><strong>Direct phone number:<\/strong> +36 1 272 22 95<br \/>\n<strong>Mobile phone:<\/strong> +36 20 928 95 72<br \/>\n<strong>E-mail: <a href=\"mailto:strausz.eva@pauker.hu\" target=\"_blank\" rel=\"noopener noreferrer\">strausz.eva@pauker.hu<\/a><\/strong><\/p>\n\n\t\t<\/div> \n\t<\/div> <\/div><\/div><\/div><\/div>\n\t\t<\/div> <\/div>\n\t<\/div> \n\t<div  class=\"vc_span6 wpb_column vc_column_container\"><div class=\"vc_column-inner\">\n\t\t<div class=\"wpb_wrapper\">\n\t\t\t<div class=\"vc_row wpb_row vc_inner vc_row-fluid vc_row-o-content-top vc_row-flex\"><div  class=\"wpb_column vc_column_container vc_span1\/5\"><div class=\"vc_column-inner\" ><div class=\"wpb_wrapper\">\r\n\t<div  class=\"wpb_single_image wpb_content_element vc_align_left\">\r\n\t\t<div class=\"wpb_wrapper\">\r\n\t\t\t\r\n\t\t\t<div class=\"vc_single_image-wrapper vc_box_circle  vc_box_border_grey\"><img loading=\"lazy\" decoding=\"async\" class=\"vc_single_image-img\" src=\"https:\/\/pauker.hu\/wp-content\/uploads\/2020\/11\/leisz_tamas-kapcsolat.jpg\" width=\"100\" height=\"100\" alt=\"leisz_tamas kapcsolat\" title=\"leisz_tamas kapcsolat\" \/><\/div>\r\n\t\t<\/div>\r\n\t<\/div>\r\n<\/div><\/div><\/div><div  class=\"wpb_column vc_column_container vc_span9\"><div class=\"vc_column-inner\" ><div class=\"wpb_wrapper\">\n\t<div class=\"wpb_text_column wpb_content_element   ct_9fu38dp9cw390mffm15q\" >\n\t\t<div class=\"wpb_wrapper\" >\n\t\t\t<h2>Tam\u00e1s Leisz<\/h2>\n<p>Production Manager<\/p>\n<p><strong>Direct phone number:<\/strong> +36 1 272 22 94<br \/>\n<strong>Mobile phone:<\/strong> +36 30 212 74 78<br \/>\n<strong>E-mail: <a href=\"mailto:leisz.tamas@pauker.hu\" target=\"_blank\" rel=\"noopener noreferrer\">leisz.tamas@pauker.hu<\/a><\/strong><\/p>\n\n\t\t<\/div> \n\t<\/div> <\/div><\/div><\/div><\/div>\n\t\t<\/div> <\/div>\n\t<\/div> <\/div>","protected":false},"excerpt":{"rendered":"<p>Kapcsolat Pauker Holding Kft. C\u00edm: 1047 Budapest, Baross utca 11-15. Telefonsz\u00e1m: +36 1 272 22 90 Fax: +36 1 370 27 20 E-mail c\u00edm: nyomda@pauker.hu K\u00e9rjen \u00e1raj\u00e1nlatot Menedzsment V\u00e9rtes G\u00e1bor (1962-2021) alap\u00edt\u00f3 tulajdonos V\u00e9rtes D\u00e1niel igazgat\u00f3 Mobil telefon: +36 20 232 6921 E-mail: vertes.daniel@pauker-holding.hu Strausz \u00c9va c\u00e9gvezet\u0151 K\u00f6zvetlen telefon: +36 1 272 22 95 Mobil<br \/><a href=\"https:\/\/pauker.hu\/en\/contacts\/\" class=\"more\">Read more<\/a><\/p>","protected":false},"author":1,"featured_media":0,"parent":0,"menu_order":0,"comment_status":"closed","ping_status":"closed","template":"","meta":{"_sitemap_exclude":false,"_sitemap_priority":"","_sitemap_frequency":"","footnotes":""},"class_list":["post-35","page","type-page","status-publish","hentry"],"_links":{"self":[{"href":"https:\/\/pauker.hu\/en\/wp-json\/wp\/v2\/pages\/35","targetHints":{"allow":["GET"]}}],"collection":[{"href":"https:\/\/pauker.hu\/en\/wp-json\/wp\/v2\/pages"}],"about":[{"href":"https:\/\/pauker.hu\/en\/wp-json\/wp\/v2\/types\/page"}],"author":[{"embeddable":true,"href":"https:\/\/pauker.hu\/en\/wp-json\/wp\/v2\/users\/1"}],"replies":[{"embeddable":true,"href":"https:\/\/pauker.hu\/en\/wp-json\/wp\/v2\/comments?post=35"}],"version-history":[{"count":113,"href":"https:\/\/pauker.hu\/en\/wp-json\/wp\/v2\/pages\/35\/revisions"}],"predecessor-version":[{"id":2875,"href":"https:\/\/pauker.hu\/en\/wp-json\/wp\/v2\/pages\/35\/revisions\/2875"}],"wp:attachment":[{"href":"https:\/\/pauker.hu\/en\/wp-json\/wp\/v2\/media?parent=35"}],"curies":[{"name":"wp","href":"https:\/\/api.w.org\/{rel}","templated":true}]}}