{"id":303,"date":"2020-11-09T14:22:59","date_gmt":"2020-11-09T14:22:59","guid":{"rendered":"http:\/\/pauker.hu\/wordpress\/?page_id=303"},"modified":"2020-11-11T10:40:23","modified_gmt":"2020-11-11T10:40:23","slug":"kfi_16-1-2017-0069","status":"publish","type":"page","link":"https:\/\/pauker.hu\/en\/kfi_16-1-2017-0069\/","title":{"rendered":"KFI_16-1-2017-0069"},"content":{"rendered":"<div   class=\"vc_row wpb_row vc_row-fluid\">\n\t<div  class=\"vc_span12 wpb_column vc_column_container\"><div class=\"vc_column-inner\">\n\t\t<div class=\"wpb_wrapper\">\n\t\t\t<div class=\"heading_box_sc_ctn\" style=\"margin:0px 0px 50px;\"><div class=\"heading_box_sc\" style=\"border-color:rgba(0,0,0,0.01);\"><h3 style=\"border-color:#2c3e50; color:#2c3e50; background:#ffffff\">KFI_16-1-2017-0069<\/h3><\/div><\/div>\n\t\t<\/div> <\/div>\n\t<\/div> <\/div><div   class=\"vc_row wpb_row vc_row-fluid\">\n\t<div  class=\"vc_span4 wpb_column vc_column_container\"><div class=\"vc_column-inner\">\n\t\t<div class=\"wpb_wrapper\">\n\t\t\t\r\n\t<div  class=\"wpb_single_image wpb_content_element vc_align_left\">\r\n\t\t<div class=\"wpb_wrapper\">\r\n\t\t\t\r\n\t\t\t<div class=\"vc_single_image-wrapper   vc_box_border_grey\"><img fetchpriority=\"high\" decoding=\"async\" width=\"1307\" height=\"590\" src=\"https:\/\/pauker.hu\/wp-content\/uploads\/2020\/11\/kfi.jpg\" class=\"vc_single_image-img attachment-full\" alt=\"\" srcset=\"https:\/\/pauker.hu\/wp-content\/uploads\/2020\/11\/kfi.jpg 1307w, https:\/\/pauker.hu\/wp-content\/uploads\/2020\/11\/kfi-300x135.jpg 300w, https:\/\/pauker.hu\/wp-content\/uploads\/2020\/11\/kfi-1024x462.jpg 1024w, https:\/\/pauker.hu\/wp-content\/uploads\/2020\/11\/kfi-768x347.jpg 768w, https:\/\/pauker.hu\/wp-content\/uploads\/2020\/11\/kfi-18x8.jpg 18w\" sizes=\"(max-width: 1307px) 100vw, 1307px\" \/><\/div>\r\n\t\t<\/div>\r\n\t<\/div>\r\n\n\t\t<\/div> <\/div>\n\t<\/div> \n\t<div  class=\"vc_span8 wpb_column vc_column_container\"><div class=\"vc_column-inner\">\n\t\t<div class=\"wpb_wrapper\">\n\t\t\t\n\t<div class=\"wpb_text_column wpb_content_element   ct_c9puvdmwkh987rly3vhl\" >\n\t\t<div class=\"wpb_wrapper\" >\n\t\t\t<h2>Projekt r\u00e9szletez\u00e9se:<\/h2>\n<p>A projekt azonos\u00edt\u00f3 sz\u00e1ma:\u00a0<b>KFI_16-1-2017-0069<\/b><br \/>\nKedvezm\u00e9nyezett neve:\u00a0<b>PAUKER HOLDING Kft.<\/b><br \/>\nProjekt c\u00edme:\u00a0<b>Optim\u00e1lis kihaszn\u00e1lts\u00e1got biztos\u00edt\u00f3 nyomdai technol\u00f3gia fejleszt\u00e9se intelligens gy\u00e1rt\u00f3cell\u00e1k kialak\u00edt\u00e1s\u00e1val<\/b><br \/>\nSzerz\u0151d\u00f6tt t\u00e1mogat\u00e1s \u00f6sszege:\u00a0<b>382.087.500 Ft<\/b><br \/>\nT\u00e1mogat\u00e1s m\u00e9rt\u00e9ke:\u00a0<b>62,45 %<\/b><br \/>\nA projekt tervezett befejez\u00e9si d\u00e1tuma:\u00a0<b>2019. 12. 31.<\/b><\/p>\n<h2>Projekt le\u00edr\u00e1sa<\/h2>\n<p>A PAUKER HOLDING Kft. 382 milli\u00f3 forintot meghalad\u00f3 vissza nem t\u00e9r\u00edtend\u0151 t\u00e1mogat\u00e1st nyert el a \u201eV\u00e1llalatok K+F+I tev\u00e9kenys\u00e9g\u00e9nek t\u00e1mogat\u00e1sa\u201d c\u00edm\u0171 p\u00e1ly\u00e1zati ki\u00edr\u00e1son. A k\u00f6zel 612 milli\u00f3 forint \u00f6sszk\u00f6lts\u00e9gvet\u00e9s\u0171 beruh\u00e1z\u00e1sb\u00f3l nyomdai technol\u00f3gia fejleszt\u00e9se val\u00f3sul meg. A projekt eredm\u00e9nyterm\u00e9ke kifejezetten a heterog\u00e9n nyomdai g\u00e9pparkokhoz haszn\u00e1lhat\u00f3 intelligens adatgy\u0171jt\u0151, kommunik\u00e1ci\u00f3s \u00e9s vez\u00e9rl\u0151 technol\u00f3gia kialak\u00edt\u00e1sa, amely k\u00e9pes adatokat \u00e1tvenni a c\u00e9gek ERP rendszer\u00e9b\u0151l \u00e9s az automatikusan gy\u0171jt\u00f6tt gy\u00e1rt\u00e1si adatok ki\u00e9rt\u00e9kel\u00e9s\u00e9vel k\u00e9pes optimaliz\u00e1l\u00e1si feladatok elv\u00e9gz\u00e9s\u00e9re \u00e9s a gy\u00e1rt\u00f3cell\u00e1k m\u0171k\u00f6d\u00e9s\u00e9nek m\u00f3dos\u00edt\u00e1s\u00e1ra. A projekt eredm\u00e9nyeinek a nyomdaipari szakter\u00fcletre gyakorolt hat\u00e1sa jelent\u0151s lehet, hiszen olyan integr\u00e1lt termel\u00e9sfel\u00fcgyel\u0151 \u00e9s g\u00e9pfel\u00fcgyel\u0151 rendszer kialak\u00edt\u00e1s\u00e1t teszi lehet\u0151v\u00e9, amely egyr\u00e9szt az egyes gy\u00e1rt\u00f3cell\u00e1k termel\u00e9si adatait r\u00f6gz\u00edti \u00e9s elemzi, m\u00e1sr\u00e9szt az integr\u00e1lt termel\u00e9si folyamatokban alkalmazott heterog\u00e9n gy\u00e1rt\u00f3cell\u00e1k \u00f6sszehangol\u00e1s\u00e1t biztos\u00edtja. A fejleszt\u00e9s p\u00e9lda\u00e9rt\u00e9k\u0171 lehet a hazai \u00e9s nemzetk\u00f6zi nyomdaipar sz\u00e1m\u00e1ra is. A rendszer m\u0171k\u00f6dtet\u00e9se sor\u00e1n keletkez\u0151 adatok elemz\u00e9se szervez\u00e9studom\u00e1nyi szempontb\u00f3l is hasznos alapot biztos\u00edthatnak tov\u00e1bbi technol\u00f3giai innov\u00e1ci\u00f3knak.<\/p>\n\n\t\t<\/div> \n\t<\/div> \n\t\t<\/div> <\/div>\n\t<\/div> <\/div>","protected":false},"excerpt":{"rendered":"<p>KFI_16-1-2017-0069 Projekt r\u00e9szletez\u00e9se: A projekt azonos\u00edt\u00f3 sz\u00e1ma:\u00a0KFI_16-1-2017-0069 Kedvezm\u00e9nyezett neve:\u00a0PAUKER HOLDING Kft. Projekt c\u00edme:\u00a0Optim\u00e1lis kihaszn\u00e1lts\u00e1got biztos\u00edt\u00f3 nyomdai technol\u00f3gia fejleszt\u00e9se intelligens gy\u00e1rt\u00f3cell\u00e1k kialak\u00edt\u00e1s\u00e1val Szerz\u0151d\u00f6tt t\u00e1mogat\u00e1s \u00f6sszege:\u00a0382.087.500 Ft T\u00e1mogat\u00e1s m\u00e9rt\u00e9ke:\u00a062,45 % A projekt tervezett befejez\u00e9si d\u00e1tuma:\u00a02019. 12. 31. Projekt le\u00edr\u00e1sa A PAUKER HOLDING Kft. 382 milli\u00f3 forintot meghalad\u00f3 vissza nem t\u00e9r\u00edtend\u0151 t\u00e1mogat\u00e1st nyert el a \u201eV\u00e1llalatok K+F+I tev\u00e9kenys\u00e9g\u00e9nek<br \/><a href=\"https:\/\/pauker.hu\/en\/kfi_16-1-2017-0069\/\" class=\"more\">Read more<\/a><\/p>","protected":false},"author":1,"featured_media":0,"parent":0,"menu_order":0,"comment_status":"closed","ping_status":"closed","template":"","meta":{"_sitemap_exclude":false,"_sitemap_priority":"","_sitemap_frequency":"","footnotes":""},"class_list":["post-303","page","type-page","status-publish","hentry"],"_links":{"self":[{"href":"https:\/\/pauker.hu\/en\/wp-json\/wp\/v2\/pages\/303","targetHints":{"allow":["GET"]}}],"collection":[{"href":"https:\/\/pauker.hu\/en\/wp-json\/wp\/v2\/pages"}],"about":[{"href":"https:\/\/pauker.hu\/en\/wp-json\/wp\/v2\/types\/page"}],"author":[{"embeddable":true,"href":"https:\/\/pauker.hu\/en\/wp-json\/wp\/v2\/users\/1"}],"replies":[{"embeddable":true,"href":"https:\/\/pauker.hu\/en\/wp-json\/wp\/v2\/comments?post=303"}],"version-history":[{"count":2,"href":"https:\/\/pauker.hu\/en\/wp-json\/wp\/v2\/pages\/303\/revisions"}],"predecessor-version":[{"id":806,"href":"https:\/\/pauker.hu\/en\/wp-json\/wp\/v2\/pages\/303\/revisions\/806"}],"wp:attachment":[{"href":"https:\/\/pauker.hu\/en\/wp-json\/wp\/v2\/media?parent=303"}],"curies":[{"name":"wp","href":"https:\/\/api.w.org\/{rel}","templated":true}]}}