{"id":29,"date":"2020-11-03T13:55:45","date_gmt":"2020-11-03T13:55:45","guid":{"rendered":"http:\/\/pauker.hu\/wordpress\/?page_id=29"},"modified":"2020-11-24T20:03:17","modified_gmt":"2020-11-24T20:03:17","slug":"awards","status":"publish","type":"page","link":"https:\/\/pauker.hu\/en\/awards\/","title":{"rendered":"Our awards"},"content":{"rendered":"<div   class=\"vc_row wpb_row vc_row-fluid\">\n\t<div  class=\"vc_span12 wpb_column vc_column_container\"><div class=\"vc_column-inner\">\n\t\t<div class=\"wpb_wrapper\">\n\t\t\t<div class=\"heading_box_sc_ctn\" style=\"margin:0px 0px 50px;\"><div class=\"heading_box_sc\" style=\"border-color:rgba(0,0,0,0.01);\"><h3 style=\"border-color:#2c3e50; color:#2c3e50; background:#ffffff\">Our awards<\/h3><\/div><\/div>\n\t\t<\/div> <\/div>\n\t<\/div> <\/div><div   class=\"vc_row wpb_row vc_row-fluid\">\n\t<div  class=\"vc_span4 wpb_column vc_column_container\"><div class=\"vc_column-inner\">\n\t\t<div class=\"wpb_wrapper\">\n\t\t\t\r\n\t<div  class=\"wpb_single_image wpb_content_element vc_align_center    h-150\">\r\n\t\t<div class=\"wpb_wrapper\">\r\n\t\t\t\r\n\t\t\t<div class=\"vc_single_image-wrapper   vc_box_border_grey\"><img decoding=\"async\" class=\"vc_single_image-img\" src=\"https:\/\/pauker.hu\/wp-content\/uploads\/2020\/11\/superbrands-267x150.jpg\" width=\"267\" height=\"150\" alt=\"BSB_10-11-12-13-14-15-16\" title=\"BSB_10-11-12-13-14-15-16\" \/><\/div>\r\n\t\t<\/div>\r\n\t<\/div>\r\n\n\t<div class=\"wpb_text_column wpb_content_element   ct_2be36y1mg2gk0mjporwh\" >\n\t\t<div class=\"wpb_wrapper\" >\n\t\t\t<h3><strong>The Superbrands award<\/strong><\/h3>\n<p>We are proud that each year since 2009 the Pauker Printing House has won the most prestigious award of Hungarian business brands, the Superbrands award. The Superbrands trademark isa quality indicatingcommunication tool, raising awareness and confirming decisions in each case, it enables the brand to stand out from the competitors and provides opportunities for the reliable quality to become a success story. Today this award is not only an alignment point for the marketing and communication profession but also a true acknowledgment representing value and quality for a wider audience.<\/p>\n\n\t\t<\/div> \n\t<\/div> \n\t\t<\/div> <\/div>\n\t<\/div> \n\t<div  class=\"vc_span4 wpb_column vc_column_container\"><div class=\"vc_column-inner\">\n\t\t<div class=\"wpb_wrapper\">\n\t\t\t\r\n\t<div  class=\"wpb_single_image wpb_content_element vc_align_center    h-150\">\r\n\t\t<div class=\"wpb_wrapper\">\r\n\t\t\t\r\n\t\t\t<div class=\"vc_single_image-wrapper   vc_box_border_grey\"><img fetchpriority=\"high\" decoding=\"async\" class=\"vc_single_image-img\" src=\"https:\/\/pauker.hu\/wp-content\/uploads\/2020\/11\/magyar-brands-349x150.jpg\" width=\"349\" height=\"150\" alt=\"MB_tobbszoros_logo_5x_10_11_12_13_14\" title=\"MB_tobbszoros_logo_5x_10_11_12_13_14\" \/><\/div>\r\n\t\t<\/div>\r\n\t<\/div>\r\n\n\t<div class=\"wpb_text_column wpb_content_element   ct_lx8p7g141ll38c596p4v\" >\n\t\t<div class=\"wpb_wrapper\" >\n\t\t\t<h3><strong>MagyarBrands award<\/strong><\/h3>\n<p>It is an extraordinary acknowledgment for the Pauker Printing House to have won the Magyar Brands award each year since 2011. This award is given to Hungarian companies that can remarkably represent Hungary abroad as well.The values linked to the brand of the Magyar Brands transmit an evident message in the domestic and international markets, through which the reliability and recognition of the products can grow in the eyes of the business partners.<\/p>\n\n\t\t<\/div> \n\t<\/div> \n\t\t<\/div> <\/div>\n\t<\/div> \n\t<div  class=\"vc_span4 wpb_column vc_column_container\"><div class=\"vc_column-inner\">\n\t\t<div class=\"wpb_wrapper\">\n\t\t\t\r\n\t<div  class=\"wpb_single_image wpb_content_element vc_align_center    h-150\">\r\n\t\t<div class=\"wpb_wrapper\">\r\n\t\t\t\r\n\t\t\t<div class=\"vc_single_image-wrapper   vc_box_border_grey\"><img decoding=\"async\" class=\"vc_single_image-img\" src=\"https:\/\/pauker.hu\/wp-content\/uploads\/2020\/11\/best-print-scaled-217x150.jpg\" width=\"217\" height=\"150\" alt=\"Untitled-2\" title=\"Untitled-2\" \/><\/div>\r\n\t\t<\/div>\r\n\t<\/div>\r\n\n\t<div class=\"wpb_text_column wpb_content_element   ct_unulmpawuoj511omahq7\" >\n\t\t<div class=\"wpb_wrapper\" >\n\t\t\t<h3><strong>BestPrint award<\/strong><\/h3>\n<p>As one of the leading printing houses of Hungary we find it crucial to challenge ourselves professionally from time to time. One of the best ways to do it is entering the BestPrint competition organized by the Hungary Printing and Paper Industry Association, awarding the entering printing houses in many categories. In 2016 we took home the goldmedalin 2 categories (multi-color cardboard book and single color hardcover book) and won the grand prize in the Finishing category, out of the 3 grand prizes.<\/p>\n\n\t\t<\/div> \n\t<\/div> \n\t\t<\/div> <\/div>\n\t<\/div> <\/div>","protected":false},"excerpt":{"rendered":"<p>D\u00edjaink Superbrands-d\u00edj B\u00fcszk\u00e9k vagyunk r\u00e1, hogy 2009 \u00f3ta a Pauker Nyomda minden \u00e9vben elnyeri a magyarorsz\u00e1gi \u00fczleti m\u00e1rk\u00e1k legn\u00edv\u00f3sabb elismer\u00e9s\u00e9t, a Superbrands-d\u00edjat. A Superbrands v\u00e9djegy minden esetben min\u0151s\u00e9gjelz\u0151, tudatoss\u00e1gra nevel\u0151, valamint d\u00f6nt\u00e9smeger\u0151s\u00edt\u0151 kommunik\u00e1ci\u00f3s eszk\u00f6z, seg\u00edt a versenyt\u00e1rsak k\u00f6z\u00fcl kit\u0171nni, \u00e9s lehet\u0151s\u00e9geket ny\u00fajt a megb\u00edzhat\u00f3 min\u0151s\u00e9g sikert\u00f6rt\u00e9nett\u00e9 v\u00e1l\u00e1s\u00e1ban. Ez a d\u00edj m\u00e1ra m\u00e1r nem csak a<br \/><a href=\"https:\/\/pauker.hu\/en\/awards\/\" class=\"more\">Read more<\/a><\/p>","protected":false},"author":1,"featured_media":0,"parent":0,"menu_order":0,"comment_status":"closed","ping_status":"closed","template":"","meta":{"_sitemap_exclude":false,"_sitemap_priority":"","_sitemap_frequency":"","footnotes":""},"class_list":["post-29","page","type-page","status-publish","hentry"],"_links":{"self":[{"href":"https:\/\/pauker.hu\/en\/wp-json\/wp\/v2\/pages\/29","targetHints":{"allow":["GET"]}}],"collection":[{"href":"https:\/\/pauker.hu\/en\/wp-json\/wp\/v2\/pages"}],"about":[{"href":"https:\/\/pauker.hu\/en\/wp-json\/wp\/v2\/types\/page"}],"author":[{"embeddable":true,"href":"https:\/\/pauker.hu\/en\/wp-json\/wp\/v2\/users\/1"}],"replies":[{"embeddable":true,"href":"https:\/\/pauker.hu\/en\/wp-json\/wp\/v2\/comments?post=29"}],"version-history":[{"count":18,"href":"https:\/\/pauker.hu\/en\/wp-json\/wp\/v2\/pages\/29\/revisions"}],"predecessor-version":[{"id":977,"href":"https:\/\/pauker.hu\/en\/wp-json\/wp\/v2\/pages\/29\/revisions\/977"}],"wp:attachment":[{"href":"https:\/\/pauker.hu\/en\/wp-json\/wp\/v2\/media?parent=29"}],"curies":[{"name":"wp","href":"https:\/\/api.w.org\/{rel}","templated":true}]}}