{"id":27,"date":"2020-11-03T13:55:16","date_gmt":"2020-11-03T13:55:16","guid":{"rendered":"http:\/\/pauker.hu\/wordpress\/?page_id=27"},"modified":"2025-03-10T10:39:35","modified_gmt":"2025-03-10T10:39:35","slug":"certificates","status":"publish","type":"page","link":"https:\/\/pauker.hu\/en\/certificates\/","title":{"rendered":"Our Certifications"},"content":{"rendered":"<div   class=\"vc_row wpb_row vc_row-fluid\">\n\t<div  class=\"vc_span12 wpb_column vc_column_container\"><div class=\"vc_column-inner\">\n\t\t<div class=\"wpb_wrapper\">\n\t\t\t<div class=\"heading_box_sc_ctn\" style=\"margin:0px 0px 50px;\"><div class=\"heading_box_sc\" style=\"border-color:rgba(0,0,0,0.01);\"><h3 style=\"border-color:#2c3e50; color:#2c3e50; background:#ffffff\">Our Certifications<\/h3><\/div><\/div>\n\t\t<\/div> <\/div>\n\t<\/div> <\/div><div   class=\"vc_row wpb_row vc_row-fluid\">\n\t<div  class=\"vc_span12 wpb_column vc_column_container\"><div class=\"vc_column-inner\">\n\t\t<div class=\"wpb_wrapper\">\n\t\t\t\n\t<div class=\"wpb_text_column wpb_content_element   ct_iwt2srtx1ithzh4ypvc2\" >\n\t\t<div class=\"wpb_wrapper\" >\n\t\t\t<p>The Pauker Printing House could not have become one of the leading printing houses ofHungary without considering high quality as an important factor. This is why we perform our printing works in compliance with international certification standards, thus ensuring for our Customers and for ourselves that the printing materials produced by us are perfect.<\/p>\n<hr style=\"clear: both; margin-bottom: 50px;\" \/>\n<p>A Pauker Nyomda sz\u00e1m\u00e1ra a k\u00f6rnyezetv\u00e9delem nem r\u00e9szfeladat, hanem k\u00fcldet\u00e9s. \u00c9ppen ez\u00e9rt szerezt\u00fck meg Magyarorsz\u00e1gon az els\u0151k k\u00f6z\u00f6tt az FSC\u00ae Tan\u00fas\u00edtv\u00e1nyt, melynek c\u00e9lja a felel\u0151s erd\u0151gazd\u00e1lkod\u00e1s t\u00e1mogat\u00e1sa.<\/p>\n<p style=\"text-align: justify;\"><img decoding=\"async\" class=\"alignleft wp-image-2860 size-medium\" src=\"https:\/\/pauker.hu\/wp-content\/uploads\/2025\/03\/FSC_C113463_MIX_Paper_Landscape_GreenOnWhite_r_xEwetF-1-300x122.jpeg\" alt=\"\" width=\"300\" height=\"122\" \/>Az FSC\u00ae \u00e1ltal akkredit\u00e1lt f\u00fcggetlen tan\u00fas\u00edt\u00f3 szervezetek v\u00e9djegyet adnak a megfelel\u0151 erd\u0151gazd\u00e1lkod\u00e1s\u00e9rt, valamint a tan\u00fas\u00edtott f\u00e1b\u00f3l k\u00e9sz\u00fclt anyagok (pl. pap\u00edr) mozg\u00e1s\u00e1nak pontos \u00e9s k\u00f6vethet\u0151 nyilv\u00e1ntart\u00e1s\u00e1\u00e9rt, az \u00fan. eredetk\u00f6vet\u00e9si l\u00e1nc fenntart\u00e1s\u00e1\u00e9rt. A min\u0151s\u00edt\u00e9s garant\u00e1lja, hogy az adott term\u00e9k olyan erd\u0151gazdas\u00e1gb\u00f3l sz\u00e1rmazik, ahol a kitermel\u00e9s \u00e9s az erd\u0151 \u00fajratelep\u00edt\u00e9se sor\u00e1n figyelembe veszik a biodiverzit\u00e1st \u00e9s az \u00f6kol\u00f3giai egyens\u00faly fenntart\u00e1s\u00e1t. Ahhoz, hogy \u00d6n is haszn\u00e1lhassa az FSC\u00ae log\u00f3t nem el\u00e9g felel\u0151s forr\u00e1sb\u00f3l sz\u00e1rmaz\u00f3 pap\u00edrt haszn\u00e1lnia, FSC\u00ae min\u0151s\u00edt\u00e9ssel rendelkez\u0151 nyomd\u00e1val kell dolgozni \u2212 amilyen a Pauker Nyomda is.<\/p>\n<p>&nbsp;<\/p>\n<p>&nbsp;<\/p>\n<p style=\"text-align: justify;\"><strong><img decoding=\"async\" class=\"alignleft wp-image-502\" style=\"margin-bottom: 50px;\" src=\"http:\/\/pauker.hu\/wordpress\/wp-content\/uploads\/2020\/11\/ISO9001.jpg\" alt=\"\" width=\"150\" height=\"207\" srcset=\"https:\/\/pauker.hu\/wp-content\/uploads\/2020\/11\/ISO9001.jpg 182w, https:\/\/pauker.hu\/wp-content\/uploads\/2020\/11\/ISO9001-9x12.jpg 9w\" sizes=\"(max-width: 150px) 100vw, 150px\" \/>ISO 9001:2009 certificate<\/strong>\u00a0\u2013 The compliance with high quality requirements has always been significantly important for the Pauker Printing House. For this reason we perform our printing work processes in compliance with the requirements of the ISO 9001 audited quality assurance system. This way we can always guarantee the highest quality service for our Customers.<\/p>\n<hr style=\"clear: both; margin-bottom: 50px;\" \/>\n<p style=\"text-align: justify;\"><strong><img decoding=\"async\" class=\"wp-image-503 alignleft\" style=\"margin-bottom: 50px;\" src=\"http:\/\/pauker.hu\/wordpress\/wp-content\/uploads\/2020\/11\/ISO14001-217x300.jpg\" alt=\"\" width=\"150\" height=\"207\" srcset=\"https:\/\/pauker.hu\/wp-content\/uploads\/2020\/11\/ISO14001-217x300.jpg 217w, https:\/\/pauker.hu\/wp-content\/uploads\/2020\/11\/ISO14001-9x12.jpg 9w, https:\/\/pauker.hu\/wp-content\/uploads\/2020\/11\/ISO14001.jpg 227w\" sizes=\"(max-width: 150px) 100vw, 150px\" \/>ISO 14001:2004 certificate<\/strong>\u00a0\u2013 Environmental protection is not only a task, but a mission for the Pauker Printing House.For this reason the company puts agreat emphasis on the compliance with environmental protection requirements, we perform our printing works according to the environmental management standard.<\/p>\n<hr style=\"clear: both; margin-bottom: 50px;\" \/>\n<p style=\"text-align: justify;\"><strong><img loading=\"lazy\" decoding=\"async\" class=\"alignleft wp-image-501\" style=\"margin-bottom: 50px;\" src=\"http:\/\/pauker.hu\/wordpress\/wp-content\/uploads\/2020\/11\/mnyt_3szin_1280x800-300x172.jpg\" alt=\"\" width=\"150\" height=\"86\" srcset=\"https:\/\/pauker.hu\/wp-content\/uploads\/2020\/11\/mnyt_3szin_1280x800-300x172.jpg 300w, https:\/\/pauker.hu\/wp-content\/uploads\/2020\/11\/mnyt_3szin_1280x800-18x10.jpg 18w, https:\/\/pauker.hu\/wp-content\/uploads\/2020\/11\/mnyt_3szin_1280x800.jpg 328w\" sizes=\"(max-width: 150px) 100vw, 150px\" \/>Hungarian Printing Product Trademark<\/strong>\u00a0- The Hungarian Printing Product trademark certifiesfor the Consumer that the manufacturer prepared the product in the highest quality that can be expected of itby giving the best of its knowledge. Furthermore it certifies that the company operates in accordance with laws and normal business behavioural rules and it can be tracked down at any time as it is a member of the Association. Last but not least, it informs the Consumer that the product was produced in a Hungarian printing house.<br \/>\nThe Hungarian Printed Product logo is the exclusive intellectual property of the Hungary Printing and Paper Industry Association that can be used by the Pauker Printing House upon the permission of the Association and incompliance with the rules of the policy.<\/p>\n\n\t\t<\/div> \n\t<\/div> \n\t\t<\/div> <\/div>\n\t<\/div> <\/div>","protected":false},"excerpt":{"rendered":"<p>Tan\u00fas\u00edtv\u00e1nyaink A Pauker Nyomda nem n\u0151hette volna ki mag\u00e1t Magyarorsz\u00e1g egyik vezet\u0151 nyomd\u00e1j\u00e1v\u00e1 an\u00e9lk\u00fcl, hogy ne tartotta volna fontosnak a magas min\u0151s\u00e9get. \u00c9ppen ez\u00e9rt munk\u00e1nkat nemzetk\u00f6zi tan\u00fas\u00edtv\u00e1nyok krit\u00e9riumainak megfelelve v\u00e9gezz\u00fck, \u00edgy biztos\u00edtjuk \u00fcgyfeleink valamint saj\u00e1t magunk sz\u00e1m\u00e1ra azt, hogy a n\u00e1lunk k\u00e9sz\u00fcl\u0151 nyomdai anyagok t\u00f6k\u00e9letesek legyenek. A Pauker Nyomda sz\u00e1m\u00e1ra a k\u00f6rnyezetv\u00e9delem nem r\u00e9szfeladat, hanem<br \/><a href=\"https:\/\/pauker.hu\/en\/certificates\/\" class=\"more\">Read more<\/a><\/p>","protected":false},"author":1,"featured_media":0,"parent":0,"menu_order":0,"comment_status":"closed","ping_status":"closed","template":"","meta":{"_sitemap_exclude":false,"_sitemap_priority":"","_sitemap_frequency":"","footnotes":""},"class_list":["post-27","page","type-page","status-publish","hentry"],"_links":{"self":[{"href":"https:\/\/pauker.hu\/en\/wp-json\/wp\/v2\/pages\/27","targetHints":{"allow":["GET"]}}],"collection":[{"href":"https:\/\/pauker.hu\/en\/wp-json\/wp\/v2\/pages"}],"about":[{"href":"https:\/\/pauker.hu\/en\/wp-json\/wp\/v2\/types\/page"}],"author":[{"embeddable":true,"href":"https:\/\/pauker.hu\/en\/wp-json\/wp\/v2\/users\/1"}],"replies":[{"embeddable":true,"href":"https:\/\/pauker.hu\/en\/wp-json\/wp\/v2\/comments?post=27"}],"version-history":[{"count":25,"href":"https:\/\/pauker.hu\/en\/wp-json\/wp\/v2\/pages\/27\/revisions"}],"predecessor-version":[{"id":494,"href":"https:\/\/pauker.hu\/en\/wp-json\/wp\/v2\/pages\/27\/revisions\/494"}],"wp:attachment":[{"href":"https:\/\/pauker.hu\/en\/wp-json\/wp\/v2\/media?parent=27"}],"curies":[{"name":"wp","href":"https:\/\/api.w.org\/{rel}","templated":true}]}}