{"id":1362,"date":"2023-03-29T13:19:19","date_gmt":"2023-03-29T13:19:19","guid":{"rendered":"https:\/\/pauker.hu\/?page_id=1362"},"modified":"2023-04-04T07:26:47","modified_gmt":"2023-04-04T07:26:47","slug":"rfid-kiadvany_azonositas","status":"publish","type":"page","link":"https:\/\/pauker.hu\/en\/rfid-kiadvany_azonositas\/","title":{"rendered":"RfID alap\u00fa kiadv\u00e1ny azonos\u00edt\u00e1s"},"content":{"rendered":"<div   class=\"vc_row wpb_row vc_row-fluid  \">\n\t<div  class=\"vc_span12 wpb_column vc_column_container \"><div class=\"vc_column-inner \">\n\t\t<div class=\"wpb_wrapper\">\n\t\t\t\n\t<div class=\"wpb_text_column wpb_content_element  rda_fadeIn ct_zavxjl7xyees1vabpybm\" >\n\t\t<div class=\"wpb_wrapper\" >\n\t\t\t<h1><span style=\"color: #333333;\">RFID alap\u00fa kiadv\u00e1ny azonos\u00edt\u00e1s<\/span><\/h1>\n\n\t\t<\/div> \n\t<\/div> <div class=\"vc_empty_space\"   style=\"height: 32px\"><span class=\"vc_empty_space_inner\"><\/span><\/div>\n\t\t<\/div> <\/div>\n\t<\/div> <\/div><div   class=\"vc_row wpb_row vc_row-fluid  \">\n\t<div  class=\"vc_span8 wpb_column vc_column_container \"><div class=\"vc_column-inner \">\n\t\t<div class=\"wpb_wrapper\">\n\t\t\t\n\t<div class=\"wpb_text_column wpb_content_element  rda_fadeInLeft ct_i9e6h8v71qmsouyt3yce\" >\n\t\t<div class=\"wpb_wrapper\" >\n\t\t\t<p>\u201eSPE nyomdaipari term\u00e9kek el\u0151\u00e1ll\u00edt\u00e1s\u00e1t lehet\u0151v\u00e9 tev\u0151 gy\u00e1rt\u00e1stechnol\u00f3gia \u00e9s szolg\u00e1ltat\u00e1s kifejleszt\u00e9se <strong>RFID <\/strong>\u00e9s elektrokromatikus modulok integr\u00e1l\u00e1s\u00e1val\u201d c\u00edm\u0171 projekt\u00fcnk eredm\u00e9nyek\u00e9nt el\u00e9rhet\u0151v\u00e9 v\u00e1lt c\u00e9g\u00fcnkn\u00e9l az az \u00faj technol\u00f3gia, amelynek seg\u00edts\u00e9g\u00e9vel a k\u00f6t\u00e9szeti folyamatba hat\u00e9konyan integr\u00e1l\u00e1sra ker\u00fclhet az <strong>RFID tagek automatikus adagol\u00e1sa \u00e9s felragaszt\u00e1sa<\/strong>.<\/p>\n<p>A projekt\u00fcnk sor\u00e1n elk\u00e9sz\u00fclt megold\u00e1s r\u00e9sz\u00e9t k\u00e9pezi a m\u0171anyag fed\u0151r\u00e9teg\u0171, \u00f6ntapad\u00f3s UHF IC adagol\u00e1s\u00e1t v\u00e9gz\u0151 egyedi berendez\u00e9s, az <strong>RFID azonos\u00edt\u00f3k<\/strong> t\u00e1rol\u00e1s\u00e1t \u00e9s <strong>kiadv\u00e1nyokkal val\u00f3 \u00f6sszerendel\u00e9s\u00e9t t\u00e1mogat\u00f3 SPE k\u00f6zponti rendszer<\/strong>, valamint a technol\u00f3gia, amely az <strong>RFID tagek<\/strong> k\u00f6nyvgy\u00e1rt\u00e1sba t\u00f6rt\u00e9n\u0151 integr\u00e1lt alkalmaz\u00e1s\u00e1t teszi lehet\u0151v\u00e9. A m\u0171anyag fed\u0151r\u00e9teg\u0171, \u00f6ntapad\u00f3s <strong>UHF IC adagol\u00e1s\u00e1t v\u00e9gz\u0151 egyedi berendez\u00e9s a gy\u00e1rt\u00e1si folyamatba illesztve<\/strong> <strong>alkalmas az RFID tagek bor\u00edt\u00f3ba t\u00f6rt\u00e9n\u0151 elhelyez\u00e9si folyamat\u00e1t teljes m\u00e9rt\u00e9kben automatiz\u00e1lni. Az SPE k\u00f6zponti rendszer integr\u00e1l\u00e1sra ker\u00fclt a berendez\u00e9ssel, \u00edgy az RFID tagek felragaszt\u00e1s\u00e1val azok k\u00f6zponti rendszerbe t\u00f6rt\u00e9n\u0151 regisztr\u00e1l\u00e1sa is automatikusan megt\u00f6rt\u00e9nik.<\/strong><\/p>\n\n\t\t<\/div> \n\t<\/div> \n\t\t<\/div> <\/div>\n\t<\/div> \n\t<div  class=\"vc_span4 wpb_column vc_column_container \"><div class=\"vc_column-inner \">\n\t\t<div class=\"wpb_wrapper\">\n\t\t\t\r\n\t<div  class=\"wpb_single_image wpb_content_element vc_align_right rda_fadeInRight\">\r\n\t\t<div class=\"wpb_wrapper\">\r\n\t\t\t\r\n\t\t\t<a class=\"prettyphoto\" rel=\"prettyPhoto[rel-1362-1876679034]\" href=\"https:\/\/pauker.hu\/wp-content\/uploads\/2023\/03\/machine_rfid-1024x825.jpg\" target=\"_self\"><div class=\"vc_single_image-wrapper   vc_box_border_grey\"><img fetchpriority=\"high\" decoding=\"async\" class=\"vc_single_image-img \" src=\"https:\/\/pauker.hu\/wp-content\/uploads\/2023\/03\/machine_rfid-500x350.jpg\" width=\"500\" height=\"350\" alt=\"machine_rfid\" title=\"machine_rfid\" \/><\/div><\/a>\r\n\t\t<\/div>\r\n\t<\/div>\r\n\n\t\t<\/div> <\/div>\n\t<\/div> <\/div><div   class=\"vc_row wpb_row vc_row-fluid  \">\n\t<div  class=\"vc_span6 wpb_column vc_column_container \"><div class=\"vc_column-inner \">\n\t\t<div class=\"wpb_wrapper\">\n\t\t\t<style type=\"text\/css\" >#rand_h06bkoqgoa5w80qpbgwh {margin-top:120px; margin-bottom:0px; }<\/style><style type=\"text\/css\" >#rand_h06bkoqgoa5w80qpbgwh {padding-left:0; padding-right:0; }<\/style><style type=\"text\/css\" >#rand_h06bkoqgoa5w80qpbgwh:hover .icon_circle i{color:#4ad600 !important;}#rand_h06bkoqgoa5w80qpbgwh:hover .icon_circle{background:#2d3e50 !important; border:4px solid #4ad600!important;}<\/style> <style type='text\/css'> @font-face{font-family: 'ion'; src:url('https:\/\/pauker.hu\/wp-content\/themes\/thefox\/includes\/4k-icons\/icons\/4k-icons-pack03\/icons\/fonts\/ion.eot'); src:url('https:\/\/pauker.hu\/wp-content\/themes\/thefox\/includes\/4k-icons\/icons\/4k-icons-pack03\/icons\/fonts\/ion.eot?#iefix') format('embedded-opentype'), url('https:\/\/pauker.hu\/wp-content\/themes\/thefox\/includes\/4k-icons\/icons\/4k-icons-pack03\/icons\/fonts\/ion.woff') format('woff'), url('https:\/\/pauker.hu\/wp-content\/themes\/thefox\/includes\/4k-icons\/icons\/4k-icons-pack03\/icons\/fonts\/ion.ttf') format('truetype'), url('https:\/\/pauker.hu\/wp-content\/themes\/thefox\/includes\/4k-icons\/icons\/4k-icons-pack03\/icons\/fonts\/ion.svg#oi') format('svg'); font-weight: normal; font-style: normal;}#rand_h06bkoqgoa5w80qpbgwh .ion-android-book:before{font-family: 'ion'; font-weight: normal; font-style: normal;}#rand_h06bkoqgoa5w80qpbgwh .ion-android-book:before{content: \"\\e80c\";}<\/style>\n<div id=\"rand_h06bkoqgoa5w80qpbgwh\" class=\"icon_box2_alt rda_fadeInLeft\" style=\"background:rgba(0,0,0,0); border:1px solid rgba(0,0,0,0); \"><div class=\"icon_circle\" style=\"background-color:#4ad600;\"><i class=\"ion-android-book\" ><\/i><\/div><h3 style=\"color:;\" >RFID alap\u00fa kiadv\u00e1ny azonos\u00edt\u00e1s I.<\/h3><p style=\"color:;\" ><strong>Nyomdai szolg\u00e1ltat\u00e1s<\/strong><\/p>\n<p>Kiad\u00f3i, terjeszt\u0151i \u00e9s nagykereskedelmi partnereink nyomdai szolg\u00e1ltat\u00e1saink mell\u00e9 ig\u00e9nyelhetik RFID azonos\u00edt\u00f3 tagek legy\u00e1rtott kiadv\u00e1nyokba t\u00f6rt\u00e9n\u0151 elhelyez\u00e9s\u00e9t.<\/p>\n<p>Ezt a szolg\u00e1ltat\u00e1st azon \u00fcgyfeleinknek aj\u00e1nljuk, akik rendelkeznek RFID olvas\u00f3 megold\u00e1sokkal \u00e9s olyan k\u00e9szletkezel\u0151 alkalmaz\u00e1ssal, amely az RFID azonos\u00edt\u00f3k kezel\u00e9s\u00e9re fel van k\u00e9sz\u00edtve.<\/p><\/div>\n\t\t<\/div> <\/div>\n\t<\/div> \n\t<div  class=\"vc_span6 wpb_column vc_column_container \"><div class=\"vc_column-inner \">\n\t\t<div class=\"wpb_wrapper\">\n\t\t\t<style type=\"text\/css\" >#rand_nn4jjx063443zelervs8 {margin-top:120px; margin-bottom:0px; }<\/style><style type=\"text\/css\" >#rand_nn4jjx063443zelervs8 {padding-left:0; padding-right:0; }<\/style><style type=\"text\/css\" >#rand_nn4jjx063443zelervs8:hover .icon_circle i{color:#0089f2 !important;}#rand_nn4jjx063443zelervs8:hover .icon_circle{background:#2d3e50 !important; border:4px solid #0089f2!important;}<\/style> <style type='text\/css'> @font-face{font-family: 'ion'; src:url('https:\/\/pauker.hu\/wp-content\/themes\/thefox\/includes\/4k-icons\/icons\/4k-icons-pack03\/icons\/fonts\/ion.eot'); src:url('https:\/\/pauker.hu\/wp-content\/themes\/thefox\/includes\/4k-icons\/icons\/4k-icons-pack03\/icons\/fonts\/ion.eot?#iefix') format('embedded-opentype'), url('https:\/\/pauker.hu\/wp-content\/themes\/thefox\/includes\/4k-icons\/icons\/4k-icons-pack03\/icons\/fonts\/ion.woff') format('woff'), url('https:\/\/pauker.hu\/wp-content\/themes\/thefox\/includes\/4k-icons\/icons\/4k-icons-pack03\/icons\/fonts\/ion.ttf') format('truetype'), url('https:\/\/pauker.hu\/wp-content\/themes\/thefox\/includes\/4k-icons\/icons\/4k-icons-pack03\/icons\/fonts\/ion.svg#oi') format('svg'); font-weight: normal; font-style: normal;}#rand_nn4jjx063443zelervs8 .ion-earth:before{font-family: 'ion'; font-weight: normal; font-style: normal;}#rand_nn4jjx063443zelervs8 .ion-earth:before{content: \"\\e88a\";}<\/style>\n<div id=\"rand_nn4jjx063443zelervs8\" class=\"icon_box2_alt rda_fadeInRight\" style=\"background:rgba(0,0,0,0); border:1px solid rgba(0,0,0,0); \"><div class=\"icon_circle\" style=\"background-color:#0089f2;\"><i class=\"ion-earth\" ><\/i><\/div><h3 style=\"color:;\" >RFID alap\u00fa kiadv\u00e1ny azonos\u00edt\u00e1s II.<\/h3><p style=\"color:;\" ><strong>Nyomdai \u00e9s informatikai szolg\u00e1ltat\u00e1s<\/strong><\/p>\n<p>Olyan kiad\u00f3i, terjeszt\u0151i \u00e9s nagykereskedelmi partnereink, akik nem rendelkeznek a megfelel\u0151 informatikai megold\u00e1sokkal, melyek lehet\u0151v\u00e9 tenn\u00e9k a kiadv\u00e1nyokba integr\u00e1lt RFID azonos\u00edt\u00f3k megfelel\u0151 kezel\u00e9st egy b\u0151v\u00edtett, informatikai megold\u00e1sokat is tartalmaz\u00f3 szolg\u00e1ltat\u00e1s csomagot is tudunk aj\u00e1nlani. Sz\u00e1mukra biztos\u00edtani tudjuk a sz\u00fcks\u00e9ges szoftveres \u00e9s hardveres megold\u00e1sokat is.<\/p><\/div>\n\t\t<\/div> <\/div>\n\t<\/div> <\/div><div   class=\"vc_row wpb_row vc_row-fluid  \">\n\t<div  class=\"vc_span12 wpb_column vc_column_container \"><div class=\"vc_column-inner \">\n\t\t<div class=\"wpb_wrapper\">\n\t\t\t\n\t<div class=\"wpb_text_column wpb_content_element  rda_fadeInDown ct_97nsq2won4acmey9ev3h\" >\n\t\t<div class=\"wpb_wrapper\" >\n\t\t\t<h1><span style=\"color: #333333;\">A c\u00e9g\u00fcnk \u00e1ltal kialak\u00edtott \u00e9s alkalmazott nyomdai \u00e9s informatikai technol\u00f3gia ir\u00e1nt \u00e9rdekl\u0151d\u0151 nyomd\u00e1k sz\u00e1m\u00e1ra gy\u00e1rt\u00f3i bemutat\u00f3 lehet\u0151s\u00e9g\u00e9t is biztos\u00edtjuk!<\/span><\/h1>\n\n\t\t<\/div> \n\t<\/div> \n\t\t<\/div> <\/div>\n\t<\/div> <\/div><div   class=\"vc_row wpb_row vc_row-fluid  \">\n\t<div  class=\"vc_span8 wpb_column vc_column_container \"><div class=\"vc_column-inner \">\n\t\t<div class=\"wpb_wrapper\">\n\t\t\t\n\t<div class=\"wpb_text_column wpb_content_element  rda_fadeInLeft ct_ir80cybathsvsenzxoxs\" >\n\t\t<div class=\"wpb_wrapper\" >\n\t\t\t<p>Az innovat\u00edv SPE nyomdai gy\u00e1rt\u00e1stechnol\u00f3gia \u00e9s szolg\u00e1ltat\u00e1s egy olyan a k\u00f6t\u00e9szeti folyamat\u00e1ba integr\u00e1lhat\u00f3 technol\u00f3gia, melynek seg\u00edts\u00e9g\u00e9vel <strong>egyedi RFID azonos\u00edt\u00f3kkal l\u00e1thatjuk el<\/strong> a k\u00e9sz\u00edtett kiadv\u00e1nyokat. (Az azonos\u00edt\u00f3 tagek a kiadv\u00e1nyok bor\u00edt\u00f3j\u00e1nak gerinc\u00e9be ker\u00fclnek elhelyez\u00e9sre.)<\/p>\n<p>A nyomdai technol\u00f3gia \u00e1ltal biztos\u00edtott el\u0151ny\u00f6k:<\/p>\n<ul>\n<li>az azonos\u00edt\u00f3 tagek automatikusan ker\u00fclnek behelyez\u00e9sre a kiadv\u00e1nyok bor\u00edt\u00f3j\u00e1ba<\/li>\n<li>a technol\u00f3gia nem csak kem\u00e9ny, de puha k\u00f6t\u00e9s\u0171 kiadv\u00e1nyok eset\u00e9ben is alkalmazhat\u00f3<\/li>\n<li>az integr\u00e1lt olvas\u00f3 biztos\u00edtja, hogy a kiadv\u00e1nyokba ne ker\u00fclhessen s\u00e9r\u00fclt, nem m\u0171k\u00f6d\u0151 tag<\/li>\n<li>a gerincben val\u00f3 elhelyez\u00e9s biztos\u00edtja a legmagasabb hat\u00e9konys\u00e1g\u00fa leolvas\u00e1st ak\u00e1r k\u00f6tegelt leolvas\u00e1s eset\u00e9n is<\/li>\n<\/ul>\n<p>A technol\u00f3gi\u00e1ba integr\u00e1lt informatikai megold\u00e1s seg\u00edts\u00e9g\u00e9vel tudjuk az RFID azonos\u00edt\u00f3kat nyilv\u00e1ntartani \u00e9s azokat kiadv\u00e1nyokhoz rendelni. Az SPE k\u00f6zponti rendszer \u00e9s a c\u00edmk\u00e9z\u0151 berendez\u00e9s integr\u00e1ci\u00f3ja r\u00e9v\u00e9n a bor\u00edt\u00f3ba helyezett azonos\u00edt\u00f3k egyb\u0151l, automatikusan tov\u00e1bb\u00edt\u00e1sra ker\u00fclnek a webes alkalmaz\u00e1sba.<\/p>\n<p><strong>A rendszer ig\u00e9ny szerint kieg\u00e9sz\u00edthet\u0151 a csomagol\u00e1st, sz\u00e1ll\u00edt\u00e1st, rakt\u00e1roz\u00e1st t\u00e1mogat\u00f3 RFID olvas\u00f3 vagy adatgy\u0171jt\u0151 megold\u00e1sokkal. (pl. k\u00e9zi olvas\u00f3, olvas\u00f3 kapu, vagy alag\u00fat)<\/strong><\/p>\n<p>A rendszer nyomdai alkalmaz\u00e1sa nem ig\u00e9nyli \u00faj kompetenci\u00e1k kialak\u00edt\u00e1s\u00e1t a nyomd\u00e1n\u00e1l. Mind a c\u00edmk\u00e9z\u0151 berendez\u00e9s, mind a szoftveres alkalmaz\u00e1s haszn\u00e1lata k\u00f6nnyen elsaj\u00e1t\u00edthat\u00f3.<\/p>\n\n\t\t<\/div> \n\t<\/div> \n\t\t<\/div> <\/div>\n\t<\/div> \n\t<div  class=\"vc_span4 wpb_column vc_column_container \"><div class=\"vc_column-inner \">\n\t\t<div class=\"wpb_wrapper\">\n\t\t\t\r\n\t<div  class=\"wpb_single_image wpb_content_element vc_align_right rda_fadeInRight\">\r\n\t\t<div class=\"wpb_wrapper\">\r\n\t\t\t\r\n\t\t\t<div class=\"vc_single_image-wrapper   vc_box_border_grey\"><img decoding=\"async\" class=\"vc_single_image-img \" src=\"https:\/\/pauker.hu\/wp-content\/uploads\/2023\/03\/rfid_blue-scaled-350x500.jpg\" width=\"350\" height=\"500\" alt=\"rfid_blue\" title=\"rfid_blue\" \/><\/div>\r\n\t\t<\/div>\r\n\t<\/div>\r\n\n\t\t<\/div> <\/div>\n\t<\/div> <\/div><div   class=\"vc_row wpb_row vc_row-fluid  \">\n\t<div  class=\"vc_span12 wpb_column vc_column_container \"><div class=\"vc_column-inner \">\n\t\t<div class=\"wpb_wrapper\">\n\t\t\t<div class=\"vc_empty_space\"   style=\"height: 32px\"><span class=\"vc_empty_space_inner\"><\/span><\/div>\n\t\t<\/div> <\/div>\n\t<\/div> <\/div><div   class=\"vc_row wpb_row vc_row-fluid  \">\n\t<div  class=\"vc_span12 wpb_column vc_column_container \"><div class=\"vc_column-inner \">\n\t\t<div class=\"wpb_wrapper\">\n\t\t\t<div class=\"vc_empty_space\"   style=\"height: 32px\"><span class=\"vc_empty_space_inner\"><\/span><\/div>\n\t<div class=\"wpb_text_column wpb_content_element  rda_fadeInDown ct_auagomie67h6oy6glby9\" >\n\t\t<div class=\"wpb_wrapper\" >\n\t\t\t<h1><span style=\"color: #0091e5;\">K\u00e9rjen szem\u00e9lyre szabott aj\u00e1nlatot<\/span><\/h1>\n\n\t\t<\/div> \n\t<\/div> \n\t\t<\/div> <\/div>\n\t<\/div> <\/div><div   class=\"vc_row wpb_row vc_row-fluid  \">\n\t<div  class=\"vc_span4 wpb_column vc_column_container \"><div class=\"vc_column-inner \">\n\t\t<div class=\"wpb_wrapper\">\n\t\t\t\r\n\t<div  class=\"wpb_single_image wpb_content_element vc_align_center rda_fadeInLeft\">\r\n\t\t<div class=\"wpb_wrapper\">\r\n\t\t\t\r\n\t\t\t<div class=\"vc_single_image-wrapper   vc_box_border_grey\"><img decoding=\"async\" class=\"vc_single_image-img \" src=\"https:\/\/pauker.hu\/wp-content\/uploads\/2023\/03\/01_tag_pic-200x200.png\" width=\"200\" height=\"200\" alt=\"01_tag_pic\" title=\"01_tag_pic\" \/><\/div>\r\n\t\t<\/div>\r\n\t<\/div>\r\n\n\t<div class=\"wpb_text_column wpb_content_element  rda_fadeInLeft ct_mg5o77hc0wg3immgqh99\" >\n\t\t<div class=\"wpb_wrapper\" >\n\t\t\t<p style=\"text-align: center;\">Integr\u00e1ltasson RfID Tag-et term\u00e9k\u00e9be, ipari mennyis\u00e9gben \u00e9s sebess\u00e9ggel!<\/p>\n\n\t\t<\/div> \n\t<\/div> \n\t\t<\/div> <\/div>\n\t<\/div> \n\t<div  class=\"vc_span4 wpb_column vc_column_container \"><div class=\"vc_column-inner \">\n\t\t<div class=\"wpb_wrapper\">\n\t\t\t\r\n\t<div  class=\"wpb_single_image wpb_content_element vc_align_center rda_fadeInDown\">\r\n\t\t<div class=\"wpb_wrapper\">\r\n\t\t\t\r\n\t\t\t<div class=\"vc_single_image-wrapper   vc_box_border_grey\"><img loading=\"lazy\" decoding=\"async\" class=\"vc_single_image-img \" src=\"https:\/\/pauker.hu\/wp-content\/uploads\/2023\/03\/01_reader_pic-200x200.png\" width=\"200\" height=\"200\" alt=\"01_reader_pic\" title=\"01_reader_pic\" \/><\/div>\r\n\t\t<\/div>\r\n\t<\/div>\r\n\n\t<div class=\"wpb_text_column wpb_content_element  rda_fadeInUp ct_npo0jg2wzb1f1l2lme99\" >\n\t\t<div class=\"wpb_wrapper\" >\n\t\t\t<p style=\"text-align: center;\">Azonos\u00edtsa term\u00e9k\u00e9t k\u00e9zi leolvas\u00f3, vagy azonos\u00edt\u00f3 kapu seg\u00edts\u00e9g\u00e9vel!<\/p>\n\n\t\t<\/div> \n\t<\/div> \n\t\t<\/div> <\/div>\n\t<\/div> \n\t<div  class=\"vc_span4 wpb_column vc_column_container \"><div class=\"vc_column-inner \">\n\t\t<div class=\"wpb_wrapper\">\n\t\t\t\r\n\t<div  class=\"wpb_single_image wpb_content_element vc_align_center rda_fadeInRight\">\r\n\t\t<div class=\"wpb_wrapper\">\r\n\t\t\t\r\n\t\t\t<div class=\"vc_single_image-wrapper   vc_box_border_grey\"><img loading=\"lazy\" decoding=\"async\" class=\"vc_single_image-img \" src=\"https:\/\/pauker.hu\/wp-content\/uploads\/2023\/03\/01_database_pic-200x200.png\" width=\"200\" height=\"200\" alt=\"01_database_pic\" title=\"01_database_pic\" \/><\/div>\r\n\t\t<\/div>\r\n\t<\/div>\r\n\n\t<div class=\"wpb_text_column wpb_content_element  rda_fadeInRight ct_m5b8ipylhrgypwlzck2t\" >\n\t\t<div class=\"wpb_wrapper\" >\n\t\t\t<p style=\"text-align: center;\">T\u00e1rolja \u00e9s dolgozza fel a leolvasott adatokat egy webes alkalmaz\u00e1sban!<\/p>\n\n\t\t<\/div> \n\t<\/div> \n\t\t<\/div> <\/div>\n\t<\/div> <\/div><div   class=\"vc_row wpb_row vc_row-fluid  \">\n\t<div  class=\"vc_span12 wpb_column vc_column_container \"><div class=\"vc_column-inner \">\n\t\t<div class=\"wpb_wrapper\">\n\t\t\t<div class=\"vc_empty_space\"   style=\"height: 32px\"><span class=\"vc_empty_space_inner\"><\/span><\/div>\n\t\t<\/div> <\/div>\n\t<\/div> <\/div><div   class=\"vc_row wpb_row vc_row-fluid  \">\n\t<div  class=\"vc_span8 wpb_column vc_column_container \"><div class=\"vc_column-inner \">\n\t\t<div class=\"wpb_wrapper\">\n\t\t\t\n\t<div class=\"wpb_text_column wpb_content_element   ct_p6zz00rxsla36h72z4ky\" >\n\t\t<div class=\"wpb_wrapper\" >\n\t\t\t<p><span style=\"color: #0091e5;\">K\u00e9rj\u00fck, az &#8222;Aj\u00e1nlat k\u00e9r\u00e9se&#8221; gomb megnyom\u00e1s\u00e1val \u00edrjon sz\u00e1munkra \u00e9s felvessz\u00fck \u00d6nnel a kapcsolatot.<\/span><\/p>\n\n\t\t<\/div> \n\t<\/div> \n\t\t<\/div> <\/div>\n\t<\/div> \n\t<div  class=\"vc_span4 wpb_column vc_column_container \"><div class=\"vc_column-inner \">\n\t\t<div class=\"wpb_wrapper\">\n\t\t\t<style type=\"text\/css\" >#b_0q9ps6pi5f6x4mo53n8r a{color:#ffffff; background:#0091e5; margin-top:0px; margin-bottom:0px;  margin-left:0px; margin-right:0px; font-weight:900; border-radius:0pxpx;}#b_0q9ps6pi5f6x4mo53n8r a:hover{color:#ffffff ; background:#0079d6 ;}<\/style><div class=\"ta_right tf_btn_pos\" id=\"b_0q9ps6pi5f6x4mo53n8r\" ><a class=\"rd_normal_bt mediumlarge_rd_bt rda_fadeInRight \" href=\"mailto:rfid@pauker-holding.hu\" target=\"yes\"   >Aj\u00e1nlat k\u00e9r\u00e9se<\/a><\/div>\n\t\t<\/div> <\/div>\n\t<\/div> <\/div><div   class=\"vc_row wpb_row vc_row-fluid  \">\n\t<div  class=\"vc_span12 wpb_column vc_column_container \"><div class=\"vc_column-inner \">\n\t\t<div class=\"wpb_wrapper\">\n\t\t\t<div class=\"vc_empty_space\"   style=\"height: 32px\"><span class=\"vc_empty_space_inner\"><\/span><\/div>\n\t\t<\/div> <\/div>\n\t<\/div> <\/div>\n","protected":false},"excerpt":{"rendered":"<p>RFID alap\u00fa kiadv\u00e1ny azonos\u00edt\u00e1s \u201eSPE nyomdaipari term\u00e9kek el\u0151\u00e1ll\u00edt\u00e1s\u00e1t lehet\u0151v\u00e9 tev\u0151 gy\u00e1rt\u00e1stechnol\u00f3gia \u00e9s szolg\u00e1ltat\u00e1s kifejleszt\u00e9se RFID \u00e9s elektrokromatikus modulok integr\u00e1l\u00e1s\u00e1val\u201d c\u00edm\u0171 projekt\u00fcnk eredm\u00e9nyek\u00e9nt el\u00e9rhet\u0151v\u00e9 v\u00e1lt c\u00e9g\u00fcnkn\u00e9l az az \u00faj technol\u00f3gia, amelynek seg\u00edts\u00e9g\u00e9vel a k\u00f6t\u00e9szeti folyamatba hat\u00e9konyan integr\u00e1l\u00e1sra ker\u00fclhet az RFID tagek automatikus adagol\u00e1sa \u00e9s felragaszt\u00e1sa. A projekt\u00fcnk sor\u00e1n elk\u00e9sz\u00fclt megold\u00e1s r\u00e9sz\u00e9t k\u00e9pezi a m\u0171anyag fed\u0151r\u00e9teg\u0171, \u00f6ntapad\u00f3s<br \/><a href=\"https:\/\/pauker.hu\/en\/rfid-kiadvany_azonositas\/\" class=\"more\">Read more<\/a><\/p>","protected":false},"author":1,"featured_media":0,"parent":0,"menu_order":0,"comment_status":"closed","ping_status":"closed","template":"","meta":{"_sitemap_exclude":false,"_sitemap_priority":"","_sitemap_frequency":"","footnotes":""},"class_list":["post-1362","page","type-page","status-publish","hentry"],"_links":{"self":[{"href":"https:\/\/pauker.hu\/en\/wp-json\/wp\/v2\/pages\/1362","targetHints":{"allow":["GET"]}}],"collection":[{"href":"https:\/\/pauker.hu\/en\/wp-json\/wp\/v2\/pages"}],"about":[{"href":"https:\/\/pauker.hu\/en\/wp-json\/wp\/v2\/types\/page"}],"author":[{"embeddable":true,"href":"https:\/\/pauker.hu\/en\/wp-json\/wp\/v2\/users\/1"}],"replies":[{"embeddable":true,"href":"https:\/\/pauker.hu\/en\/wp-json\/wp\/v2\/comments?post=1362"}],"version-history":[{"count":46,"href":"https:\/\/pauker.hu\/en\/wp-json\/wp\/v2\/pages\/1362\/revisions"}],"predecessor-version":[{"id":1464,"href":"https:\/\/pauker.hu\/en\/wp-json\/wp\/v2\/pages\/1362\/revisions\/1464"}],"wp:attachment":[{"href":"https:\/\/pauker.hu\/en\/wp-json\/wp\/v2\/media?parent=1362"}],"curies":[{"name":"wp","href":"https:\/\/api.w.org\/{rel}","templated":true}]}}