{"id":986,"date":"2020-12-01T11:16:23","date_gmt":"2020-12-01T11:16:23","guid":{"rendered":"https:\/\/pauker.hu\/?page_id=986"},"modified":"2021-12-03T11:39:25","modified_gmt":"2021-12-03T11:39:25","slug":"evkonyv","status":"publish","type":"page","link":"https:\/\/pauker.hu\/de\/evkonyv\/","title":{"rendered":"\u00c9vk\u00f6nyv"},"content":{"rendered":"<div   class=\"vc_row wpb_row vc_row-fluid  \">\n\t<div  class=\"vc_span12 wpb_column vc_column_container \"><div class=\"vc_column-inner \">\n\t\t<div class=\"wpb_wrapper\">\n\t\t\t\r\n\t<div  class=\"wpb_single_image wpb_content_element vc_align_center\">\r\n\t\t<div class=\"wpb_wrapper\">\r\n\t\t\t\r\n\t\t\t<div class=\"vc_single_image-wrapper vc_box_border  vc_box_border_grey\"><img fetchpriority=\"high\" decoding=\"async\" class=\"vc_single_image-img \" src=\"https:\/\/pauker.hu\/wp-content\/uploads\/2020\/12\/head-1-scaled-1200x490.jpg\" width=\"1200\" height=\"490\" alt=\"head\" title=\"head\" \/><\/div>\r\n\t\t<\/div>\r\n\t<\/div>\r\n\n\t\t<\/div> <\/div>\n\t<\/div> <\/div><div   class=\"vc_row wpb_row vc_row-fluid  \">\n\t<div  class=\"vc_span6 wpb_column vc_column_container \"><div class=\"vc_column-inner \">\n\t\t<div class=\"wpb_wrapper\">\n\t\t\t\n\t<div class=\"wpb_text_column wpb_content_element   ct_icmn8tp2wrzw8dyvci25\" >\n\t\t<div class=\"wpb_wrapper\" >\n\t\t\t<p><span style=\"color: #0095db;\"><strong>\u00c9vfordul\u00f3ra k\u00e9sz\u00fcl? Gratul\u00e1lunk!<\/strong><\/span><\/p>\n<p><!-- \/wp:post-content --><\/p>\n<p><!-- wp:paragraph -->Szeretn\u00e9 exkluz\u00edv m\u00f3don meg\u00f6r\u00f6k\u00edteni c\u00e9g\u00e9nek t\u00f6rt\u00e9net\u00e9t?<\/p>\n<p><!-- \/wp:paragraph --><\/p>\n<p><!-- wp:paragraph -->Gondolt arra, hogy az \u00fcnnepl\u00e9sbe bevonja munkat\u00e1rsait is, akikkel egy\u00fctt \u00e1tv\u00e9szelt\u00e9k a v\u00e1ls\u00e1gos id\u0151szakokat, de mindv\u00e9gig \u00d6n mellett maradtak?<\/p>\n<p><!-- \/wp:paragraph --><\/p>\n<p><!-- wp:paragraph -->Tudta, hogy ak\u00e1r olyan k\u00e9zzel foghat\u00f3 keretbe foglalhatja az eltelt \u00e9veket, mellyel leny\u0171g\u00f6zheti potenci\u00e1lis \u00fcgyfeleit?<\/p>\n<p><!-- \/wp:paragraph --><\/p>\n<p><!-- wp:paragraph -->Ha 2022.04.30.-ig megrendeli az \u00e9vk\u00f6nyv\u00e9t, akkor 50 000 Ft \u00e9rt\u00e9kben v\u00e1laszthat az al\u00e1bbi opci\u00f3ink k\u00f6z\u00fcl*:<\/p>\n<p><!-- wp:list --><\/p>\n<ul>\n<li><span style=\"color: #0095db;\">16 oldal nyom\u00e1s\u00e1t aj\u00e1nd\u00e9kba adjuk!<\/span><\/li>\n<li><span style=\"color: #0095db;\">a d\u00edszk\u00f6t\u00e9st aj\u00e1nd\u00e9kba adjuk!<\/span><\/li>\n<li><span style=\"color: #0095db;\">+ 10 m\u0171b\u0151rk\u00f6t\u00e9ses k\u00f6tetet aj\u00e1nd\u00e9kba adunk!<\/span><\/li>\n<\/ul>\n<p><!-- \/wp:list --><\/p>\n<p><!-- wp:paragraph -->Amennyiben \u00d6n is kedvet kapott, hogy c\u00e9g\u00e9nek meghat\u00e1roz\u00f3 \u00e9veit egy ig\u00e9nyesen kivitelezett k\u00f6tetben viszontl\u00e1ssa \u2013 keressen benn\u00fcnket bizalommal \u00e9s koll\u00e9g\u00e1nk felveszi \u00d6nnel a kapcsolatot!<\/p>\n<p><!-- \/wp:paragraph --><\/p>\n<p><!-- wp:paragraph --><span style=\"color: #0095db;\"><em>*minimum 300\u00a0000 Ft \u00e9rt\u00e9k\u0171 rendel\u00e9s eset\u00e9n \u00e9rv\u00e9nyes.<\/em><\/span><\/p>\n\n\t\t<\/div> \n\t<\/div> <style type=\"text\/css\" >#b_ia2vuntlesjf95bnbvik a{color:#ffffff; background:#e5005b; margin-top:0px; margin-bottom:0px;  margin-left:0px; margin-right:0px; font-weight:900; border-radius:0px;}#b_ia2vuntlesjf95bnbvik a:hover{color: ; background: ;}<\/style><div class=\"ta_center tf_btn_pos\" id=\"b_ia2vuntlesjf95bnbvik\" ><a class=\"rd_normal_bt smallmedium_rd_bt rda_fadeIn \" href=\"mailto:marketing@pauker-holding.hu\" target=\"\"   >\u00c9rdekel<\/a><\/div>\n\t\t<\/div> <\/div>\n\t<\/div> <\/div><div   class=\"vc_row wpb_row vc_row-fluid  \">\n\t<div  class=\"vc_span12 wpb_column vc_column_container \"><div class=\"vc_column-inner \">\n\t\t<div class=\"wpb_wrapper\">\n\t\t\t\n\t<div class=\"wpb_text_column wpb_content_element   ct_r1dz9c1dlmxi0ld0fjku\" >\n\t\t<div class=\"wpb_wrapper\" >\n\t\t\t<h1><span style=\"color: #0095db;\">Egy szem\u00e9lyre szabott c\u00e9ges \u00e9vk\u00f6nyv seg\u00edts\u00e9g\u00e9vel<\/span><\/h1>\n\n\t\t<\/div> \n\t<\/div> \n\t\t<\/div> <\/div>\n\t<\/div> <\/div><div   class=\"vc_row wpb_row vc_row-fluid  \">\n\t<div  class=\"vc_span4 wpb_column vc_column_container \"><div class=\"vc_column-inner \">\n\t\t<div class=\"wpb_wrapper\">\n\t\t\t\r\n\t<div  class=\"wpb_single_image wpb_content_element vc_align_center\">\r\n\t\t<div class=\"wpb_wrapper\">\r\n\t\t\t\r\n\t\t\t<div class=\"vc_single_image-wrapper vc_box_border  vc_box_border_grey\"><img decoding=\"async\" class=\"vc_single_image-img \" src=\"https:\/\/pauker.hu\/wp-content\/uploads\/2020\/12\/01_evkonyv-370x370.jpg\" width=\"370\" height=\"370\" alt=\"01_evkonyv\" title=\"01_evkonyv\" \/><\/div>\r\n\t\t<\/div>\r\n\t<\/div>\r\n\n\t<div class=\"wpb_text_column wpb_content_element  vc_custom_1606989721216  ct_dhnnvbbnqn5pgfq9ca00\" >\n\t\t<div class=\"wpb_wrapper\" >\n\t\t\t<p><span style=\"color: #ffffff;\">\u00c9rt\u00e9kes keretbe foglalhatja k\u00f6z\u00f6s \u00e9lm\u00e9nyeit koll\u00e9g\u00e1ival<\/span><\/p>\n<p>&nbsp;<\/p>\n\n\t\t<\/div> \n\t<\/div> \n\t\t<\/div> <\/div>\n\t<\/div> \n\t<div  class=\"vc_span4 wpb_column vc_column_container \"><div class=\"vc_column-inner \">\n\t\t<div class=\"wpb_wrapper\">\n\t\t\t\r\n\t<div  class=\"wpb_single_image wpb_content_element vc_align_center\">\r\n\t\t<div class=\"wpb_wrapper\">\r\n\t\t\t\r\n\t\t\t<div class=\"vc_single_image-wrapper vc_box_border  vc_box_border_grey\"><img decoding=\"async\" class=\"vc_single_image-img \" src=\"https:\/\/pauker.hu\/wp-content\/uploads\/2020\/12\/02_evkonyv-370x370.jpg\" width=\"370\" height=\"370\" alt=\"02_evkonyv\" title=\"02_evkonyv\" \/><\/div>\r\n\t\t<\/div>\r\n\t<\/div>\r\n\n\t<div class=\"wpb_text_column wpb_content_element  vc_custom_1606989845090  ct_iavvbghwrm3xzbdc2t4i\" >\n\t\t<div class=\"wpb_wrapper\" >\n\t\t\t<p><span style=\"color: #000000;\">\u0150szinte, val\u00f3di k\u00e9pet mutat az \u00d6n c\u00e9g\u00e9r\u0151l, mellyel k\u00f6zelebb hozza partnereit<\/span><\/p>\n\n\t\t<\/div> \n\t<\/div> \n\t\t<\/div> <\/div>\n\t<\/div> \n\t<div  class=\"vc_span4 wpb_column vc_column_container \"><div class=\"vc_column-inner \">\n\t\t<div class=\"wpb_wrapper\">\n\t\t\t\r\n\t<div  class=\"wpb_single_image wpb_content_element vc_align_center\">\r\n\t\t<div class=\"wpb_wrapper\">\r\n\t\t\t\r\n\t\t\t<div class=\"vc_single_image-wrapper vc_box_border  vc_box_border_grey\"><img loading=\"lazy\" decoding=\"async\" class=\"vc_single_image-img \" src=\"https:\/\/pauker.hu\/wp-content\/uploads\/2020\/12\/03_evkonyv-370x370.jpg\" width=\"370\" height=\"370\" alt=\"03_evkonyv\" title=\"03_evkonyv\" \/><\/div>\r\n\t\t<\/div>\r\n\t<\/div>\r\n\n\t<div class=\"wpb_text_column wpb_content_element  vc_custom_1606989728365  ct_absact9vsjvywob3zc58\" >\n\t\t<div class=\"wpb_wrapper\" >\n\t\t\t<p><span style=\"color: #ffffff;\">Vonz\u00f3 form\u00e1tum\u00e1val l\u00e1that\u00f3v\u00e1 teszi c\u00e9g\u00e9t \u00e9s kiemeli konkurensei k\u00f6z\u00fcl<\/span><\/p>\n<p>&nbsp;<\/p>\n\n\t\t<\/div> \n\t<\/div> \n\t\t<\/div> <\/div>\n\t<\/div> <\/div><!-- \/wp:paragraph --><!-- \/wp:paragraph -->\r\n<p><!-- wp:paragraph -->Mi seg\u00edt\u00fcnk, hogy c\u00e9ge t\u00f6rt\u00e9net\u00e9t egy olyan praktikus, ig\u00e9nyes \u00e9s exkluz\u00edv kivitelez\u00e9s\u0171 kiadv\u00e1nyba rendezz\u00e9k k\u00f6z\u00f6sen, mely a legeszt\u00e9tikusabban mutatja meg c\u00e9g\u00fck \u00e9s dolgoz\u00f3ik k\u00f6z\u00f6s \u00e9let\u00e9t.<\/p>\r\n<!-- wp:list \/-->\r\n<p><!-- wp:paragraph -->Egy c\u00e9ges \u00e9vk\u00f6nyv olyan \u00e9rt\u00e9ket k\u00e9pvisel, mellyel k\u00fcl\u00f6n\u00f6sen vonz\u00f3v\u00e1 teheti tev\u00e9kenys\u00e9g\u00e9t, ez\u00e1ltal partnerei \u00d6nt v\u00e1lasztj\u00e1k. Egy c\u00e9ges \u00e9vk\u00f6nyv k\u00e9sz\u00edt\u00e9se \u00f6sszek\u00f6ti \u00d6nt dolgoz\u00f3ival, ez\u00e1ltal fokozza lojalit\u00e1sukat, n\u00f6veli biztons\u00e1g\u00e9rzet\u00fcket.<\/p>\r\n<!-- \/wp:paragraph -->\r\n<p><!-- wp:paragraph -->Ha valaki egy ilyen figyelemrem\u00e9lt\u00f3 aj\u00e1nd\u00e9kot kap \u00d6nt\u0151l, biztosan n\u00f6velheti vele az \u00d6n reput\u00e1ci\u00f3j\u00e1t, szakmai \u00e9s szem\u00e9lyes meg\u00edt\u00e9l\u00e9s\u00e9t.<\/p>\r\n<p>[\/vc_column_text][\/vc_column]\n\t<div  class=\"vc_span6 wpb_column vc_column_container \"><div class=\"vc_column-inner \">\n\t\t<div class=\"wpb_wrapper\">\n\t\t\t\n\t<div class=\"wpb_text_column wpb_content_element   ct_xmvv5tb9o3n1oy5ll3lp\" >\n\t\t<div class=\"wpb_wrapper\" >\n\t\t\t<p><span style=\"color: #0095db;\"><strong>Mi is k\u00e9sz\u00fclt\u00fcnk egy aj\u00e1nd\u00e9kkal, mellyel a jelenlegi helyzetben k\u00edv\u00e1nunk seg\u00edteni, hogy \u00d6n exkluz\u00edv m\u00f3don \u00fcnnepelhessen!<\/strong><\/span><\/p>\n<p><!-- \/wp:paragraph --><\/p>\n<p><!-- wp:paragraph -->Ha 2022.04.30.-ig megrendeli az \u00e9vk\u00f6nyv\u00e9t, akkor 50 000 Ft \u00e9rt\u00e9kben v\u00e1laszthat az al\u00e1bbi opci\u00f3ink k\u00f6z\u00fcl*:<\/p>\n<p><!-- wp:list --><\/p>\n<ul>\n<li><span style=\"color: #0095db;\">16 oldal nyom\u00e1s\u00e1t aj\u00e1nd\u00e9kba adjuk!<\/span><\/li>\n<li><span style=\"color: #0095db;\">a d\u00edszk\u00f6t\u00e9st aj\u00e1nd\u00e9kba adjuk!<\/span><\/li>\n<li><span style=\"color: #0095db;\">+ 10 m\u0171b\u0151rk\u00f6t\u00e9ses k\u00f6tetet aj\u00e1nd\u00e9kba adunk!<\/span><\/li>\n<\/ul>\n<p><!-- \/wp:list --><\/p>\n<p><!-- wp:paragraph -->Amennyiben \u00d6n is kedvet kapott, hogy c\u00e9g\u00e9nek meghat\u00e1roz\u00f3 \u00e9veit egy ig\u00e9nyesen kivitelezett k\u00f6tetben viszontl\u00e1ssa \u2013 keressen benn\u00fcnket bizalommal \u00e9s koll\u00e9g\u00e1nk felveszi \u00d6nnel a kapcsolatot!<\/p>\n<p><!-- \/wp:paragraph --><\/p>\n<p><!-- wp:paragraph --><span style=\"color: #0095db;\"><em>*minimum 300\u00a0000 Ft \u00e9rt\u00e9k\u0171 rendel\u00e9s eset\u00e9n \u00e9rv\u00e9nyes.<\/em><\/span><\/p>\n\n\t\t<\/div> \n\t<\/div> <style type=\"text\/css\" >#b_8qvu7bwwn3y2mlwwtkdx a{color:#ffffff; background:#e5005b; margin-top:0px; margin-bottom:0px;  margin-left:0px; margin-right:0px; font-weight:900; border-radius:0px;}#b_8qvu7bwwn3y2mlwwtkdx a:hover{color: ; background: ;}<\/style><div class=\"ta_center tf_btn_pos\" id=\"b_8qvu7bwwn3y2mlwwtkdx\" ><a class=\"rd_normal_bt smallmedium_rd_bt rda_fadeIn \" href=\"mailto:marketing@pauker-holding.hu\" target=\"\"   >\u00c9rdekel<\/a><\/div>\n\t\t<\/div> <\/div>\n\t<\/div> [\/vc_row]<div   class=\"vc_row wpb_row vc_row-fluid  \">\n\t<div  class=\"vc_span12 wpb_column vc_column_container \"><div class=\"vc_column-inner \">\n\t\t<div class=\"wpb_wrapper\">\n\t\t\t\n\t<div class=\"wpb_text_column wpb_content_element   ct_xv6jiutt5hwskhgun0pm\" >\n\t\t<div class=\"wpb_wrapper\" >\n\t\t\t<h1><span style=\"color: #0095db;\">Egy szem\u00e9lyre szabott c\u00e9ges \u00e9vk\u00f6nyv seg\u00edts\u00e9g\u00e9vel<\/span><\/h1>\n\n\t\t<\/div> \n\t<\/div> \n\t\t<\/div> <\/div>\n\t<\/div> <\/div><div   class=\"vc_row wpb_row vc_row-fluid  \">\n\t<div  class=\"vc_span4 wpb_column vc_column_container \"><div class=\"vc_column-inner \">\n\t\t<div class=\"wpb_wrapper\">\n\t\t\t\r\n\t<div  class=\"wpb_single_image wpb_content_element vc_align_center\">\r\n\t\t<div class=\"wpb_wrapper\">\r\n\t\t\t\r\n\t\t\t<div class=\"vc_single_image-wrapper vc_box_border  vc_box_border_grey\"><img decoding=\"async\" class=\"vc_single_image-img \" src=\"https:\/\/pauker.hu\/wp-content\/uploads\/2020\/12\/01_evkonyv-370x370.jpg\" width=\"370\" height=\"370\" alt=\"01_evkonyv\" title=\"01_evkonyv\" \/><\/div>\r\n\t\t<\/div>\r\n\t<\/div>\r\n\n\t<div class=\"wpb_text_column wpb_content_element  vc_custom_1606989721216  ct_fcvx0vjbx2rmka1cnjnw\" >\n\t\t<div class=\"wpb_wrapper\" >\n\t\t\t<p><span style=\"color: #ffffff;\">\u00c9rt\u00e9kes keretbe foglalhatja k\u00f6z\u00f6s \u00e9lm\u00e9nyeit koll\u00e9g\u00e1ival<\/span><\/p>\n<p>&nbsp;<\/p>\n\n\t\t<\/div> \n\t<\/div> \n\t\t<\/div> <\/div>\n\t<\/div> \n\t<div  class=\"vc_span4 wpb_column vc_column_container \"><div class=\"vc_column-inner \">\n\t\t<div class=\"wpb_wrapper\">\n\t\t\t\r\n\t<div  class=\"wpb_single_image wpb_content_element vc_align_center\">\r\n\t\t<div class=\"wpb_wrapper\">\r\n\t\t\t\r\n\t\t\t<div class=\"vc_single_image-wrapper vc_box_border  vc_box_border_grey\"><img decoding=\"async\" class=\"vc_single_image-img \" src=\"https:\/\/pauker.hu\/wp-content\/uploads\/2020\/12\/02_evkonyv-370x370.jpg\" width=\"370\" height=\"370\" alt=\"02_evkonyv\" title=\"02_evkonyv\" \/><\/div>\r\n\t\t<\/div>\r\n\t<\/div>\r\n\n\t<div class=\"wpb_text_column wpb_content_element  vc_custom_1606989845090  ct_04zxwgpeweg6490cvham\" >\n\t\t<div class=\"wpb_wrapper\" >\n\t\t\t<p><span style=\"color: #000000;\">\u0150szinte, val\u00f3di k\u00e9pet mutat az \u00d6n c\u00e9g\u00e9r\u0151l, mellyel k\u00f6zelebb hozza partnereit<\/span><\/p>\n\n\t\t<\/div> \n\t<\/div> \n\t\t<\/div> <\/div>\n\t<\/div> \n\t<div  class=\"vc_span4 wpb_column vc_column_container \"><div class=\"vc_column-inner \">\n\t\t<div class=\"wpb_wrapper\">\n\t\t\t\r\n\t<div  class=\"wpb_single_image wpb_content_element vc_align_center\">\r\n\t\t<div class=\"wpb_wrapper\">\r\n\t\t\t\r\n\t\t\t<div class=\"vc_single_image-wrapper vc_box_border  vc_box_border_grey\"><img loading=\"lazy\" decoding=\"async\" class=\"vc_single_image-img \" src=\"https:\/\/pauker.hu\/wp-content\/uploads\/2020\/12\/03_evkonyv-370x370.jpg\" width=\"370\" height=\"370\" alt=\"03_evkonyv\" title=\"03_evkonyv\" \/><\/div>\r\n\t\t<\/div>\r\n\t<\/div>\r\n\n\t<div class=\"wpb_text_column wpb_content_element  vc_custom_1606989728365  ct_68cnw4ufbzq51zlxmro8\" >\n\t\t<div class=\"wpb_wrapper\" >\n\t\t\t<p><span style=\"color: #ffffff;\">Vonz\u00f3 form\u00e1tum\u00e1val l\u00e1that\u00f3v\u00e1 teszi c\u00e9g\u00e9t \u00e9s kiemeli konkurensei k\u00f6z\u00fcl<\/span><\/p>\n<p>&nbsp;<\/p>\n\n\t\t<\/div> \n\t<\/div> \n\t\t<\/div> <\/div>\n\t<\/div> <\/div><!-- \/wp:post-content -->","protected":false},"excerpt":{"rendered":"<p>\u00c9vfordul\u00f3ra k\u00e9sz\u00fcl? Gratul\u00e1lunk! Szeretn\u00e9 exkluz\u00edv m\u00f3don meg\u00f6r\u00f6k\u00edteni c\u00e9g\u00e9nek t\u00f6rt\u00e9net\u00e9t? Gondolt arra, hogy az \u00fcnnepl\u00e9sbe bevonja munkat\u00e1rsait is, akikkel egy\u00fctt \u00e1tv\u00e9szelt\u00e9k a v\u00e1ls\u00e1gos id\u0151szakokat, de mindv\u00e9gig \u00d6n mellett maradtak? Tudta, hogy ak\u00e1r olyan k\u00e9zzel foghat\u00f3 keretbe foglalhatja az eltelt \u00e9veket, mellyel leny\u0171g\u00f6zheti potenci\u00e1lis \u00fcgyfeleit? Ha 2022.04.30.-ig megrendeli az \u00e9vk\u00f6nyv\u00e9t, akkor 50 000 Ft \u00e9rt\u00e9kben v\u00e1laszthat az<br \/><a href=\"https:\/\/pauker.hu\/de\/evkonyv\/\" class=\"more\">Read more<\/a><\/p>","protected":false},"author":1,"featured_media":0,"parent":0,"menu_order":0,"comment_status":"closed","ping_status":"closed","template":"","meta":{"_sitemap_exclude":false,"_sitemap_priority":"","_sitemap_frequency":"","footnotes":""},"class_list":["post-986","page","type-page","status-publish","hentry"],"_links":{"self":[{"href":"https:\/\/pauker.hu\/de\/wp-json\/wp\/v2\/pages\/986","targetHints":{"allow":["GET"]}}],"collection":[{"href":"https:\/\/pauker.hu\/de\/wp-json\/wp\/v2\/pages"}],"about":[{"href":"https:\/\/pauker.hu\/de\/wp-json\/wp\/v2\/types\/page"}],"author":[{"embeddable":true,"href":"https:\/\/pauker.hu\/de\/wp-json\/wp\/v2\/users\/1"}],"replies":[{"embeddable":true,"href":"https:\/\/pauker.hu\/de\/wp-json\/wp\/v2\/comments?post=986"}],"version-history":[{"count":71,"href":"https:\/\/pauker.hu\/de\/wp-json\/wp\/v2\/pages\/986\/revisions"}],"predecessor-version":[{"id":1125,"href":"https:\/\/pauker.hu\/de\/wp-json\/wp\/v2\/pages\/986\/revisions\/1125"}],"wp:attachment":[{"href":"https:\/\/pauker.hu\/de\/wp-json\/wp\/v2\/media?parent=986"}],"curies":[{"name":"wp","href":"https:\/\/api.w.org\/{rel}","templated":true}]}}