{"id":793,"date":"2020-11-11T10:26:10","date_gmt":"2020-11-11T10:26:10","guid":{"rendered":"http:\/\/pauker.hu\/wordpress\/?page_id=793"},"modified":"2020-11-22T18:19:29","modified_gmt":"2020-11-22T18:19:29","slug":"dm-designs","status":"publish","type":"page","link":"https:\/\/pauker.hu\/de\/dm-designs\/","title":{"rendered":"DM designen"},"content":{"rendered":"<div   class=\"vc_row wpb_row vc_row-fluid\">\n\t<div  class=\"vc_span12 wpb_column vc_column_container\"><div class=\"vc_column-inner\">\n\t\t<div class=\"wpb_wrapper\">\n\t\t\t<div class=\"heading_box_sc_ctn\" style=\"margin:50px 0px 50px;\"><div class=\"heading_box_sc\" style=\"border-color:rgba(0,0,0,0.01);\"><h3 style=\"border-color:#2c3e50; color:#2c3e50; background:#ffffff\">DM designen<\/h3><\/div><\/div>\n\t<div class=\"wpb_text_column wpb_content_element   ct_wnnz9f569swx6ysx6rnh\" >\n\t\t<div class=\"wpb_wrapper\" >\n\t\t\t<p>Obwohl Mailings und andere DM-Materialien in der \u00d6ffentlichkeit als veraltetes Marketing-Tool gelten, beweisen zahlreiche heimische und internationale Studien gerade das Gegenteil! Umfragen best\u00e4tigen, dass das pers\u00f6nliche Direct Mail insbesondere unter den j\u00fcngeren Leuten mit dem Zauber des Neuen wirkt, denn f\u00fcr sie ist es gar nicht \u00fcblich, Briefe per Post zu erhalten. Mit dieser einfachen aber gro\u00dfartigen Methode k\u00f6nnen wir nicht nur ihre Aufmerksamkeit wecken, sondern sie in die gew\u00fcnschte Richtung lenken. Mit anderen Worten: unsere Zielgruppe kann am effektivsten mit DM zum Kauf angeregt werden. Eine alte, aber sichere Marketingmethode, die sogar kostenwirksam ist! Es lohnt sich, oder?<\/p>\n<p>F\u00fcr Ihre Graphiker k\u00f6nnen Sie technische Hilfe im Zusammenhang mit DM-Mailings unter dem nachfolgenden Link erhalten. Nach Anklicken der kleineren Buttons k\u00f6nnen Sie das gew\u00e4hlte DM Grundformschema sofort downloaden.<\/p>\n<p>&nbsp;<\/p>\n<p><a href=\"https:\/\/pauker.hu\/de\/dm\/budapest.pdf\/\" target=\"_blank\" rel=\"noopener noreferrer\">www.pauker.hu\/dm\/budapest.pdf<\/a><\/p>\n<p><a href=\"https:\/\/pauker.hu\/de\/dm\/berlin.pdf\/\" target=\"_blank\" rel=\"noopener noreferrer\">www.pauker.hu\/dm\/berlin.pdf<\/a><\/p>\n<p><a href=\"https:\/\/pauker.hu\/de\/dm\/amsterdam.pdf\/\" target=\"_blank\" rel=\"noopener noreferrer\">www.pauker.hu\/dm\/amsterdam.pdf<\/a><\/p>\n<p><a href=\"https:\/\/pauker.hu\/de\/dm\/london.pdf\/\" target=\"_blank\" rel=\"noopener noreferrer\">www.pauker.hu\/dm\/london.pdf<\/a><\/p>\n<p><a href=\"https:\/\/pauker.hu\/de\/dm\/madrid.pdf\/\" target=\"_blank\" rel=\"noopener noreferrer\">www.pauker.hu\/dm\/madrid.pdf<\/a><\/p>\n<p><a href=\"https:\/\/pauker.hu\/de\/dm\/helsinki.pdf\/\" target=\"_blank\" rel=\"noopener noreferrer\">www.pauker.hu\/dm\/helsinki.pdf<\/a><\/p>\n<p><a href=\"https:\/\/pauker.hu\/de\/dm\/dublin.pdf\/\" target=\"_blank\" rel=\"noopener noreferrer\">www.pauker.hu\/dm\/dublin.pdf<\/a><\/p>\n<p><a href=\"https:\/\/pauker.hu\/de\/dm\/stockholm.pdf\/\" target=\"_blank\" rel=\"noopener noreferrer\">www.pauker.hu\/dm\/stockholm.pdf<\/a><\/p>\n<p><a href=\"https:\/\/pauker.hu\/de\/dm\/athen.pdf\/\" target=\"_blank\" rel=\"noopener noreferrer\">www.pauker.hu\/dm\/athen.pdf<\/a><\/p>\n<p><a href=\"https:\/\/pauker.hu\/de\/dm\/oslo.pdf\/\" target=\"_blank\" rel=\"noopener noreferrer\">www.pauker.hu\/dm\/oslo.pdf<\/a><\/p>\n<p><a href=\"https:\/\/pauker.hu\/de\/dm\/paris.pdf\/\" target=\"_blank\" rel=\"noopener noreferrer\">www.pauker.hu\/dm\/paris.pdf<\/a><\/p>\n<p><a href=\"https:\/\/pauker.hu\/de\/dm\/brussel.pdf\/\" target=\"_blank\" rel=\"noopener noreferrer\">www.pauker.hu\/dm\/brussel.pdf<\/a><\/p>\n<p><a href=\"https:\/\/pauker.hu\/de\/dm\/kiev.pdf\/\" target=\"_blank\" rel=\"noopener noreferrer\">www.pauker.hu\/dm\/kiev.pdf<\/a><\/p>\n<p><a href=\"https:\/\/pauker.hu\/de\/dm\/luxembourg.pdf\/\" target=\"_blank\" rel=\"noopener noreferrer\">www.pauker.hu\/dm\/luxembourg.<wbr \/>pdf<\/a><\/p>\n<p><a href=\"https:\/\/pauker.hu\/de\/dm\/peking.pdf\/\" target=\"_blank\" rel=\"noopener noreferrer\">www.pauker.hu\/dm\/peking.pdf<\/a><\/p>\n<p><a href=\"https:\/\/pauker.hu\/de\/dm\/washington.pdf\/\" target=\"_blank\" rel=\"noopener noreferrer\">www.pauker.hu\/dm\/washington.<wbr \/>pdf<\/a><\/p>\n\n\t\t<\/div> \n\t<\/div> \n\t\t<\/div> <\/div>\n\t<\/div> <\/div>","protected":false},"excerpt":{"rendered":"<p>DM alapform\u00e1k B\u00e1r a k\u00f6ztudatban a DM-levelek \u00e9s m\u00e1s DM anyagok idej\u00e9tm\u00falt marketing eszk\u00f6z\u00f6kk\u00e9nt vannak sz\u00e1mon tartva, t\u00f6bb hazai \u00e9s nemzetk\u00f6zi kutat\u00e1s bizony\u00edtja, ennek ellenkez\u0151j\u00e9t! Felm\u00e9r\u00e9sek t\u00e1masztj\u00e1k al\u00e1, hogy a megszem\u00e9lyes\u00edtett Direct Mail f\u0151k\u00e9nt a fiatalok k\u00f6r\u00e9ben jelenti az \u00fajdons\u00e1g var\u00e1zs\u00e1t, hiszen sz\u00e1mukra nem az a term\u00e9szetes, hogy postai \u00faton kapnak levelet. Ezzel az egyszer\u0171,<br \/><a href=\"https:\/\/pauker.hu\/de\/dm-designs\/\" class=\"more\">Read more<\/a><\/p>","protected":false},"author":1,"featured_media":0,"parent":0,"menu_order":0,"comment_status":"closed","ping_status":"closed","template":"","meta":{"_sitemap_exclude":false,"_sitemap_priority":"","_sitemap_frequency":"","footnotes":""},"class_list":["post-793","page","type-page","status-publish","hentry"],"_links":{"self":[{"href":"https:\/\/pauker.hu\/de\/wp-json\/wp\/v2\/pages\/793","targetHints":{"allow":["GET"]}}],"collection":[{"href":"https:\/\/pauker.hu\/de\/wp-json\/wp\/v2\/pages"}],"about":[{"href":"https:\/\/pauker.hu\/de\/wp-json\/wp\/v2\/types\/page"}],"author":[{"embeddable":true,"href":"https:\/\/pauker.hu\/de\/wp-json\/wp\/v2\/users\/1"}],"replies":[{"embeddable":true,"href":"https:\/\/pauker.hu\/de\/wp-json\/wp\/v2\/comments?post=793"}],"version-history":[{"count":3,"href":"https:\/\/pauker.hu\/de\/wp-json\/wp\/v2\/pages\/793\/revisions"}],"predecessor-version":[{"id":835,"href":"https:\/\/pauker.hu\/de\/wp-json\/wp\/v2\/pages\/793\/revisions\/835"}],"wp:attachment":[{"href":"https:\/\/pauker.hu\/de\/wp-json\/wp\/v2\/media?parent=793"}],"curies":[{"name":"wp","href":"https:\/\/api.w.org\/{rel}","templated":true}]}}