{"id":763,"date":"2020-11-11T09:15:55","date_gmt":"2020-11-11T09:15:55","guid":{"rendered":"http:\/\/pauker.hu\/wordpress\/?page_id=763"},"modified":"2020-11-11T10:24:56","modified_gmt":"2020-11-11T10:24:56","slug":"privacy-policy","status":"publish","type":"page","link":"https:\/\/pauker.hu\/de\/privacy-policy\/","title":{"rendered":"Datenschutz-Bestimmungen"},"content":{"rendered":"<div   class=\"vc_row wpb_row vc_row-fluid  \">\n\t<div  class=\"vc_span12 wpb_column vc_column_container \"><div class=\"vc_column-inner \">\n\t\t<div class=\"wpb_wrapper\">\n\t\t\t<div class=\"heading_box_sc_ctn\" style=\"margin:0px 0px 50px;\"><div class=\"heading_box_sc \" style=\"border-color:rgba(0,0,0,0.01);\"><h3 style=\"border-color:#2c3e50; color:#2c3e50; background:#ffffff\">Adatkezel\u00e9si t\u00e1j\u00e9koztat\u00f3<\/h3><\/div><\/div>\n\t<div class=\"wpb_text_column wpb_content_element   ct_6a1c4kwav4i5daj8s4we\" >\n\t\t<div class=\"wpb_wrapper\" >\n\t\t\t<p><strong>A PAUKER HOLDING Kft.<\/strong>\u00a0(sz\u00e9khely: 1047 Budapest, Baross u 11-15. ad\u00f3sz\u00e1m: 12739882-2-41, c\u00e9gjegyz\u00e9ksz\u00e1m: 01-09-701128; elektronikus el\u00e9rhet\u0151s\u00e9g: marketing@pauker.hu; honlap c\u00edme: www.pauker.hu; telefonsz\u00e1m: +36 1 272 22 90; a tov\u00e1bbiakban:\u00a0<strong>Adatkezel\u0151<\/strong>) a vonatkoz\u00f3, szem\u00e9lyes adatok v\u00e9delm\u00e9t meghat\u00e1roz\u00f3 jogszab\u00e1lyi rendelkez\u00e9sekkel \u00f6sszhangban az al\u00e1bbiakban t\u00e1j\u00e9koztatja az \u00c9rintettet az adatkezel\u00e9sr\u0151l.<\/p>\n<h3>1. Adatkezel\u00e9s bemutat\u00e1sa<\/h3>\n<p>Az adatkezel\u00e9s c\u00e9lja, hogy az Adatkezel\u0151 olyan h\u00edrlevelet k\u00fcldj\u00f6n amely leg\u00fajabb marketingtrendekkel, akci\u00f3kkal, nyerem\u00e9nyj\u00e1t\u00e9kokkal kapcsolatos \u00fczenetet is tartalmat.<\/p>\n<h3>2. \u00c9rintettek<\/h3>\n<p>Az \u00c9rintettek k\u00f6z\u00e9 tartoznak azok akik a h\u00edrlev\u00e9lre feliratkoztak (a tov\u00e1bbiakban egy\u00fctt:\u00a0<strong>\u00c9rintett<\/strong>).<\/p>\n<h3>3. A szem\u00e9lyes adatok Adatkezel\u0151 \u00e1ltali megismer\u00e9s\u00e9nek forr\u00e1sai<\/h3>\n<p>Az Adatkezel\u0151 az \u00c9rintett szem\u00e9lyes adatait az \u00c9rintett\u0151l kapja meg.<\/p>\n<h3>4. Adatkezel\u00e9s jogalapja<\/h3>\n<p>Adatkezel\u0151 \u00e9s partnerei rekl\u00e1mjait, prom\u00f3ci\u00f3it, aj\u00e1nlatait, rendezv\u00e9nyeit tartalmaz\u00f3 h\u00edrlevelek k\u00fcld\u00e9se c\u00e9lj\u00e1b\u00f3l; kezelt szem\u00e9lyes adatok kezel\u00e9s\u00e9nek jogalapja az\u00a0<strong>\u00c9rintett hozz\u00e1j\u00e1rul\u00e1sa<\/strong>\u00a0[GDPR 6. cikk (1) bekezd\u00e9s a) pont]. A hozz\u00e1j\u00e1rul\u00e1s b\u00e1rmikor visszavonhat\u00f3.<\/p>\n<h3>5. Adatkezel\u00e9s c\u00e9lja, a kezelt adatok k\u00f6re, az adatkezel\u00e9s id\u0151tartama<\/h3>\n<p>&nbsp;<\/p>\n<h4>5.1.1<\/h4>\n<p>Az Adatkezel\u0151 \u00e9s partnerei \u00e1ltal rekl\u00e1mot, prom\u00f3ci\u00f3t, aj\u00e1nlatot, nyerem\u00e9nyj\u00e1t\u00e9kot tartalmaz\u00f3\u00a0<strong>h\u00edrlevelek k\u00fcld\u00e9se \u00e9rdek\u00e9ben<\/strong>\u00a0a k\u00f6vetkez\u0151 adatokat kezeli: \u00c9rintett vezet\u00e9kneve; \u00c9rintett ut\u00f3neve; \u00c9rintett e-mail c\u00edme.<\/p>\n<h4>5.1.2<\/h4>\n<p>Adatkezel\u0151 a rekl\u00e1mot, prom\u00f3ci\u00f3t, aj\u00e1nlatot tartalmaz\u00f3 h\u00edrlev\u00e9l k\u00fcld\u00e9s\u00e9hez az \u00c9rintett \u00e1ltal adott hozz\u00e1j\u00e1rul\u00f3 nyilatkozat alapj\u00e1n kezelt szem\u00e9lyes adatokat a\u00a0<strong>hozz\u00e1j\u00e1rul\u00e1s visszavon\u00e1s\u00e1ig<\/strong>\u00a0kezeli. A hozz\u00e1j\u00e1rul\u00e1s b\u00e1rmikor ingyenesen visszavonhat\u00f3, a h\u00edrlev\u00e9lr\u0151l az \u00c9rintett b\u00e1rmikor leiratkozhat, melyr\u0151l Adatkezel\u0151 k\u00fcl\u00f6n t\u00e1j\u00e9koztat\u00e1st ny\u00fajt valamennyi h\u00edrlev\u00e9lben.<\/p>\n<p>&nbsp;<\/p>\n<h3>6. Adatfeldolgoz\u00e1s<\/h3>\n<p>&nbsp;<\/p>\n<h4>6.1<\/h4>\n<p>Az Adatkezel\u0151 az \u00c9rintett adatait a szolg\u00e1ltat\u00e1s ny\u00fajt\u00e1sa sor\u00e1n, annak teljes\u00edt\u00e9se \u00e9rdek\u00e9ben, \u00e9s ahhoz sz\u00fcks\u00e9ges m\u00e9rt\u00e9kben, szerz\u0151d\u00f6tt partnerei r\u00e9sz\u00e9re \u00e1tadja adatfeldolgoz\u00e1sra.<\/p>\n<h4>6.2<\/h4>\n<p>A szolg\u00e1ltat\u00e1sny\u00fajt\u00e1s teljes\u00edt\u00e9se \u00e9rdek\u00e9ben sz\u00fcks\u00e9gesen ig\u00e9nybe vett, Adatkezel\u0151 szerz\u0151d\u00f6tt partnerei k\u00f6z\u00e9 tartoz\u00f3 adatfeldolgoz\u00f3k, akik \u00e1ltal az \u00c9rintett adatai feldolgoz\u00e1sra ker\u00fclnek:\u00a0<strong>The Rocket Science Group LLC d\/b\/a MailChimp<\/strong>\u00a0(sz\u00e9khely: 675 Ponce De Leon Ave NE, Suite 5000 Atlanta, Georgia 30308, USA) adatfeldolgoz\u00e1s c\u00e9lja: rekl\u00e1m c\u00e9l\u00fa adatkezel\u00e9s &#8211; h\u00edrlevelek kik\u00fcld\u00e9s\u00e9vel kapcsolatos informatikai szolg\u00e1ltat\u00e1s ny\u00fajt\u00e1sa.<\/p>\n<p>&nbsp;<\/p>\n<h3>7. Adattov\u00e1bb\u00edt\u00e1s harmadik orsz\u00e1gban<\/h3>\n<p>Az The Rocket Science Group LLC d\/b\/a MailChimp.-nek a USA-EU adatv\u00e9delmi keretmeg\u00e1llapod\u00e1s alapj\u00e1n l\u00e9trehozott \u00fagynevezett Privacy Shiled (https:\/\/www.privacyshield.gov\/EU-US-Framework) min\u0151s\u00edt\u00e9ssel rendelkezik ez\u00e9rt a GDPR 45 cikk (1) bekezd\u00e9se alapj\u00e1n szem\u00e9lyes adatok tov\u00e1bb\u00edthat\u00f3k a r\u00e9sz\u00e9re ami megfelel\u0151 szint\u0171 v\u00e9delmet biztos\u00edt.<\/p>\n<h3>8. Adatbiztons\u00e1g, az adatok megismer\u00e9s\u00e9re jogosultak<\/h3>\n<p>&nbsp;<\/p>\n<h4>8.1<\/h4>\n<p>Az adatkezel\u00e9si id\u0151tartam lej\u00e1rtakor az Adatkezel\u0151 t\u00f6rli az \u00c9rintett adatait.<\/p>\n<h4>8.2<\/h4>\n<p>Adatkezel\u0151 gondoskodik a kezelt adatok biztons\u00e1g\u00e1r\u00f3l, \u00e9s minden int\u00e9zked\u00e9st megtesz a jogosulatlan hozz\u00e1f\u00e9r\u00e9s, megv\u00e1ltoztat\u00e1s, tov\u00e1bb\u00edt\u00e1s, nyilv\u00e1noss\u00e1gra hozatal, t\u00f6rl\u00e9s vagy megsemmis\u00edt\u00e9s, valamint a v\u00e9letlen megsemmis\u00fcl\u00e9s \u00e9s s\u00e9r\u00fcl\u00e9s, tov\u00e1bb\u00e1 az alkalmazott technika megv\u00e1ltoz\u00e1s\u00e1b\u00f3l fakad\u00f3 hozz\u00e1f\u00e9rhetetlenn\u00e9 v\u00e1l\u00e1s, azaz annak \u00e9rdek\u00e9ben, hogy az \u00c9rintettek szem\u00e9lyes adatai a jogszab\u00e1lyoknak megfelel\u0151 v\u00e9delemben r\u00e9szes\u00fcljenek.<\/p>\n<h4>8.3<\/h4>\n<p>Az Adatkezel\u0151 az adatbiztons\u00e1g k\u00f6vetelm\u00e9ny\u00e9nek megtart\u00e1s\u00e1hoz sz\u00fcks\u00e9ges int\u00e9zked\u00e9sek k\u00f6r\u00e9ben sz\u00e1m\u00edt\u00f3g\u00e9pes adatb\u00e1zisban,\u00a0<strong>automatikus \u00e9s manu\u00e1lis<\/strong>\u00a0m\u00f3don kezeli az \u00c9rintett adatait \u00e9s int\u00e9zkedett arr\u00f3l, hogy az \u00c9rintett adatainak kezel\u00e9se z\u00e1rt, \u00e9s minden esetben jelsz\u00f3val v\u00e9dett rendszerben, merevlemezre mentve t\u00f6rt\u00e9njen \u00e9s e rendszereket csak a szolg\u00e1ltat\u00e1s ny\u00fajt\u00e1s\u00e1val \u00f6sszef\u00fcgg\u00e9sben, az ahhoz elengedhetetlen\u00fcl sz\u00fcks\u00e9ges m\u00e9rt\u00e9kben haszn\u00e1lj\u00e1k az adatok megismer\u00e9s\u00e9re jogosultak.<\/p>\n<h4>8.4<\/h4>\n<p>A sz\u00e1m\u00edt\u00f3g\u00e9pes rendszerek t\u0171zfallal \u00e9s megfelel\u0151 v\u00edrusv\u00e9delemmel vannak ell\u00e1tva.<\/p>\n<h4>8.5<\/h4>\n<p>Adatkezel\u0151 elv\u00e9gzi a rendszer m\u0171szaki ellen\u0151rz\u00e9s\u00e9t \u00e9s hiba \u00e9szlel\u00e9se vagy jelz\u00e9se eset\u00e9n int\u00e9zkedik.<\/p>\n<h4>8.6<\/h4>\n<p>Adatkezel\u0151 biztos\u00edtja, hogy az adatokhoz hozz\u00e1f\u00e9r\u00e9s\u00e9re jogosultak teljesk\u00f6r\u0171, adatv\u00e9delmi szab\u00e1lyokr\u00f3l t\u00f6rt\u00e9n\u0151 t\u00e1j\u00e9koztat\u00e1s\u00e1t. Adatbiztons\u00e1gi garanciak\u00e9nt Adatkezel\u0151 vezet\u0151i tiszts\u00e9gvisel\u0151it \u00e9s munkav\u00e1llal\u00f3it titoktart\u00e1si k\u00f6telezetts\u00e9g \u00e9s jogi felel\u0151ss\u00e9g terheli az e tev\u00e9kenys\u00e9g\u00fck sor\u00e1n megismert szem\u00e9lyes adatok tekintet\u00e9ben.<\/p>\n<p>&nbsp;<\/p>\n<h3>9. \u00c9rintetti jogok, jogorvoslati lehet\u0151s\u00e9gek<\/h3>\n<p>&nbsp;<\/p>\n<h4>9.1<\/h4>\n<p>Az \u00c9rintett k\u00e9relm\u00e9re \u00edr\u00e1sban vagy elektronikus \u00faton az Adatkezel\u0151 t\u00e1j\u00e9koztat\u00e1st ad [GDPR 15. cikk (1) bekezd\u00e9s;\u00a0<strong>t\u00e1j\u00e9koztat\u00e1shoz val\u00f3 jog<\/strong>]:<\/p>\n<ul>\n<li>arr\u00f3l, hogy milyen adatokat kezel az \u00c9rintettr\u0151l;<\/li>\n<li>az adatkezel\u00e9s c\u00e9ljair\u00f3l;<\/li>\n<li>azon c\u00edmzettek kateg\u00f3ri\u00e1r\u00f3l, akik sz\u00e1m\u00e1ra a szem\u00e9lyes adatokat \u00e1tadhatja;<\/li>\n<li>az adatkezel\u00e9s id\u0151tartam\u00e1r\u00f3l;<\/li>\n<li>az \u00c9rintett jogair\u00f3l \u00e9s a jogorvoslati lehet\u0151s\u00e9geir\u0151l.<\/li>\n<\/ul>\n<p>&nbsp;<\/p>\n<h4>9.2<\/h4>\n<p>A jelen pontban szab\u00e1lyozott elj\u00e1r\u00e1sok kezdem\u00e9nyez\u00e9se el\u0151tt az \u00c9rintett jogosult &#8211; elektronikus \u00faton beny\u00fajthat\u00f3 &#8211;\u00a0<strong>panasz<\/strong>\u00e1val az Adatkezel\u0151h\u00f6z fordulni az adatkezel\u00e9ssel kapcsolatos agg\u00e1lyainak kik\u00fcsz\u00f6b\u00f6l\u00e9se, valamint a jogszer\u0171 \u00e1llapot helyre\u00e1ll\u00edt\u00e1sa \u00e9rdek\u00e9ben. Adatkezel\u0151 a panaszt egy h\u00f3napon bel\u00fcl megvizsg\u00e1lja, arr\u00f3l jegyz\u0151k\u00f6nyvet vesz fel \u00e9s annak megalapozotts\u00e1ga k\u00e9rd\u00e9s\u00e9ben d\u00f6nt\u00e9st hoz, \u00e9s d\u00f6nt\u00e9s\u00e9r\u0151l az \u00c9rintettet \u00edr\u00e1sban, elektronikus \u00faton t\u00e1j\u00e9koztatja. Ha az Adatkezel\u0151 az \u00c9rintett panasz\u00e1nak megalapozotts\u00e1g\u00e1t meg\u00e1llap\u00edtja, az adatkezel\u00e9s jogszer\u0171 \u00e1llapot\u00e1t helyre\u00e1ll\u00edtja, vagy az adatkezel\u00e9st \u2013 bele\u00e9rtve a tov\u00e1bbi adatfelv\u00e9telt \u00e9s adattov\u00e1bb\u00edt\u00e1st is \u2013 megsz\u00fcnteti. Ekkor az Adatkezel\u0151 az \u00c9rintett adatait nem kezelheti tov\u00e1bb, kiv\u00e9ve, ha az Adatkezel\u0151 bizony\u00edtja, hogy az adatkezel\u00e9st olyan k\u00e9nyszer\u00edt\u0151 erej\u0171 jogos okok indokolj\u00e1k, amelyek els\u0151bbs\u00e9get \u00e9lveznek az \u00c9rintett \u00e9rdekeivel, jogaival \u00e9s szabads\u00e1gaival szemben, vagy amelyek jogi ig\u00e9nyek el\u0151terjeszt\u00e9s\u00e9hez, \u00e9rv\u00e9nyes\u00edt\u00e9s\u00e9hez vagy v\u00e9delm\u00e9hez kapcsol\u00f3dnak. Az Adatkezel\u0151 a panaszr\u00f3l \u00e9s az annak alapj\u00e1n tett int\u00e9zked\u00e9sekr\u0151l \u00e9rtes\u00edti azokat, akik r\u00e9sz\u00e9re a panasszal \u00c9rintett adatot tov\u00e1bb\u00edtotta. Jelen pontban szab\u00e1lyozott panaszelj\u00e1r\u00e1s az \u00c9rintettel t\u00f6rt\u00e9n\u0151 kapcsolattart\u00e1s keret\u00e9ben az adatkezel\u00e9ssel kapcsolatos agg\u00e1lyok kik\u00fcsz\u00f6b\u00f6l\u00e9s\u00e9re szolg\u00e1l \u00e9s nem vonatkozik Adatkezel\u0151 term\u00e9keivel kapcsolatos min\u0151s\u00e9gi kifog\u00e1sokra, el\u00e1ll\u00e1si\/felmond\u00e1si jognyilatkozatokra.<\/p>\n<h4>9.3<\/h4>\n<p>Az \u00c9rintett k\u00e9relm\u00e9re Adatkezel\u0151 a szem\u00e9lyes adatok m\u00e1solat\u00e1t sz\u00e9les k\u00f6rben haszn\u00e1lt elektronikus form\u00e1tumban vagy az \u00c9rintett \u00e1ltal v\u00e1lasztott m\u00e1s form\u00e1tumban rendelkez\u00e9s\u00e9re bocs\u00e1tja. [GDPR 15. cikk (3) bekezd\u00e9s;\u00a0<strong>hozz\u00e1f\u00e9r\u00e9si jog, m\u00e1solatkiad\u00e1s ir\u00e1nti jog<\/strong>]<\/p>\n<h4>9.4<\/h4>\n<p>Az \u00c9rintett k\u00e9r\u00e9s\u00e9nek megfelel\u0151en m\u00f3dos\u00edtjuk, pontos\u00edtjuk a szem\u00e9lyes adat\u00e1t. [GDPR 16. cikk;\u00a0<strong>helyesb\u00edt\u00e9shez val\u00f3 jog<\/strong>].<\/p>\n<h4>9.5<\/h4>\n<p>Az \u00c9rintett adataihoz val\u00f3 hozz\u00e1f\u00e9r\u00e9s\u00e9hez f\u0171z\u0151d\u0151 jog\u00e1nak gyakorl\u00e1sa, valamint szem\u00e9lyes adatainak helyesb\u00edt\u00e9se c\u00e9lj\u00e1b\u00f3l Adatkezel\u0151h\u00f6z fordulhat a marketing@pauker.hu; e-mail c\u00edmre k\u00fcld\u00f6tt elektronikus lev\u00e9lben.<\/p>\n<h4>9.6<\/h4>\n<p>Az \u00c9rintett k\u00e9relm\u00e9re Adatkezel\u0151 t\u00f6rli az \u00c9rintett szem\u00e9lyes adat\u00e1t. Az Adatkezel\u0151 a k\u00e9relem teljes\u00edt\u00e9s\u00e9t a GDPR 17. cikk (3) bekezd\u00e9s\u00e9ben szerepl\u0151 okokb\u00f3l tagadhatja meg, \u00edgy p\u00e9ld\u00e1ul abban az esetben, ha a szem\u00e9lyes adatok jogi ig\u00e9ny el\u0151terjeszt\u00e9s\u00e9hez, \u00e9rv\u00e9nyes\u00edt\u00e9s\u00e9hez sz\u00fcks\u00e9gesek, vagy a szem\u00e9lyes adatok kezel\u00e9s\u00e9t el\u0151\u00edr\u00f3, az Adatkezel\u0151re alkalmazand\u00f3 uni\u00f3s vagy tag\u00e1llami jog szerinti k\u00f6telezetts\u00e9g teljes\u00edt\u00e9se, illetve k\u00f6z\u00e9rdekb\u0151l, vagy a v\u00e9lem\u00e9nynyilv\u00e1n\u00edt\u00e1s szabads\u00e1g\u00e1hoz \u00e9s a t\u00e1j\u00e9koz\u00f3d\u00e1shoz val\u00f3 jog gyakorl\u00e1sa c\u00e9lj\u00e1b\u00f3l. [GDPR 17. cikk;\u00a0<strong>t\u00f6rl\u00e9shez val\u00f3 jog<\/strong>].<\/p>\n<h4>9.7<\/h4>\n<p>Az \u00c9rintett a rekl\u00e1mot, prom\u00f3ci\u00f3t, aj\u00e1nlatot, nyerem\u00e9nyj\u00e1t\u00e9kot tartalmaz\u00f3 h\u00edrlev\u00e9l r\u00e9sz\u00e9re t\u00f6rt\u00e9n\u0151 k\u00fcld\u00e9s\u00e9hez val\u00f3 hozz\u00e1j\u00e1rul\u00f3 nyilatkozat\u00e1t b\u00e1rmikor korl\u00e1toz\u00e1s \u00e9s indokol\u00e1s n\u00e9lk\u00fcl ingyenesen visszavonhatja. illetve bejelentheti a rekl\u00e1m k\u00fcld\u00e9s\u00e9nek megtilt\u00e1sa ir\u00e1nti ig\u00e9ny\u00e9t. Ebben az esetben az \u00c9rintett nev\u00e9t \u00e9s minden egy\u00e9b szem\u00e9lyes adat\u00e1t Adatkezel\u0151 halad\u00e9ktalanul t\u00f6rli a nyilv\u00e1ntart\u00e1sb\u00f3l \u00e9s az \u00c9rintett r\u00e9sz\u00e9re a tov\u00e1bbiakban nem k\u00fcld rekl\u00e1mot. A visszavon\u00f3 nyilatkozat megt\u00e9tel\u00e9re mind postai \u00faton, Adatkezel\u0151 sz\u00e9khely\u00e9re k\u00fcld\u00f6tt lev\u00e9l \u00fatj\u00e1n, mind pedig elektronikusan a marketing@pauker.hu e-mail c\u00edmre t\u00f6rt\u00e9n\u0151 lev\u00e9l k\u00fcld\u00e9ssel lehet\u0151s\u00e9g van [<strong>hozz\u00e1j\u00e1rul\u00e1s visszavon\u00e1s\u00e1hoz val\u00f3 jog<\/strong>]. A visszavon\u00e1s nem \u00e9rinti a visszavon\u00e1s el\u0151tt a hozz\u00e1j\u00e1rul\u00e1s alapj\u00e1n v\u00e9grehajtott adatkezel\u00e9s jogszer\u0171s\u00e9g\u00e9t.<\/p>\n<h4>9.8<\/h4>\n<p>Az \u00c9rintett jogosult k\u00e9relmezni a szem\u00e9lyes adatok kezel\u00e9s\u00e9nek korl\u00e1toz\u00e1s\u00e1t (z\u00e1rol\u00e1s\u00e1t)<\/p>\n<ul>\n<li>ha vitatja a szem\u00e9lyes adatok pontoss\u00e1g\u00e1t, akkor azon id\u0151tartamig k\u00e9rheti az adatok z\u00e1rol\u00e1s\u00e1t, am\u00edg Adatkezel\u0151 ellen\u0151rizi a szem\u00e9lyes adatok pontoss\u00e1g\u00e1t<\/li>\n<li>ha az adatkezel\u00e9s jogellenes, \u00e9s az \u00c9rintett ellenzi a szem\u00e9lyes adatok t\u00f6rl\u00e9s\u00e9t, \u00e9s ehelyett azok felhaszn\u00e1l\u00e1s\u00e1nak korl\u00e1toz\u00e1s\u00e1t k\u00e9ri<\/li>\n<li>Adatkezel\u0151nek m\u00e1r nincs sz\u00fcks\u00e9ge a szem\u00e9lyes adatokra, de az \u00c9rintett k\u00e9ri az adatok z\u00e1rol\u00e1s\u00e1t jogi ig\u00e9nyek el\u0151terjeszt\u00e9s\u00e9hez, \u00e9rv\u00e9nyes\u00edt\u00e9s\u00e9hez vagy v\u00e9delm\u00e9hez [GDPR 18. cikk;\u00a0<strong>adatkezel\u00e9s korl\u00e1toz\u00e1s\u00e1hoz val\u00f3 jog<\/strong>\u00a0(z\u00e1rol\u00e1s)<\/li>\n<\/ul>\n<p>&nbsp;<\/p>\n<h4>9.9<\/h4>\n<p>Adatkezel\u0151 z\u00e1rol\u00e1si k\u00e9relm\u00e9t \u00fagy teljes\u00edti, hogy a szem\u00e9lyes adatokat minden m\u00e1s szem\u00e9lyes adatt\u00f3l elk\u00fcl\u00f6n\u00edtetten t\u00e1rolja. \u00cdgy p\u00e9ld\u00e1ul elektronikus adat\u00e1llom\u00e1nyok eset\u00e9ben k\u00fcls\u0151 adathordoz\u00f3ra kimenti, vagy a pap\u00edr alapon t\u00e1rolt szem\u00e9lyes adatokat k\u00fcl\u00f6n mapp\u00e1ba helyezi \u00e1t. Adatkezel\u0151 a t\u00e1rol\u00e1s kiv\u00e9tel\u00e9vel csak az \u00c9rintett hozz\u00e1j\u00e1rul\u00e1s\u00e1val, vagy jogi ig\u00e9nyek el\u0151terjeszt\u00e9s\u00e9hez, \u00e9rv\u00e9nyes\u00edt\u00e9s\u00e9hez vagy v\u00e9delm\u00e9hez, vagy m\u00e1s term\u00e9szetes vagy jogi szem\u00e9ly jogainak v\u00e9delme \u00e9rdek\u00e9ben, vagy az Uni\u00f3, illetve valamely tag\u00e1llam fontos k\u00f6z\u00e9rdek\u00e9b\u0151l kezeli. Az adatkezel\u00e9s korl\u00e1toz\u00e1s\u00e1nak e felold\u00e1s\u00e1r\u00f3l el\u0151zetesen t\u00e1j\u00e9koztatni fogjuk.<\/p>\n<h4>9.10<\/h4>\n<p>Az \u00c9rintett jogosult arra, hogy szem\u00e9lyes adatait sz\u00e9les k\u00f6rben haszn\u00e1lt, g\u00e9ppel olvashat\u00f3, tagolt form\u00e1tumban megkapja, tov\u00e1bb\u00e1 jogosult arra, hogy ezeket az adatokat egy m\u00e1sik adatkezel\u0151nek tov\u00e1bb\u00edtsa. Ezen t\u00falmen\u0151en Adatkezel\u0151 biztos\u00edtja, hogy erre ir\u00e1nyul\u00f3 kifejezett k\u00e9relme eset\u00e9n k\u00f6zvetlen\u00fcl tov\u00e1bb\u00edtja \u00c9rintett adatait az \u00c9rintett \u00e1ltal meghat\u00e1rozott m\u00e1sik adatkezel\u0151nek. [GDPR 20. cikk (1) \u00e9s (2) bekezd\u00e9se;\u00a0<strong>adathordozhat\u00f3s\u00e1ghoz val\u00f3 jog<\/strong>].<\/p>\n<h4>9.11<\/h4>\n<p>Adatkezel\u0151 az \u00c9rintett k\u00e9relm\u00e9nek be\u00e9rkez\u00e9s\u00e9t k\u00f6vet\u0151 egy h\u00f3napon bel\u00fcl t\u00e1j\u00e9koztatja az \u00c9rintettet a hozott int\u00e9zked\u00e9sekr\u0151l. A k\u00e9relem megtagad\u00e1sa eset\u00e9n Adatkezel\u0151 a k\u00e9relem be\u00e9rkez\u00e9s\u00e9t\u0151l sz\u00e1m\u00edtott egy h\u00f3napon bel\u00fcl t\u00e1j\u00e9koztatja \u00d6nt a megtagad\u00e1s indokair\u00f3l, valamint arr\u00f3l, hogy panaszt ny\u00fajthat be a Hat\u00f3s\u00e1gn\u00e1l, \u00e9s \u00e9lhet b\u00edr\u00f3s\u00e1gi jogorvoslati jog\u00e1val.<\/p>\n<h4>9.12<\/h4>\n<p>A joggyakorl\u00e1s d\u00edjmentes. Bizonyos esetekben Adatkezel\u0151 az adminisztrat\u00edv k\u00f6lts\u00e9geken alapul\u00f3,\u00a0<strong>d\u00edjat sz\u00e1m\u00edthat fel<\/strong>, vagy\u00a0<strong>megtagadhatja<\/strong>\u00a0a k\u00e9relem alapj\u00e1n t\u00f6rt\u00e9n\u0151 int\u00e9zked\u00e9st, ha az \u00c9rintett az adatair\u00f3l m\u00e1solatot k\u00e9r, vagy ha az \u00c9rintett k\u00e9relme egy\u00e9rtelm\u0171en megalapozatlan vagy \u2013 k\u00fcl\u00f6n\u00f6sen ism\u00e9tl\u0151d\u0151 jellege miatt \u2013 t\u00falz\u00f3).<\/p>\n<h4>9.13<\/h4>\n<p>Adatkezel\u0151 fenntartja mag\u00e1nak azt a jogot, hogy amennyiben megalapozott k\u00e9ts\u00e9gei vannak a k\u00e9relmet beny\u00fajt\u00f3 szem\u00e9ly kil\u00e9t\u00e9t illet\u0151en, akkor az \u00c9rintett\u00a0<strong>szem\u00e9lyazonoss\u00e1g\u00e1nak meger\u0151s\u00edt\u00e9s\u00e9hez sz\u00fcks\u00e9ges inform\u00e1ci\u00f3k ny\u00fajt\u00e1s\u00e1t k\u00e9rje<\/strong>. Ilyen esetnek tekinthet\u0151 k\u00fcl\u00f6n\u00f6sen az, ha az \u00c9rintett a m\u00e1solat k\u00e9r\u00e9s\u00e9hez val\u00f3 jog\u00e1val \u00e9l, amely esetben indokolt, hogy Adatkezel\u0151 meggy\u0151z\u0151dj\u00f6n arr\u00f3l, hogy a k\u00e9relem a jogosult szem\u00e9lyt\u0151l sz\u00e1rmazik.<\/p>\n<h4>9.14<\/h4>\n<p>Amennyiben az \u00c9rintett meg\u00edt\u00e9l\u00e9se szerint az Adatkezel\u0151 megs\u00e9rtette a szem\u00e9lyes adatok v\u00e9delm\u00e9hez f\u0171z\u0151d\u0151 jog\u00e1t, vagy az Adatkezel\u0151 jogellenes adatkezel\u00e9st v\u00e9gez, akkor a\u00a0<strong>Hat\u00f3s\u00e1g elj\u00e1r\u00e1s\u00e1t kezdem\u00e9nyezheti<\/strong>. A Hat\u00f3s\u00e1g el\u00e9rhet\u0151s\u00e9gei: postac\u00edm: 1530 Budapest, Pf.: 5.; e-mail c\u00edm:\u00a0<a href=\"mailto:ugyfelszolgalat@naih.hu\">ugyfelszolgalat@naih.hu<\/a>; telefonsz\u00e1m: +36 (1) 391-1400; honlap c\u00edme:\u00a0<a href=\"http:\/\/www.naih.hu\/\" target=\"_blank\" rel=\"noopener noreferrer\">www.naih.hu<\/a>.<\/p>\n<h4>9.15<\/h4>\n<p>Amennyiben az \u00c9rintett meg\u00edt\u00e9l\u00e9se szerint a Adatkezel\u0151 megs\u00e9rtette a szem\u00e9lyes adatok v\u00e9delm\u00e9hez f\u0171z\u0151d\u0151 jog\u00e1t, akkor a\u00a0<strong>b\u00edr\u00f3s\u00e1gi elj\u00e1r\u00e1st is kezdem\u00e9nyezhet<\/strong>\u00a0\u00e9s k\u00f6vetelheti az adatai jogellenes kezel\u00e9s\u00e9vel vagy adatbiztons\u00e1g megszeg\u00e9s\u00e9vel az \u00c9rintettnek okozott k\u00e1r megt\u00e9r\u00edt\u00e9s\u00e9t, szem\u00e9lyis\u00e9gi jogs\u00e9relem eset\u00e9n s\u00e9relemd\u00edj megfizet\u00e9s\u00e9t. B\u00edr\u00f3s\u00e1gi jog\u00e9rv\u00e9nyes\u00edt\u00e9s eset\u00e9n az \u00c9rintett a pert lak\u00f3helye vagy tart\u00f3zkod\u00e1si helye szerinti t\u00f6rv\u00e9nysz\u00e9k el\u0151tt is megind\u00edthatja.<\/p>\n<p>&nbsp;<\/p>\n<h3>10. Egy\u00e9b rendelkez\u00e9sek<\/h3>\n<p>&nbsp;<\/p>\n<h4>10.1<\/h4>\n<p>Amennyiben Adatkezel\u0151 m\u00f3dos\u00edtja az Adatkezel\u00e9si T\u00e1j\u00e9koztat\u00f3t, akkor err\u0151l az \u00c9rintett \u00e1ltal megadott e-mail c\u00edmre tov\u00e1bb\u00edtja a m\u00f3dos\u00edtott t\u00e1j\u00e9koztat\u00f3t annak \u00e9rdek\u00e9ben, hogy az \u00c9rintett megismerhesse azt.<\/p>\n<h4>10.2<\/h4>\n<p>Jelen Adatkezel\u00e9si t\u00e1j\u00e9koztat\u00f3ban fel nem sorolt adatkezel\u00e9sekr\u0151l Adatkezel\u0151 az adat felv\u00e9telekor ad t\u00e1j\u00e9koztat\u00e1st. A b\u00edr\u00f3s\u00e1g, az \u00fcgy\u00e9szs\u00e9g, m\u00e1s nyomoz\u00f3hat\u00f3s\u00e1g, a szab\u00e1lys\u00e9rt\u00e9si hat\u00f3s\u00e1g, a k\u00f6zigazgat\u00e1si hat\u00f3s\u00e1g, a Nemzeti Adatv\u00e9delmi \u00e9s Inform\u00e1ci\u00f3szabads\u00e1g Hat\u00f3s\u00e1g, illet\u0151leg jogszab\u00e1ly felhatalmaz\u00e1sa alapj\u00e1n m\u00e1s szervek t\u00e1j\u00e9koztat\u00e1s ad\u00e1sa, adatok k\u00f6zl\u00e9se, \u00e1tad\u00e1sa, illet\u0151leg iratok rendelkez\u00e9sre bocs\u00e1t\u00e1sa v\u00e9gett megkereshetik az Adatkezel\u0151t. Az Adatkezel\u0151 e hat\u00f3s\u00e1gok r\u00e9sz\u00e9re \u2013 amennyiben a hat\u00f3s\u00e1g a pontos c\u00e9lt \u00e9s az adatok k\u00f6r\u00e9t megjel\u00f6lte \u2013 szem\u00e9lyes adatot csak annyit \u00e9s olyan m\u00e9rt\u00e9kben ad ki, amely a megkeres\u00e9s c\u00e9lj\u00e1nak megval\u00f3s\u00edt\u00e1s\u00e1hoz elengedhetetlen\u00fcl sz\u00fcks\u00e9ges.<\/p>\n<h4>10.3<\/h4>\n<p>Ha az Adatkezel\u0151 a szem\u00e9lyes adatokon a megszerz\u00e9s\u00fck c\u00e9lj\u00e1t\u00f3l elt\u00e9r\u0151 c\u00e9lb\u00f3l tov\u00e1bbi adatkezel\u00e9st k\u00edv\u00e1n v\u00e9gezni, a tov\u00e1bbi adatkezel\u00e9st megel\u0151z\u0151en t\u00e1j\u00e9koztatja az \u00c9rintettet err\u0151l az elt\u00e9r\u0151 c\u00e9lr\u00f3l \u00e9s minden relev\u00e1ns kieg\u00e9sz\u00edt\u0151 inform\u00e1ci\u00f3r\u00f3l.<\/p>\n<h4>10.4<\/h4>\n<p>Ha az Adatkezel\u0151 m\u00e1s c\u00edmzettel is k\u00f6zli az adatokat, legk\u00e9s\u0151bb a szem\u00e9lyes adatok els\u0151 alkalommal val\u00f3 k\u00f6zl\u00e9sekor t\u00e1j\u00e9koztatja err\u0151l az \u00c9rintettet.<\/p>\n<p>&nbsp;<\/p>\n<p>&nbsp;<\/p>\n<p><small><sup>1<\/sup>\u00a0A term\u00e9szetes szem\u00e9lyeknek a szem\u00e9lyes adatok kezel\u00e9se tekintet\u00e9ben t\u00f6rt\u00e9n\u0151 v\u00e9delm\u00e9r\u0151l \u00e9s az ilyen adatok szabad \u00e1raml\u00e1s\u00e1r\u00f3l, valamint a 95\/46\/EK rendelet hat\u00e1lyon k\u00edv\u00fcl helyez\u00e9s\u00e9r\u0151l sz\u00f3l\u00f3 eur\u00f3pai parlement \u00e9s a tan\u00e1cs (EU) 2016\/679 rendelete &#8211; \u00e1ltal\u00e1nos adatv\u00e9delmi rendelet (GDPR);<small><\/p>\n\n\t\t<\/div> \n\t<\/div> \n\t\t<\/div> <\/div>\n\t<\/div> <\/div><\/small><\/small><\/p>\n","protected":false},"excerpt":{"rendered":"<p>Adatkezel\u00e9si t\u00e1j\u00e9koztat\u00f3 A PAUKER HOLDING Kft.\u00a0(sz\u00e9khely: 1047 Budapest, Baross u 11-15. ad\u00f3sz\u00e1m: 12739882-2-41, c\u00e9gjegyz\u00e9ksz\u00e1m: 01-09-701128; elektronikus el\u00e9rhet\u0151s\u00e9g: marketing@pauker.hu; honlap c\u00edme: www.pauker.hu; telefonsz\u00e1m: +36 1 272 22 90; a tov\u00e1bbiakban:\u00a0Adatkezel\u0151) a vonatkoz\u00f3, szem\u00e9lyes adatok v\u00e9delm\u00e9t meghat\u00e1roz\u00f3 jogszab\u00e1lyi rendelkez\u00e9sekkel \u00f6sszhangban az al\u00e1bbiakban t\u00e1j\u00e9koztatja az \u00c9rintettet az adatkezel\u00e9sr\u0151l. 1. Adatkezel\u00e9s bemutat\u00e1sa Az adatkezel\u00e9s c\u00e9lja, hogy az Adatkezel\u0151 olyan<br \/><a href=\"https:\/\/pauker.hu\/de\/privacy-policy\/\" class=\"more\">Read more<\/a><\/p>","protected":false},"author":1,"featured_media":0,"parent":0,"menu_order":0,"comment_status":"closed","ping_status":"closed","template":"","meta":{"_sitemap_exclude":false,"_sitemap_priority":"","_sitemap_frequency":"","footnotes":""},"class_list":["post-763","page","type-page","status-publish","hentry"],"_links":{"self":[{"href":"https:\/\/pauker.hu\/de\/wp-json\/wp\/v2\/pages\/763","targetHints":{"allow":["GET"]}}],"collection":[{"href":"https:\/\/pauker.hu\/de\/wp-json\/wp\/v2\/pages"}],"about":[{"href":"https:\/\/pauker.hu\/de\/wp-json\/wp\/v2\/types\/page"}],"author":[{"embeddable":true,"href":"https:\/\/pauker.hu\/de\/wp-json\/wp\/v2\/users\/1"}],"replies":[{"embeddable":true,"href":"https:\/\/pauker.hu\/de\/wp-json\/wp\/v2\/comments?post=763"}],"version-history":[{"count":2,"href":"https:\/\/pauker.hu\/de\/wp-json\/wp\/v2\/pages\/763\/revisions"}],"predecessor-version":[{"id":791,"href":"https:\/\/pauker.hu\/de\/wp-json\/wp\/v2\/pages\/763\/revisions\/791"}],"wp:attachment":[{"href":"https:\/\/pauker.hu\/de\/wp-json\/wp\/v2\/media?parent=763"}],"curies":[{"name":"wp","href":"https:\/\/api.w.org\/{rel}","templated":true}]}}