{"id":755,"date":"2020-11-11T09:11:28","date_gmt":"2020-11-11T09:11:28","guid":{"rendered":"http:\/\/pauker.hu\/wordpress\/?page_id=755"},"modified":"2025-10-15T07:56:13","modified_gmt":"2025-10-15T07:56:13","slug":"epr-charge","status":"publish","type":"page","link":"https:\/\/pauker.hu\/de\/epr-charge\/","title":{"rendered":"EPR d\u00edj"},"content":{"rendered":"<div   class=\"vc_row wpb_row vc_row-fluid\">\n\t<div  class=\"vc_span12 wpb_column vc_column_container\"><div class=\"vc_column-inner\">\n\t\t<div class=\"wpb_wrapper\">\n\t\t\t<div class=\"heading_box_sc_ctn\" style=\"margin:0px 0px 50px;\"><div class=\"heading_box_sc\" style=\"border-color:rgba(0,0,0,0.01);\"><h3 style=\"border-color:#2c3e50; color:#2c3e50; background:#ffffff\">EPR d\u00edj<\/h3><\/div><\/div>\n\t<div class=\"wpb_text_column wpb_content_element   ct_0x8dr41i8msl7nz1mpg8\" >\n\t\t<div class=\"wpb_wrapper\" >\n\t\t\t<p style=\"text-align: justify;\">A k\u00f6rnyezetv\u00e9delmi term\u00e9kd\u00edjas szab\u00e1lyoz\u00e1s mell\u00e9 a kiterjesztett gy\u00e1rt\u00f3i felel\u0151ss\u00e9gi rendszer (tov\u00e1bbiakban EPR) is bevezet\u00e9sre ker\u00fclt 2023.07.01-t\u0151l. (80\/2023. (III.14.) Korm. Rendelet).<\/p>\n<p style=\"text-align: justify;\">Az \u00e1ltalunk gy\u00e1rtott term\u00e9kek eset\u00e9ben a kor\u00e1bbi term\u00e9kd\u00edj k\u00f6telezetts\u00e9g vagy az \u00faj EPR d\u00edjt\u00e9tel fog megjelenni a sz\u00e1ml\u00e1n. Ezt a t\u00e9telt t\u00e1rsas\u00e1gunk transzparens m\u00f3don \u00e9s annak \u00e9rdek\u00e9ben, hogy a t\u00e9nyleges elad\u00e1si \u00e1rak v\u00e1ltoz\u00e1s\u00e1t k\u00f6vetni lehessen, k\u00fcl\u00f6n t\u00e9telk\u00e9nt fogja \u00e9rv\u00e9nyes\u00edteni az \u00d6n\u00f6k fel\u00e9 ki\u00e1ll\u00edtott sz\u00e1ml\u00e1kban.<\/p>\n<p style=\"text-align: justify;\">A k\u00f6rnyezetv\u00e9delmi term\u00e9kd\u00edj \u00f6sszege ezen t\u00e9telekn\u00e9l 0 Ft-ra fog m\u00f3dosulni, mivel azt a magasabb EPR d\u00edjt\u00e9tel v\u00e1ltja ki, l\u00e1sd lentebb:<\/p>\n<p style=\"text-align: justify;\">Pap\u00edr \u00e9s karton csomagol\u00e1s (nem minden t\u00edpusa): 173 Ft\/kg + \u00c1FA<br \/>\nIrodai pap\u00edr: 128 Ft\/kg + \u00c1FA<br \/>\nRekl\u00e1mhordoz\u00f3 pap\u00edr: 94 Ft\/kg + \u00c1FA<\/p>\n\n\t\t<\/div> \n\t<\/div> <div class=\"vc_empty_space\"   style=\"height: 20px\"><span class=\"vc_empty_space_inner\"><\/span><\/div>\n\t\t<\/div> <\/div>\n\t<\/div> <\/div><div   class=\"vc_row wpb_row vc_row-fluid\">\n\t<div  class=\"vc_span6 wpb_column vc_column_container\"><div class=\"vc_column-inner\">\n\t\t<div class=\"wpb_wrapper\">\n\t\t\t<style type=\"text\/css\" >#b_fujfffc9wwkosspieadg a{color:#0095db; background:#ffffff; border-style:solid; border-color:#0095db; margin-top:0px; margin-bottom:0px;  margin-left:0px; margin-right:0px; font-weight:900; border-radius:30px;}#b_fujfffc9wwkosspieadg a:hover{color:#e5005b ; background:#ffffff ; border-color:#ffffff;}<\/style><div class=\"ta_center tf_btn_pos\" id=\"b_fujfffc9wwkosspieadg\" ><a class=\"rd_stroke_bt small_rd_bt border_1px  bt_icon_left\" href=\"https:\/\/pauker.hu\/wp-content\/uploads\/2023\/07\/Ures-Reklamhord-EPR-dij-nyilatkozat-2025.-januar-1-tol-1.pdf\" target=\"yes\"   ><i class=\"ls-download\" ><\/i><span>EPR nyilatkozat let\u00f6lt\u00e9se (PDF)<\/span><\/a><\/div><style type=\"text\/css\" >#b_fujfffc9wwkosspieadg i {color:#0095db;}#b_fujfffc9wwkosspieadg a:hover i{color:#e5005b;}<\/style><style type='text\/css'> @font-face{font-family: 'ls'; src:url('https:\/\/pauker.hu\/wp-content\/themes\/thefox\/includes\/4k-icons\/icons\/4k-icons-pack03\/icons\/fonts\/ls.eot'); src:url('https:\/\/pauker.hu\/wp-content\/themes\/thefox\/includes\/4k-icons\/icons\/4k-icons-pack03\/icons\/fonts\/ls.eot?#iefix') format('embedded-opentype'), url('https:\/\/pauker.hu\/wp-content\/themes\/thefox\/includes\/4k-icons\/icons\/4k-icons-pack03\/icons\/fonts\/ls.woff') format('woff'), url('https:\/\/pauker.hu\/wp-content\/themes\/thefox\/includes\/4k-icons\/icons\/4k-icons-pack03\/icons\/fonts\/ls.ttf') format('truetype'), url('https:\/\/pauker.hu\/wp-content\/themes\/thefox\/includes\/4k-icons\/icons\/4k-icons-pack03\/icons\/fonts\/ls.svg#oi') format('svg'); font-weight: normal; font-style: normal;}#b_fujfffc9wwkosspieadg .ls-download:before{font-family: 'ls'; font-weight: normal; font-style: normal;}#b_fujfffc9wwkosspieadg .ls-download:before{content: \"\\e8cb\";}<\/style>\n\n\t\t<\/div> <\/div>\n\t<\/div> \n\t<div  class=\"vc_span6 wpb_column vc_column_container\"><div class=\"vc_column-inner\">\n\t\t<div class=\"wpb_wrapper\">\n\t\t\t<style type=\"text\/css\" >#b_0f90iwo901zzgc0qpe0a a{color:#0095db; background:#ffffff; border-style:solid; border-color:#0095db; margin-top:0px; margin-bottom:0px;  margin-left:0px; margin-right:0px; font-weight:900; border-radius:30px;}#b_0f90iwo901zzgc0qpe0a a:hover{color:#e5005b ; background:#ffffff ; border-color:#ffffff;}<\/style><div class=\"ta_center tf_btn_pos\" id=\"b_0f90iwo901zzgc0qpe0a\" ><a class=\"rd_stroke_bt small_rd_bt border_1px  bt_icon_left\" href=\"https:\/\/pauker.hu\/wp-content\/uploads\/2023\/07\/Ures-Reklamhord-EPR-dij-nyilatkozat-2025.-januar-1-tol-1.rtf\" target=\"yes\"   ><i class=\"ls-download\" ><\/i><span>EPR nyilatkozat let\u00f6lt\u00e9se (szerkeszthet\u0151)<\/span><\/a><\/div><style type=\"text\/css\" >#b_0f90iwo901zzgc0qpe0a i {color:#0095db;}#b_0f90iwo901zzgc0qpe0a a:hover i{color:#e5005b;}<\/style><style type='text\/css'> @font-face{font-family: 'ls'; src:url('https:\/\/pauker.hu\/wp-content\/themes\/thefox\/includes\/4k-icons\/icons\/4k-icons-pack03\/icons\/fonts\/ls.eot'); src:url('https:\/\/pauker.hu\/wp-content\/themes\/thefox\/includes\/4k-icons\/icons\/4k-icons-pack03\/icons\/fonts\/ls.eot?#iefix') format('embedded-opentype'), url('https:\/\/pauker.hu\/wp-content\/themes\/thefox\/includes\/4k-icons\/icons\/4k-icons-pack03\/icons\/fonts\/ls.woff') format('woff'), url('https:\/\/pauker.hu\/wp-content\/themes\/thefox\/includes\/4k-icons\/icons\/4k-icons-pack03\/icons\/fonts\/ls.ttf') format('truetype'), url('https:\/\/pauker.hu\/wp-content\/themes\/thefox\/includes\/4k-icons\/icons\/4k-icons-pack03\/icons\/fonts\/ls.svg#oi') format('svg'); font-weight: normal; font-style: normal;}#b_0f90iwo901zzgc0qpe0a .ls-download:before{font-family: 'ls'; font-weight: normal; font-style: normal;}#b_0f90iwo901zzgc0qpe0a .ls-download:before{content: \"\\e8cb\";}<\/style>\n\n\t\t<\/div> <\/div>\n\t<\/div> <\/div><div   class=\"vc_row wpb_row vc_row-fluid\">\n\t<div  class=\"vc_span12 wpb_column vc_column_container\"><div class=\"vc_column-inner\">\n\t\t<div class=\"wpb_wrapper\">\n\t\t\t<div class=\"vc_empty_space\"   style=\"height: 50px\"><span class=\"vc_empty_space_inner\"><\/span><\/div>\n\t\t<\/div> <\/div>\n\t<\/div> <\/div><div   class=\"vc_row wpb_row vc_row-fluid\">\n\t<div  class=\"vc_span12 wpb_column vc_column_container\"><div class=\"vc_column-inner\">\n\t\t<div class=\"wpb_wrapper\">\n\t\t\t<div class=\"heading_box_sc_ctn\" style=\"margin:0px 0px 0px;\"><div class=\"heading_box_sc\" style=\"border-color:#FF4539;\"><h3 style=\"border-color:#2c3e50; color:#000000; background:#ffffff\">ADR<\/h3><\/div><\/div><div class=\"vc_empty_space\"   style=\"height: 32px\"><span class=\"vc_empty_space_inner\"><\/span><\/div>\n\t<div class=\"wpb_text_column wpb_content_element   ct_xrwynrgrf41pzn998ike\" >\n\t\t<div class=\"wpb_wrapper\" >\n\t\t\t<p>T\u00e1j\u00e9koztatjuk \u00fczleti partnereinket a 25\/2014 (IV. 30.) NFM rendelet \u00e9rtelm\u00e9ben az ADR biztons\u00e1gi tan\u00e1csad\u00f3ra vonatkoz\u00f3 adatokr\u00f3l:<\/p>\n<p>N\u00e9v: Font\u00e1nyi Eszter Bernadett okl. k\u00f6rnyezetm\u00e9rn\u00f6k, biztons\u00e1gi tan\u00e1csad\u00f3,<br \/>\nBizony\u00edtv\u00e1ny\u00e1nak sz\u00e1ma: 1876<br \/>\nBizony\u00edtv\u00e1ny kelte: 2024.09.27.<br \/>\nLej\u00e1rati ideje: 2029.12.17.<br \/>\nTev\u00e9kenys\u00e9gi sz\u00e1ma: K-02039UN\/101664\/24<br \/>\nN\u00e9vjegyz\u00e9kben tart\u00e1st igazol\u00f3 okm\u00e1ny sz\u00e1ma: K\u00d6F\u00c1T\/62542-1\/2024\/KGHF<br \/>\nN\u00e9vjegyz\u00e9kbe v\u00e9tel azonos\u00edt\u00f3 sz\u00e1ma: 11 050<\/p>\n\n\t\t<\/div> \n\t<\/div> \n\t\t<\/div> <\/div>\n\t<\/div> <\/div>","protected":false},"excerpt":{"rendered":"<p>EPR d\u00edj A k\u00f6rnyezetv\u00e9delmi term\u00e9kd\u00edjas szab\u00e1lyoz\u00e1s mell\u00e9 a kiterjesztett gy\u00e1rt\u00f3i felel\u0151ss\u00e9gi rendszer (tov\u00e1bbiakban EPR) is bevezet\u00e9sre ker\u00fclt 2023.07.01-t\u0151l. (80\/2023. (III.14.) Korm. Rendelet). Az \u00e1ltalunk gy\u00e1rtott term\u00e9kek eset\u00e9ben a kor\u00e1bbi term\u00e9kd\u00edj k\u00f6telezetts\u00e9g vagy az \u00faj EPR d\u00edjt\u00e9tel fog megjelenni a sz\u00e1ml\u00e1n. Ezt a t\u00e9telt t\u00e1rsas\u00e1gunk transzparens m\u00f3don \u00e9s annak \u00e9rdek\u00e9ben, hogy a t\u00e9nyleges elad\u00e1si \u00e1rak v\u00e1ltoz\u00e1s\u00e1t<br \/><a href=\"https:\/\/pauker.hu\/de\/epr-charge\/\" class=\"more\">Read more<\/a><\/p>","protected":false},"author":1,"featured_media":0,"parent":0,"menu_order":0,"comment_status":"closed","ping_status":"closed","template":"","meta":{"_sitemap_exclude":false,"_sitemap_priority":"","_sitemap_frequency":"","footnotes":""},"class_list":["post-755","page","type-page","status-publish","hentry"],"_links":{"self":[{"href":"https:\/\/pauker.hu\/de\/wp-json\/wp\/v2\/pages\/755","targetHints":{"allow":["GET"]}}],"collection":[{"href":"https:\/\/pauker.hu\/de\/wp-json\/wp\/v2\/pages"}],"about":[{"href":"https:\/\/pauker.hu\/de\/wp-json\/wp\/v2\/types\/page"}],"author":[{"embeddable":true,"href":"https:\/\/pauker.hu\/de\/wp-json\/wp\/v2\/users\/1"}],"replies":[{"embeddable":true,"href":"https:\/\/pauker.hu\/de\/wp-json\/wp\/v2\/comments?post=755"}],"version-history":[{"count":19,"href":"https:\/\/pauker.hu\/de\/wp-json\/wp\/v2\/pages\/755\/revisions"}],"predecessor-version":[{"id":2871,"href":"https:\/\/pauker.hu\/de\/wp-json\/wp\/v2\/pages\/755\/revisions\/2871"}],"wp:attachment":[{"href":"https:\/\/pauker.hu\/de\/wp-json\/wp\/v2\/media?parent=755"}],"curies":[{"name":"wp","href":"https:\/\/api.w.org\/{rel}","templated":true}]}}