{"id":29,"date":"2020-11-03T13:55:45","date_gmt":"2020-11-03T13:55:45","guid":{"rendered":"http:\/\/pauker.hu\/wordpress\/?page_id=29"},"modified":"2020-11-24T20:03:17","modified_gmt":"2020-11-24T20:03:17","slug":"awards","status":"publish","type":"page","link":"https:\/\/pauker.hu\/de\/awards\/","title":{"rendered":"Anerkennungen"},"content":{"rendered":"<div   class=\"vc_row wpb_row vc_row-fluid\">\n\t<div  class=\"vc_span12 wpb_column vc_column_container\"><div class=\"vc_column-inner\">\n\t\t<div class=\"wpb_wrapper\">\n\t\t\t<div class=\"heading_box_sc_ctn\" style=\"margin:0px 0px 50px;\"><div class=\"heading_box_sc\" style=\"border-color:rgba(0,0,0,0.01);\"><h3 style=\"border-color:#2c3e50; color:#2c3e50; background:#ffffff\">Anerkennungen<\/h3><\/div><\/div>\n\t\t<\/div> <\/div>\n\t<\/div> <\/div><div   class=\"vc_row wpb_row vc_row-fluid\">\n\t<div  class=\"vc_span4 wpb_column vc_column_container\"><div class=\"vc_column-inner\">\n\t\t<div class=\"wpb_wrapper\">\n\t\t\t\r\n\t<div  class=\"wpb_single_image wpb_content_element vc_align_center    h-150\">\r\n\t\t<div class=\"wpb_wrapper\">\r\n\t\t\t\r\n\t\t\t<div class=\"vc_single_image-wrapper   vc_box_border_grey\"><img decoding=\"async\" class=\"vc_single_image-img\" src=\"https:\/\/pauker.hu\/wp-content\/uploads\/2020\/11\/superbrands-267x150.jpg\" width=\"267\" height=\"150\" alt=\"BSB_10-11-12-13-14-15-16\" title=\"BSB_10-11-12-13-14-15-16\" \/><\/div>\r\n\t\t<\/div>\r\n\t<\/div>\r\n\n\t<div class=\"wpb_text_column wpb_content_element   ct_6aqx5hvto8l1ya198e2o\" >\n\t\t<div class=\"wpb_wrapper\" >\n\t\t\t<h3><strong>Superbrands<\/strong><\/h3>\n<p>Wir sind stolz darauf, dass die wertvollste Auszeichnung der Ungarischen Marken, der Superbrand seit 2009 jedes Jahr der Pauker Druckerei zuerkannt wird. Das Superbrands Siegel ist eine Auszeichnung f\u00fcr Firmen, die im jeweiligen Marktsegment oder im Markt insgesamt ein sehr gutes Image aufgebaut haben und im Vergleich zu den Mitbewerbern der \u00d6ffentlichkeit konkrete oder zumindest wahrnehmbare Vorteile bieten. Das Siegel hilft, sich gegen\u00fcber den Mitbewerbern hervorragend abzuheben und sichert die M\u00f6glichkeit, aus der zuverl\u00e4ssigen Qualit\u00e4t eine Erfolgsgeschichte zu schmieden. Diese Auszeichnung gilt heute nicht nur f\u00fcr die Marketing- und Kommunikationsbranche als Orientierungspunkt, sie signalisiert vielmehr auch f\u00fcr das breite Publikum den Wert und die Qualit\u00e4t.<\/p>\n\n\t\t<\/div> \n\t<\/div> \n\t\t<\/div> <\/div>\n\t<\/div> \n\t<div  class=\"vc_span4 wpb_column vc_column_container\"><div class=\"vc_column-inner\">\n\t\t<div class=\"wpb_wrapper\">\n\t\t\t\r\n\t<div  class=\"wpb_single_image wpb_content_element vc_align_center    h-150\">\r\n\t\t<div class=\"wpb_wrapper\">\r\n\t\t\t\r\n\t\t\t<div class=\"vc_single_image-wrapper   vc_box_border_grey\"><img fetchpriority=\"high\" decoding=\"async\" class=\"vc_single_image-img\" src=\"https:\/\/pauker.hu\/wp-content\/uploads\/2020\/11\/magyar-brands-349x150.jpg\" width=\"349\" height=\"150\" alt=\"MB_tobbszoros_logo_5x_10_11_12_13_14\" title=\"MB_tobbszoros_logo_5x_10_11_12_13_14\" \/><\/div>\r\n\t\t<\/div>\r\n\t<\/div>\r\n\n\t<div class=\"wpb_text_column wpb_content_element   ct_cf337r3g0f86b27oo7io\" >\n\t\t<div class=\"wpb_wrapper\" >\n\t\t\t<h3><strong>Ungarische Brands<\/strong><\/h3>\n<p>Wir halten es f\u00fcr eine au\u00dferordentliche Anerkennung, dass der Pauker Druckerei seit 2011 jedes Jahr die Auszeichnung \u201eUngarischer Brand\u201c zuerkannt wird. Das Siegel kann von Unternehmen gef\u00fchrt werden, die Ungarn auch im Ausland mit Recht vertreten k\u00f6nnen. Die an die Marke \u201eUngarischer Brand\u201c gekn\u00fcpften Werte vermitteln konkrete Botschaften auf ungarischen bzw. internationalen M\u00e4rkten, durch die die Zuverl\u00e4ssigkeit und Anerkennung der Produkte bei den Gesch\u00e4ftspartnern w\u00e4chst.<\/p>\n\n\t\t<\/div> \n\t<\/div> \n\t\t<\/div> <\/div>\n\t<\/div> \n\t<div  class=\"vc_span4 wpb_column vc_column_container\"><div class=\"vc_column-inner\">\n\t\t<div class=\"wpb_wrapper\">\n\t\t\t\r\n\t<div  class=\"wpb_single_image wpb_content_element vc_align_center    h-150\">\r\n\t\t<div class=\"wpb_wrapper\">\r\n\t\t\t\r\n\t\t\t<div class=\"vc_single_image-wrapper   vc_box_border_grey\"><img decoding=\"async\" class=\"vc_single_image-img\" src=\"https:\/\/pauker.hu\/wp-content\/uploads\/2020\/11\/best-print-scaled-217x150.jpg\" width=\"217\" height=\"150\" alt=\"Untitled-2\" title=\"Untitled-2\" \/><\/div>\r\n\t\t<\/div>\r\n\t<\/div>\r\n\n\t<div class=\"wpb_text_column wpb_content_element   ct_bbfg9e62417jc7pg4zvi\" >\n\t\t<div class=\"wpb_wrapper\" >\n\t\t\t<h3><strong>BestPrint Auszeichnung<\/strong><\/h3>\n<p>Als eine der f\u00fchrenden Druckereien Ungarns halten wir es f\u00fcr unerl\u00e4sslich, dass wir uns ab und zu auch beruflich mit anderen Druckereien messen. Eine der besten Gelegenheiten dazu ist der Wettbewerb BestPrint, der vom Ungarischen Druck- und Papierindustrieverband organisiert wird und die bewerbenden Druckereien in mehreren Kategorien pr\u00e4miert. 2016 haben wir in 2 Kategorien (mehrfarbiges kartoniertes Buch und einfarbiges Hartpappe-Buch) die goldene Stufe bzw. einen von den 3 gro\u00dfen Preisen, die Kategorie Finishing gewonnen.<\/p>\n\n\t\t<\/div> \n\t<\/div> \n\t\t<\/div> <\/div>\n\t<\/div> <\/div>","protected":false},"excerpt":{"rendered":"<p>D\u00edjaink Superbrands-d\u00edj B\u00fcszk\u00e9k vagyunk r\u00e1, hogy 2009 \u00f3ta a Pauker Nyomda minden \u00e9vben elnyeri a magyarorsz\u00e1gi \u00fczleti m\u00e1rk\u00e1k legn\u00edv\u00f3sabb elismer\u00e9s\u00e9t, a Superbrands-d\u00edjat. A Superbrands v\u00e9djegy minden esetben min\u0151s\u00e9gjelz\u0151, tudatoss\u00e1gra nevel\u0151, valamint d\u00f6nt\u00e9smeger\u0151s\u00edt\u0151 kommunik\u00e1ci\u00f3s eszk\u00f6z, seg\u00edt a versenyt\u00e1rsak k\u00f6z\u00fcl kit\u0171nni, \u00e9s lehet\u0151s\u00e9geket ny\u00fajt a megb\u00edzhat\u00f3 min\u0151s\u00e9g sikert\u00f6rt\u00e9nett\u00e9 v\u00e1l\u00e1s\u00e1ban. Ez a d\u00edj m\u00e1ra m\u00e1r nem csak a<br \/><a href=\"https:\/\/pauker.hu\/de\/awards\/\" class=\"more\">Read more<\/a><\/p>","protected":false},"author":1,"featured_media":0,"parent":0,"menu_order":0,"comment_status":"closed","ping_status":"closed","template":"","meta":{"_sitemap_exclude":false,"_sitemap_priority":"","_sitemap_frequency":"","footnotes":""},"class_list":["post-29","page","type-page","status-publish","hentry"],"_links":{"self":[{"href":"https:\/\/pauker.hu\/de\/wp-json\/wp\/v2\/pages\/29","targetHints":{"allow":["GET"]}}],"collection":[{"href":"https:\/\/pauker.hu\/de\/wp-json\/wp\/v2\/pages"}],"about":[{"href":"https:\/\/pauker.hu\/de\/wp-json\/wp\/v2\/types\/page"}],"author":[{"embeddable":true,"href":"https:\/\/pauker.hu\/de\/wp-json\/wp\/v2\/users\/1"}],"replies":[{"embeddable":true,"href":"https:\/\/pauker.hu\/de\/wp-json\/wp\/v2\/comments?post=29"}],"version-history":[{"count":18,"href":"https:\/\/pauker.hu\/de\/wp-json\/wp\/v2\/pages\/29\/revisions"}],"predecessor-version":[{"id":977,"href":"https:\/\/pauker.hu\/de\/wp-json\/wp\/v2\/pages\/29\/revisions\/977"}],"wp:attachment":[{"href":"https:\/\/pauker.hu\/de\/wp-json\/wp\/v2\/media?parent=29"}],"curies":[{"name":"wp","href":"https:\/\/api.w.org\/{rel}","templated":true}]}}