{"id":25,"date":"2020-11-03T13:54:48","date_gmt":"2020-11-03T13:54:48","guid":{"rendered":"http:\/\/pauker.hu\/wordpress\/?page_id=25"},"modified":"2020-11-10T15:39:05","modified_gmt":"2020-11-10T15:39:05","slug":"machines","status":"publish","type":"page","link":"http:\/\/pauker.hu\/en\/machines\/","title":{"rendered":"Our equipment fleet"},"content":{"rendered":"<div   class=\"vc_row wpb_row vc_row-fluid\">\n\t<div  class=\"vc_span12 wpb_column vc_column_container\"><div class=\"vc_column-inner\">\n\t\t<div class=\"wpb_wrapper\">\n\t\t\t<div class=\"heading_box_sc_ctn\" style=\"margin:0px 0px 50px;\"><div class=\"heading_box_sc\" style=\"border-color:rgba(0,0,0,0.01);\"><h3 style=\"border-color:#2c3e50; color:#2c3e50; background:#ffffff\">Our equipment fleet<\/h3><\/div><\/div>\n\t\t<\/div> <\/div>\n\t<\/div> <\/div><div   class=\"vc_row wpb_row vc_row-fluid\">\n\t<div  class=\"vc_span8 wpb_column vc_column_container\"><div class=\"vc_column-inner\">\n\t\t<div class=\"wpb_wrapper\">\n\t\t\t<div class=\"vc_row wpb_row vc_inner vc_row-fluid\"><div  class=\"wpb_column vc_column_container vc_span6\"><div class=\"vc_column-inner\" ><div class=\"wpb_wrapper\">\r\n\t<div  class=\"wpb_single_image wpb_content_element vc_align_left\">\r\n\t\t<div class=\"wpb_wrapper\">\r\n\t\t\t\r\n\t\t\t<div class=\"vc_single_image-wrapper   vc_box_border_grey\"><img decoding=\"async\" width=\"355\" height=\"120\" src=\"https:\/\/pauker.hu\/wp-content\/uploads\/2020\/11\/xl106.jpg\" class=\"vc_single_image-img attachment-full\" alt=\"\" srcset=\"https:\/\/pauker.hu\/wp-content\/uploads\/2020\/11\/xl106.jpg 355w, https:\/\/pauker.hu\/wp-content\/uploads\/2020\/11\/xl106-300x101.jpg 300w, https:\/\/pauker.hu\/wp-content\/uploads\/2020\/11\/xl106-18x6.jpg 18w\" sizes=\"(max-width: 355px) 100vw, 355px\" \/><\/div>\r\n\t\t<\/div>\r\n\t<\/div>\r\n\r\n\t<div  class=\"wpb_single_image wpb_content_element vc_align_left\">\r\n\t\t<div class=\"wpb_wrapper\">\r\n\t\t\t\r\n\t\t\t<div class=\"vc_single_image-wrapper   vc_box_border_grey\"><img decoding=\"async\" width=\"355\" height=\"120\" src=\"https:\/\/pauker.hu\/wp-content\/uploads\/2020\/11\/st350.jpg\" class=\"vc_single_image-img attachment-full\" alt=\"\" srcset=\"https:\/\/pauker.hu\/wp-content\/uploads\/2020\/11\/st350.jpg 355w, https:\/\/pauker.hu\/wp-content\/uploads\/2020\/11\/st350-300x101.jpg 300w, https:\/\/pauker.hu\/wp-content\/uploads\/2020\/11\/st350-18x6.jpg 18w\" sizes=\"(max-width: 355px) 100vw, 355px\" \/><\/div>\r\n\t\t<\/div>\r\n\t<\/div>\r\n\r\n\t<div  class=\"wpb_single_image wpb_content_element vc_align_left\">\r\n\t\t<div class=\"wpb_wrapper\">\r\n\t\t\t\r\n\t\t\t<div class=\"vc_single_image-wrapper   vc_box_border_grey\"><img decoding=\"async\" width=\"355\" height=\"120\" src=\"https:\/\/pauker.hu\/wp-content\/uploads\/2020\/11\/kh82.jpg\" class=\"vc_single_image-img attachment-full\" alt=\"\" srcset=\"https:\/\/pauker.hu\/wp-content\/uploads\/2020\/11\/kh82.jpg 355w, https:\/\/pauker.hu\/wp-content\/uploads\/2020\/11\/kh82-300x101.jpg 300w, https:\/\/pauker.hu\/wp-content\/uploads\/2020\/11\/kh82-18x6.jpg 18w\" sizes=\"(max-width: 355px) 100vw, 355px\" \/><\/div>\r\n\t\t<\/div>\r\n\t<\/div>\r\n\r\n\t<div  class=\"wpb_single_image wpb_content_element vc_align_left\">\r\n\t\t<div class=\"wpb_wrapper\">\r\n\t\t\t\r\n\t\t\t<div class=\"vc_single_image-wrapper   vc_box_border_grey\"><img loading=\"lazy\" decoding=\"async\" width=\"355\" height=\"120\" src=\"https:\/\/pauker.hu\/wp-content\/uploads\/2020\/11\/flexomailer.jpg\" class=\"vc_single_image-img attachment-full\" alt=\"\" srcset=\"https:\/\/pauker.hu\/wp-content\/uploads\/2020\/11\/flexomailer.jpg 355w, https:\/\/pauker.hu\/wp-content\/uploads\/2020\/11\/flexomailer-300x101.jpg 300w, https:\/\/pauker.hu\/wp-content\/uploads\/2020\/11\/flexomailer-18x6.jpg 18w\" sizes=\"(max-width: 355px) 100vw, 355px\" \/><\/div>\r\n\t\t<\/div>\r\n\t<\/div>\r\n\r\n\t<div  class=\"wpb_single_image wpb_content_element vc_align_left\">\r\n\t\t<div class=\"wpb_wrapper\">\r\n\t\t\t\r\n\t\t\t<div class=\"vc_single_image-wrapper   vc_box_border_grey\"><img loading=\"lazy\" decoding=\"async\" width=\"355\" height=\"120\" src=\"https:\/\/pauker.hu\/wp-content\/uploads\/2020\/11\/cd102.jpg\" class=\"vc_single_image-img attachment-full\" alt=\"\" srcset=\"https:\/\/pauker.hu\/wp-content\/uploads\/2020\/11\/cd102.jpg 355w, https:\/\/pauker.hu\/wp-content\/uploads\/2020\/11\/cd102-300x101.jpg 300w, https:\/\/pauker.hu\/wp-content\/uploads\/2020\/11\/cd102-18x6.jpg 18w\" sizes=\"(max-width: 355px) 100vw, 355px\" \/><\/div>\r\n\t\t<\/div>\r\n\t<\/div>\r\n<\/div><\/div><\/div><div  class=\"wpb_column vc_column_container vc_span6\"><div class=\"vc_column-inner\" ><div class=\"wpb_wrapper\">\r\n\t<div  class=\"wpb_single_image wpb_content_element vc_align_left\">\r\n\t\t<div class=\"wpb_wrapper\">\r\n\t\t\t\r\n\t\t\t<div class=\"vc_single_image-wrapper   vc_box_border_grey\"><img loading=\"lazy\" decoding=\"async\" width=\"355\" height=\"120\" src=\"https:\/\/pauker.hu\/wp-content\/uploads\/2020\/11\/st450.jpg\" class=\"vc_single_image-img attachment-full\" alt=\"\" srcset=\"https:\/\/pauker.hu\/wp-content\/uploads\/2020\/11\/st450.jpg 355w, https:\/\/pauker.hu\/wp-content\/uploads\/2020\/11\/st450-300x101.jpg 300w, https:\/\/pauker.hu\/wp-content\/uploads\/2020\/11\/st450-18x6.jpg 18w\" sizes=\"(max-width: 355px) 100vw, 355px\" \/><\/div>\r\n\t\t<\/div>\r\n\t<\/div>\r\n\r\n\t<div  class=\"wpb_single_image wpb_content_element vc_align_left\">\r\n\t\t<div class=\"wpb_wrapper\">\r\n\t\t\t\r\n\t\t\t<div class=\"vc_single_image-wrapper   vc_box_border_grey\"><img loading=\"lazy\" decoding=\"async\" width=\"355\" height=\"120\" src=\"https:\/\/pauker.hu\/wp-content\/uploads\/2020\/11\/sm1022.jpg\" class=\"vc_single_image-img attachment-full\" alt=\"\" srcset=\"https:\/\/pauker.hu\/wp-content\/uploads\/2020\/11\/sm1022.jpg 355w, https:\/\/pauker.hu\/wp-content\/uploads\/2020\/11\/sm1022-300x101.jpg 300w, https:\/\/pauker.hu\/wp-content\/uploads\/2020\/11\/sm1022-18x6.jpg 18w\" sizes=\"(max-width: 355px) 100vw, 355px\" \/><\/div>\r\n\t\t<\/div>\r\n\t<\/div>\r\n\r\n\t<div  class=\"wpb_single_image wpb_content_element vc_align_left\">\r\n\t\t<div class=\"wpb_wrapper\">\r\n\t\t\t\r\n\t\t\t<div class=\"vc_single_image-wrapper   vc_box_border_grey\"><img loading=\"lazy\" decoding=\"async\" width=\"355\" height=\"120\" src=\"https:\/\/pauker.hu\/wp-content\/uploads\/2020\/11\/hdb_sm52_61.jpg\" class=\"vc_single_image-img attachment-full\" alt=\"\" srcset=\"https:\/\/pauker.hu\/wp-content\/uploads\/2020\/11\/hdb_sm52_61.jpg 355w, https:\/\/pauker.hu\/wp-content\/uploads\/2020\/11\/hdb_sm52_61-300x101.jpg 300w, https:\/\/pauker.hu\/wp-content\/uploads\/2020\/11\/hdb_sm52_61-18x6.jpg 18w\" sizes=\"(max-width: 355px) 100vw, 355px\" \/><\/div>\r\n\t\t<\/div>\r\n\t<\/div>\r\n\r\n\t<div  class=\"wpb_single_image wpb_content_element vc_align_left\">\r\n\t\t<div class=\"wpb_wrapper\">\r\n\t\t\t\r\n\t\t\t<div class=\"vc_single_image-wrapper   vc_box_border_grey\"><img loading=\"lazy\" decoding=\"async\" width=\"355\" height=\"120\" src=\"https:\/\/pauker.hu\/wp-content\/uploads\/2020\/11\/duplo.jpg\" class=\"vc_single_image-img attachment-full\" alt=\"\" srcset=\"https:\/\/pauker.hu\/wp-content\/uploads\/2020\/11\/duplo.jpg 355w, https:\/\/pauker.hu\/wp-content\/uploads\/2020\/11\/duplo-300x101.jpg 300w, https:\/\/pauker.hu\/wp-content\/uploads\/2020\/11\/duplo-18x6.jpg 18w\" sizes=\"(max-width: 355px) 100vw, 355px\" \/><\/div>\r\n\t\t<\/div>\r\n\t<\/div>\r\n\r\n\t<div  class=\"wpb_single_image wpb_content_element vc_align_left\">\r\n\t\t<div class=\"wpb_wrapper\">\r\n\t\t\t\r\n\t\t\t<div class=\"vc_single_image-wrapper   vc_box_border_grey\"><img loading=\"lazy\" decoding=\"async\" width=\"355\" height=\"120\" src=\"https:\/\/pauker.hu\/wp-content\/uploads\/2020\/11\/b1folding_2.jpg\" class=\"vc_single_image-img attachment-full\" alt=\"\" srcset=\"https:\/\/pauker.hu\/wp-content\/uploads\/2020\/11\/b1folding_2.jpg 355w, https:\/\/pauker.hu\/wp-content\/uploads\/2020\/11\/b1folding_2-300x101.jpg 300w, https:\/\/pauker.hu\/wp-content\/uploads\/2020\/11\/b1folding_2-18x6.jpg 18w\" sizes=\"(max-width: 355px) 100vw, 355px\" \/><\/div>\r\n\t\t<\/div>\r\n\t<\/div>\r\n<\/div><\/div><\/div><\/div>\n\t\t<\/div> <\/div>\n\t<\/div> \n\t<div  class=\"vc_span4 wpb_column vc_column_container\"><div class=\"vc_column-inner\">\n\t\t<div class=\"wpb_wrapper\">\n\t\t\t\n\t<div class=\"wpb_text_column wpb_content_element   ct_n5r0rwvdfps1rr5ioioo\" >\n\t\t<div class=\"wpb_wrapper\" >\n\t\t\t<p>The most important characteristic of our equipment fleet is the continuous innovation. As a leading printing house we cannot afford to use just any equipment but the most state-of-the-art Heidelberg, Duplo and Horizon equipment.<\/p>\n<p>In the summer of 2016, as a result of a EUR 3,000,000 investment we were able to double our capacity. Today we are able to print 8,000,000 A4 size pages per day, thanks to the Heidelberg Speedmaster XL 106-8-P offset printing machine, the most modern printing machine available in Europe.<\/p>\n<p>Our already highly developed bindingsectionhas been expanded significantly as well, as we have acquired our third Heidelberg Stahlfolder KH-82 folding machine.<\/p>\n<p>We specialize in the one-pass 4+4 color printing, while our main activities are centred around the printing of catalogues, brochures, annual reports, marketing and advertising materials, leaflets, journals, quarterly, monthly and weekly papers, periodicals and books.<\/p>\n<p>&nbsp;<\/p>\n\n\t\t<\/div> \n\t<\/div> \n\t\t<\/div> <\/div>\n\t<\/div> <\/div>","protected":false},"excerpt":{"rendered":"<p>G\u00e9pparkunk G\u00e9pparkunk legfontosabb jellemz\u0151je a folyamatos innov\u00e1ci\u00f3, hiszen \u00e9lvonalbeli nyomdak\u00e9nt nem tehetj\u00fck meg, hogy ne a legkorszer\u0171bb Heidelberg, Duplo \u00e9s Horizon g\u00e9pekkel dolgozzunk. 2016 nyar\u00e1n egy 3 milli\u00f3 eur\u00f3s beruh\u00e1z\u00e1s k\u00f6vetkezm\u00e9nyek\u00e9nt megdupl\u00e1ztuk kapacit\u00e1sunkat: ma m\u00e1r napi 8.000.000 A4-es oldal nyom\u00e1s\u00e1ra vagyunk k\u00e9pesek. Mindez a Heidelberg Speedmaster XL 106-8-P ofszet nyom\u00f3g\u00e9pnek, az Eur\u00f3p\u00e1ban el\u00e9rhet\u0151 legmodernebb nyom\u00f3g\u00e9pnek<br \/><a href=\"http:\/\/pauker.hu\/en\/machines\/\" class=\"more\">Read more<\/a><\/p>","protected":false},"author":1,"featured_media":0,"parent":0,"menu_order":0,"comment_status":"closed","ping_status":"closed","template":"","meta":{"_sitemap_exclude":false,"_sitemap_priority":"","_sitemap_frequency":"","footnotes":""},"class_list":["post-25","page","type-page","status-publish","hentry"],"_links":{"self":[{"href":"http:\/\/pauker.hu\/en\/wp-json\/wp\/v2\/pages\/25","targetHints":{"allow":["GET"]}}],"collection":[{"href":"http:\/\/pauker.hu\/en\/wp-json\/wp\/v2\/pages"}],"about":[{"href":"http:\/\/pauker.hu\/en\/wp-json\/wp\/v2\/types\/page"}],"author":[{"embeddable":true,"href":"http:\/\/pauker.hu\/en\/wp-json\/wp\/v2\/users\/1"}],"replies":[{"embeddable":true,"href":"http:\/\/pauker.hu\/en\/wp-json\/wp\/v2\/comments?post=25"}],"version-history":[{"count":13,"href":"http:\/\/pauker.hu\/en\/wp-json\/wp\/v2\/pages\/25\/revisions"}],"predecessor-version":[{"id":499,"href":"http:\/\/pauker.hu\/en\/wp-json\/wp\/v2\/pages\/25\/revisions\/499"}],"wp:attachment":[{"href":"http:\/\/pauker.hu\/en\/wp-json\/wp\/v2\/media?parent=25"}],"curies":[{"name":"wp","href":"https:\/\/api.w.org\/{rel}","templated":true}]}}