{"id":301,"date":"2020-11-09T14:22:40","date_gmt":"2020-11-09T14:22:40","guid":{"rendered":"http:\/\/pauker.hu\/wordpress\/?page_id=301"},"modified":"2020-11-11T10:38:53","modified_gmt":"2020-11-11T10:38:53","slug":"kfi-2019-00351","status":"publish","type":"page","link":"http:\/\/pauker.hu\/de\/kfi-2019-00351\/","title":{"rendered":"KFI-2019-00351"},"content":{"rendered":"<div   class=\"vc_row wpb_row vc_row-fluid\">\n\t<div  class=\"vc_span12 wpb_column vc_column_container\"><div class=\"vc_column-inner\">\n\t\t<div class=\"wpb_wrapper\">\n\t\t\t<div class=\"heading_box_sc_ctn\" style=\"margin:0px 0px 50px;\"><div class=\"heading_box_sc\" style=\"border-color:rgba(0,0,0,0.01);\"><h3 style=\"border-color:#2c3e50; color:#2c3e50; background:#ffffff\">2019-1.1.1-PIACI-KFI-2019-00351<\/h3><\/div><\/div>\n\t\t<\/div> <\/div>\n\t<\/div> <\/div><div   class=\"vc_row wpb_row vc_row-fluid\">\n\t<div  class=\"vc_span4 wpb_column vc_column_container\"><div class=\"vc_column-inner\">\n\t\t<div class=\"wpb_wrapper\">\n\t\t\t\r\n\t<div  class=\"wpb_single_image wpb_content_element vc_align_left\">\r\n\t\t<div class=\"wpb_wrapper\">\r\n\t\t\t\r\n\t\t\t<div class=\"vc_single_image-wrapper   vc_box_border_grey\"><img fetchpriority=\"high\" decoding=\"async\" width=\"1307\" height=\"590\" src=\"https:\/\/pauker.hu\/wp-content\/uploads\/2020\/11\/kfi.jpg\" class=\"vc_single_image-img attachment-full\" alt=\"\" srcset=\"https:\/\/pauker.hu\/wp-content\/uploads\/2020\/11\/kfi.jpg 1307w, https:\/\/pauker.hu\/wp-content\/uploads\/2020\/11\/kfi-300x135.jpg 300w, https:\/\/pauker.hu\/wp-content\/uploads\/2020\/11\/kfi-1024x462.jpg 1024w, https:\/\/pauker.hu\/wp-content\/uploads\/2020\/11\/kfi-768x347.jpg 768w, https:\/\/pauker.hu\/wp-content\/uploads\/2020\/11\/kfi-18x8.jpg 18w\" sizes=\"(max-width: 1307px) 100vw, 1307px\" \/><\/div>\r\n\t\t<\/div>\r\n\t<\/div>\r\n\n\t\t<\/div> <\/div>\n\t<\/div> \n\t<div  class=\"vc_span8 wpb_column vc_column_container\"><div class=\"vc_column-inner\">\n\t\t<div class=\"wpb_wrapper\">\n\t\t\t\n\t<div class=\"wpb_text_column wpb_content_element   ct_ugp1xm8cem5ygzv9c9nt\" >\n\t\t<div class=\"wpb_wrapper\" >\n\t\t\t<h2>Projekt r\u00e9szletez\u00e9se:<\/h2>\n<p>A projekt azonos\u00edt\u00f3 sz\u00e1ma:\u00a0<b>2019-1.1.1-PIACI-KFI-2019-00351<\/b><br \/>\nKedvezm\u00e9nyezett neve:\u00a0<b>PAUKER HOLDING Nyomdaipari \u00e9s Kereskedelmi Kft.<\/b><br \/>\nProjekt c\u00edme:\u00a0<b>SPE nyomdaipari term\u00e9kek el\u0151\u00e1ll\u00edt\u00e1s\u00e1t lehet\u0151v\u00e9 tev\u0151 gy\u00e1rt\u00e1stechnol\u00f3gia \u00e9s szolg\u00e1ltat\u00e1s kifejleszt\u00e9se RFID \u00e9s elektrokromatikus modulok integr\u00e1l\u00e1s\u00e1val<\/b><br \/>\nSzerz\u0151d\u00f6tt t\u00e1mogat\u00e1s \u00f6sszege:\u00a0<b>370.288.500.- Ft<\/b><br \/>\nT\u00e1mogat\u00e1s m\u00e9rt\u00e9ke:\u00a0<b>58,84%<\/b><br \/>\nA projekt tervezett befejez\u00e9si d\u00e1tuma:\u00a0<b>2021. 12. 31<\/b><\/p>\n<p>&nbsp;<\/p>\n<h2>Projekt le\u00edr\u00e1sa<\/h2>\n<p>A nemzetk\u00f6zi \u00e9s a hazai nyomdaipar egyre ink\u00e1bb nyitott\u00e1 v\u00e1lik az \u00faj nyomtathat\u00f3 elektronik\u00e1kat alkalmaz\u00f3 innovat\u00edv nyomdatechnol\u00f3gi\u00e1k ir\u00e1nt. A telekommunik\u00e1ci\u00f3 ter\u00fclet\u00e9n v\u00e9gbemen\u0151 jelent\u0151s fejleszt\u00e9sek m\u00e1ra lehet\u0151v\u00e9 tett\u00e9k, hogy ultrav\u00e9kony technol\u00f3gi\u00e1k jelenhessenek meg olyan ter\u00fcleteken is, amelyek \u00e1r\u00e9rz\u00e9kenys\u00e9g\u00fck miatt \u00e9s a r\u00e9gebbi chipek nagyobb m\u00e9rete miatta eddig ezt nem tett\u00e9k lehet\u0151v\u00e9. Az RFID \u00e9s az elektrokromatikus nyomtathat\u00f3 \u00e1ramk\u00f6r\u00f6k most \u00e9rtek el arra a szintre, hogy a nyomdaipar sz\u00e1m\u00e1ra val\u00f3di, sz\u00e9les k\u00f6rben alkalmazhat\u00f3 piaci lehet\u0151s\u00e9get jelenthessenek.<\/p>\n<p>K+F projekt\u00fcnk c\u00e9lja egy \u00faj innovat\u00edv SPE (Smart Printable Electronic) nyomdai gy\u00e1rt\u00e1stechnol\u00f3gia \u00e9s egy szolg\u00e1ltat\u00e1s kialak\u00edt\u00e1sa, amellyel az RFID tag-eket \u00e9s az elektrokromatikus elemeket sz\u00e9lesk\u00f6r\u0171en, egys\u00e9gesen lehet nyomdai \u00e9s k\u00f6t\u00e9szeti eszk\u00f6z\u00f6kkel k\u00f6nyvek, magazinok, prospektusok gerinc\u00e9be integr\u00e1lni, bor\u00edt\u00f3kon elhelyezni. A kialak\u00edtand\u00f3 technol\u00f3gia k\u00e9t j\u00f3l elhat\u00e1rolhat\u00f3 ter\u00fcletb\u0151l \u00e1ll:<br \/>\n(1) Az Ultrav\u00e9kony RFID chipek automatiz\u00e1lt k\u00f6t\u00e9szeti elj\u00e1r\u00e1ssal t\u00f6rt\u00e9n\u0151 k\u00f6nyvgerincbe integr\u00e1l\u00e1s\u00e1s\u00e1nak gy\u00e1rt\u00e1stechnol\u00f3gi\u00e1ja \u00e9s a technol\u00f3gi\u00e1t biztos\u00edt\u00f3 b\u0151v\u00edt\u0151 berendez\u00e9s kifejleszt\u00e9se.<\/p>\n<p>(2) A nyomdai technol\u00f3gi\u00e1val gy\u00e1rthat\u00f3 elektrokromatikus fel\u00fcletek, okos biztons\u00e1gi z\u00e1rjegyek gy\u00e1rt\u00e1stechnol\u00f3gi\u00e1j\u00e1nak el\u0151\u00e1ll\u00edt\u00e1sa.<\/p>\n<p>Az RFID tag-ek automatiz\u00e1lt nyomdaipari alkalmaz\u00e1s\u00e1t els\u0151sorban a k\u00f6nyvterjeszt\u0151k \u00e9s a nemzetk\u00f6zi kiad\u00f3k ig\u00e9nylik. Jelenleg a piaci szerepl\u0151k a legt\u00f6bb esetben k\u00e9zi \u00faton ragasztj\u00e1k fel az RFID azonos\u00edt\u00f3kat a k\u00f6nyvekre, ez\u00e9rt \u00e9l\u0151munka \u00e1r\u00e1n tudnak csak lelt\u00e1rozni \u00e9s a val\u00f3s rakt\u00e1rk\u00e9szletekr\u0151l inform\u00e1ci\u00f3kat szerezni. A vonalk\u00f3dos azonos\u00edt\u00f3k haszn\u00e1lat\u00e1val szemben az RFID azonos\u00edt\u00f3k haszn\u00e1lat\u00e1hoz nem sz\u00fcks\u00e9ges a k\u00f6nyveket \u00e1tmozgatni, egyes\u00e9vel leolvasni. Az automatikus rakt\u00e1ri regisztr\u00e1ci\u00f3hoz el\u00e9g, hogy a raklapon l\u00e9v\u0151 k\u00f6nyveket \u00e1ttolj\u00e1k egy RFID kapun, \u00e9s az olvas\u00f3val \u00f6sszek\u00f6t\u00f6tt rendszer egyb\u0151l \u00e9rz\u00e9keli a teljes csomag t\u00e9teles \u00f6sszet\u00e9tel\u00e9t. Erre vonatkoz\u00f3 automatiz\u00e1lt technol\u00f3gi\u00e1r\u00f3l sem hazai, sem nemzetk\u00f6zi szinten nem tudunk, a gy\u00e1rt\u00e1s sor\u00e1n szabv\u00e1nyosan be\u00e9p\u00edtett RFID azonos\u00edt\u00f3k haszn\u00e1lata \u00edgy nagy el\u0151nyt jelentene a k\u00f6nyvterjeszt\u0151k \u00e9s kiad\u00f3k sz\u00e1m\u00e1ra.<\/p>\n<p>K+F projekt\u00fcnk egy olyan gy\u00e1rt\u00e1stechnol\u00f3gia kidolgoz\u00e1s\u00e1t t\u0171zte ki c\u00e9lul, amely seg\u00edts\u00e9g\u00e9vel a legt\u00f6bb k\u00f6nyvbe, albumba, magazinba \u00e9s prospektusba automatikusan, szabv\u00e1nyosan ker\u00fclne be\u00e9p\u00edt\u00e9sre az RFID azonos\u00edt\u00f3, ami sz\u00fcks\u00e9gtelenn\u00e9 tenn\u00e9 a k\u00e9s\u0151bbi k\u00f6lts\u00e9ges k\u00e9zi beragaszt\u00e1si folyamatot.<\/p>\n<p>A nyomdai technol\u00f3gi\u00e1val gy\u00e1rthat\u00f3 elektrokromatikus fel\u00fcletek, okos biztons\u00e1gi z\u00e1rjegyek egy m\u00e1sik piaci ig\u00e9nyre adnak megold\u00e1st. E ter\u00fcleteken speci\u00e1lis biztons\u00e1gi nyomdai term\u00e9kek, p\u00e9ld\u00e1ul h\u0171t\u00f6tt term\u00e9kek folyamatos h\u0171t\u00e9s\u00e9nek igazol\u00e1s\u00e1ra szolg\u00e1l\u00f3 biztons\u00e1gi matric\u00e1k, valamint pr\u00e9mium prospektus term\u00e9kek gy\u00e1rt\u00e1s\u00e1t teszik lehet\u0151v\u00e9.<\/p>\n<p>Az elektrokromatikus \u00e9s m\u00e1s nyomtathat\u00f3 elektronik\u00e1val kapcsolatos gy\u00e1rt\u00e1stechnol\u00f3gia piac\u00e1t f\u0151leg a csomagol\u00e1stechnikai felhaszn\u00e1l\u00e1s miatt iparv\u00e1llalatok, ezen bel\u00fcl g\u00e9pgy\u00e1rt\u00f3k, \u00e9lelmiszergy\u00e1rt\u00f3k \u00e9s nagykereskedelmi szerepl\u0151k jelentik.<\/p>\n<p>A kialak\u00edtand\u00f3 gy\u00e1rt\u00e1stechnol\u00f3gia sor\u00e1n az \u00faj elektrokromatikus fel\u00fcletek el\u0151\u00e1ll\u00edt\u00e1s\u00e1hoz k\u00e9t szubsztr\u00e1t fel\u00fclet k\u00f6z\u00f6tt elhelyezet elektrolit \u00e9s elektrokromatikus fest\u00e9kr\u00e9teg felvitel\u00e9t tervezz\u00fck. Az \u00edgy kialak\u00edtott nyomdai fel\u00fcleten l\u00e9v\u0151 \u00e1br\u00e1k, piktogramok megjelen\u00e9se szab\u00e1lyozhat\u00f3. Az elektrokromatikus fel\u00fclet aktiv\u00e1l\u00e1sa t\u00f6rt\u00e9nhet ism\u00e9telhet\u0151, vagy csak egyszer aktiv\u00e1lhat\u00f3 m\u00f3d\u00f3n. Az egyszer aktiv\u00e1lhat\u00f3 v\u00e1ltozatot c\u00e9lszer\u0171 alkalmazni p\u00e9ld\u00e1ul olyan alkalmaz\u00e1sokn\u00e1l, ahol fontos tudni, hogy a term\u00e9k nem volt v\u00e9gig megfelel\u0151en h\u0171tve.<\/p>\n<p>Projekt\u00fcnk c\u00e9lkit\u0171z\u00e9se, hogy az RFID eszk\u00f6z\u00f6k \u00e9s elektrokromatikus anyagok ter\u00fclet\u00e9n jelenl\u00e9v\u0151 leg\u00fajabb technol\u00f3gi\u00e1kat \u00fajszer\u0171en alkalmazva, \u00faj nyomdaipari gy\u00e1rt\u00e1stechnol\u00f3gi\u00e1t \u00e9s szolg\u00e1ltat\u00e1st hozzunk l\u00e9tre.<\/p>\n\n\t\t<\/div> \n\t<\/div> \n\t\t<\/div> <\/div>\n\t<\/div> <\/div>","protected":false},"excerpt":{"rendered":"<p>2019-1.1.1-PIACI-KFI-2019-00351 Projekt r\u00e9szletez\u00e9se: A projekt azonos\u00edt\u00f3 sz\u00e1ma:\u00a02019-1.1.1-PIACI-KFI-2019-00351 Kedvezm\u00e9nyezett neve:\u00a0PAUKER HOLDING Nyomdaipari \u00e9s Kereskedelmi Kft. Projekt c\u00edme:\u00a0SPE nyomdaipari term\u00e9kek el\u0151\u00e1ll\u00edt\u00e1s\u00e1t lehet\u0151v\u00e9 tev\u0151 gy\u00e1rt\u00e1stechnol\u00f3gia \u00e9s szolg\u00e1ltat\u00e1s kifejleszt\u00e9se RFID \u00e9s elektrokromatikus modulok integr\u00e1l\u00e1s\u00e1val Szerz\u0151d\u00f6tt t\u00e1mogat\u00e1s \u00f6sszege:\u00a0370.288.500.- Ft T\u00e1mogat\u00e1s m\u00e9rt\u00e9ke:\u00a058,84% A projekt tervezett befejez\u00e9si d\u00e1tuma:\u00a02021. 12. 31 &nbsp; Projekt le\u00edr\u00e1sa A nemzetk\u00f6zi \u00e9s a hazai nyomdaipar egyre ink\u00e1bb nyitott\u00e1<br \/><a href=\"http:\/\/pauker.hu\/de\/kfi-2019-00351\/\" class=\"more\">Read more<\/a><\/p>","protected":false},"author":1,"featured_media":0,"parent":0,"menu_order":0,"comment_status":"closed","ping_status":"closed","template":"","meta":{"_sitemap_exclude":false,"_sitemap_priority":"","_sitemap_frequency":"","footnotes":""},"class_list":["post-301","page","type-page","status-publish","hentry"],"_links":{"self":[{"href":"http:\/\/pauker.hu\/de\/wp-json\/wp\/v2\/pages\/301","targetHints":{"allow":["GET"]}}],"collection":[{"href":"http:\/\/pauker.hu\/de\/wp-json\/wp\/v2\/pages"}],"about":[{"href":"http:\/\/pauker.hu\/de\/wp-json\/wp\/v2\/types\/page"}],"author":[{"embeddable":true,"href":"http:\/\/pauker.hu\/de\/wp-json\/wp\/v2\/users\/1"}],"replies":[{"embeddable":true,"href":"http:\/\/pauker.hu\/de\/wp-json\/wp\/v2\/comments?post=301"}],"version-history":[{"count":5,"href":"http:\/\/pauker.hu\/de\/wp-json\/wp\/v2\/pages\/301\/revisions"}],"predecessor-version":[{"id":805,"href":"http:\/\/pauker.hu\/de\/wp-json\/wp\/v2\/pages\/301\/revisions\/805"}],"wp:attachment":[{"href":"http:\/\/pauker.hu\/de\/wp-json\/wp\/v2\/media?parent=301"}],"curies":[{"name":"wp","href":"https:\/\/api.w.org\/{rel}","templated":true}]}}